{"id":4808,"date":"2025-09-16T16:09:29","date_gmt":"2025-09-16T16:09:29","guid":{"rendered":"https:\/\/inspectone.pt\/budget\/"},"modified":"2025-12-09T10:53:21","modified_gmt":"2025-12-09T10:53:21","slug":"budget","status":"publish","type":"page","link":"https:\/\/inspectone.pt\/de\/budget\/","title":{"rendered":"Budget"},"content":{"rendered":"\t\t<div data-elementor-type=\"wp-page\" data-elementor-id=\"4808\" class=\"elementor elementor-4808 elementor-3536\" data-elementor-post-type=\"page\">\n\t\t\t\t<div class=\"elementor-element elementor-element-c039693 e-flex e-con-boxed e-con e-parent\" data-id=\"c039693\" data-element_type=\"container\" data-e-type=\"container\">\n\t\t\t\t\t<div class=\"e-con-inner\">\n\t\t\t\t<div class=\"elementor-element elementor-element-6ce5977 elementor-widget elementor-widget-heading\" data-id=\"6ce5977\" data-element_type=\"widget\" data-e-type=\"widget\" data-widget_type=\"heading.default\">\n\t\t\t\t\t<h1 class=\"elementor-heading-title elementor-size-default\">Budget<\/h1>\t\t\t\t<\/div>\n\t\t\t\t<div class=\"elementor-element elementor-element-8895ffe elementor-widget elementor-widget-text-editor\" data-id=\"8895ffe\" data-element_type=\"widget\" data-e-type=\"widget\" data-widget_type=\"text-editor.default\">\n\t\t\t\t\t\t\t\t\t<p>Wir von InspectOne glauben, dass Sicherheit und Vertrauen beim Kauf oder Verkauf einer Immobilie unbezahlbar sind &#8211; aber sie sind wertvoll. Wir arbeiten mit fairen Preisen, die mit der Zeit, der Technologie und dem <em>Know-how<\/em> vereinbar sind, die f\u00fcr eine professionelle und unabh\u00e4ngige technische Inspektion erforderlich sind.   <\/p>\t\t\t\t\t\t\t\t<\/div>\n\t\t\t\t<div class=\"elementor-element elementor-element-84787ce elementor-widget-divider--view-line elementor-widget elementor-widget-divider\" data-id=\"84787ce\" data-element_type=\"widget\" data-e-type=\"widget\" data-widget_type=\"divider.default\">\n\t\t\t\t\t\t\t<div class=\"elementor-divider\">\n\t\t\t<span class=\"elementor-divider-separator\">\n\t\t\t\t\t\t<\/span>\n\t\t<\/div>\n\t\t\t\t\t\t<\/div>\n\t\t\t\t\t<\/div>\n\t\t\t\t<\/div>\n\t\t<div class=\"elementor-element elementor-element-89e8705 e-flex e-con-boxed e-con e-child\" data-id=\"89e8705\" data-element_type=\"container\" data-e-type=\"container\">\n\t\t\t\t\t<div class=\"e-con-inner\">\n\t\t\t\t<div class=\"elementor-element elementor-element-6eeb7aa elementor-widget elementor-widget-heading\" data-id=\"6eeb7aa\" data-element_type=\"widget\" data-e-type=\"widget\" data-widget_type=\"heading.default\">\n\t\t\t\t\t<h2 class=\"elementor-heading-title elementor-size-default\">Fordern Sie jetzt Ihr Angebot an<\/h2>\t\t\t\t<\/div>\n\t\t\t\t<div class=\"elementor-element elementor-element-1b0105b elementor-widget elementor-widget-text-editor\" data-id=\"1b0105b\" data-element_type=\"widget\" data-e-type=\"widget\" data-widget_type=\"text-editor.default\">\n\t\t\t\t\t\t\t\t\t<p>Jede Immobilie ist einzigartig &#8211; deshalb ist das Angebot individuell und unverbindlich. F\u00fcllen Sie einfach das Formular aus oder kontaktieren Sie uns direkt:<\/p>\t\t\t\t\t\t\t\t<\/div>\n\t\t\t\t<div class=\"elementor-element elementor-element-3ba5a7d elementor-button-align-center elementor-widget-mobile__width-initial elementor-widget elementor-widget-form\" data-id=\"3ba5a7d\" data-element_type=\"widget\" data-e-type=\"widget\" data-settings=\"{&quot;step_next_label&quot;:&quot;N\\u00e4chste&quot;,&quot;step_previous_label&quot;:&quot;Vorherige&quot;,&quot;step_type&quot;:&quot;none&quot;,&quot;step_icon_shape&quot;:&quot;none&quot;,&quot;button_width&quot;:&quot;100&quot;}\" data-widget_type=\"form.default\">\n\t\t\t\t\t\t\t<form class=\"elementor-form\" method=\"post\" name=\"Formular\" aria-label=\"Formular\">\n\t\t\t<input type=\"hidden\" name=\"post_id\" value=\"4808\"\/>\n\t\t\t<input type=\"hidden\" name=\"form_id\" value=\"3ba5a7d\"\/>\n\t\t\t<input type=\"hidden\" name=\"referer_title\" value=\"Angebot: Inspektionen von H\u00e4usern, Wohnungen - InspectOne\" \/>\n\n\t\t\t\t\t\t\t<input type=\"hidden\" name=\"queried_id\" value=\"4808\"\/>\n\t\t\t\n\t\t\t<div class=\"elementor-form-fields-wrapper elementor-labels-above\">\n\t\t\t\t\t\t\t\t<div class=\"elementor-field-type-text elementor-field-group elementor-column elementor-field-group-name elementor-col-50 elementor-field-required elementor-mark-required\">\n\t\t\t\t\t\t\t\t\t\t\t\t<label for=\"form-field-name\" class=\"elementor-field-label\">\n\t\t\t\t\t\t\t\tName und Nachname\t\t\t\t\t\t\t<\/label>\n\t\t\t\t\t\t\t\t\t\t\t\t\t\t<input size=\"1\" type=\"text\" name=\"form_fields[name]\" id=\"form-field-name\" class=\"elementor-field elementor-size-md  elementor-field-textual\" placeholder=\"Name und Nachname\" required=\"required\">\n\t\t\t\t\t\t\t\t\t\t\t<\/div>\n\t\t\t\t\t\t\t\t<div class=\"elementor-field-type-text elementor-field-group elementor-column elementor-field-group-email elementor-col-50\">\n\t\t\t\t\t\t\t\t\t\t\t\t<label for=\"form-field-email\" class=\"elementor-field-label\">\n\t\t\t\t\t\t\t\tUnternehmen\t\t\t\t\t\t\t<\/label>\n\t\t\t\t\t\t\t\t\t\t\t\t\t\t<input size=\"1\" type=\"text\" name=\"form_fields[email]\" id=\"form-field-email\" class=\"elementor-field elementor-size-md  elementor-field-textual\" placeholder=\"Unternehmen\">\n\t\t\t\t\t\t\t\t\t\t\t<\/div>\n\t\t\t\t\t\t\t\t<div class=\"elementor-field-type-email elementor-field-group elementor-column elementor-field-group-field_ad87350 elementor-col-50 elementor-field-required elementor-mark-required\">\n\t\t\t\t\t\t\t\t\t\t\t\t<label for=\"form-field-field_ad87350\" class=\"elementor-field-label\">\n\t\t\t\t\t\t\t\tE-Mail\t\t\t\t\t\t\t<\/label>\n\t\t\t\t\t\t\t\t\t\t\t\t\t\t<input size=\"1\" type=\"email\" name=\"form_fields[field_ad87350]\" id=\"form-field-field_ad87350\" class=\"elementor-field elementor-size-md  elementor-field-textual\" placeholder=\"E-Mail\" required=\"required\">\n\t\t\t\t\t\t\t\t\t\t\t<\/div>\n\t\t\t\t\t\t\t\t<div class=\"elementor-field-type-text elementor-field-group elementor-column elementor-field-group-field_2766a22 elementor-col-50\">\n\t\t\t\t\t\t\t\t\t\t\t\t<label for=\"form-field-field_2766a22\" class=\"elementor-field-label\">\n\t\t\t\t\t\t\t\tTelefon\t\t\t\t\t\t\t<\/label>\n\t\t\t\t\t\t\t\t\t\t\t\t\t\t<input size=\"1\" type=\"text\" name=\"form_fields[field_2766a22]\" id=\"form-field-field_2766a22\" class=\"elementor-field elementor-size-md  elementor-field-textual\" placeholder=\"Telefon\">\n\t\t\t\t\t\t\t\t\t\t\t<\/div>\n\t\t\t\t\t\t\t\t<div class=\"elementor-field-type-text elementor-field-group elementor-column elementor-field-group-field_5d98154 elementor-col-33 elementor-field-required elementor-mark-required\">\n\t\t\t\t\t\t\t\t\t\t\t\t<label for=\"form-field-field_5d98154\" class=\"elementor-field-label\">\n\t\t\t\t\t\t\t\tLand\t\t\t\t\t\t\t<\/label>\n\t\t\t\t\t\t\t\t\t\t\t\t\t\t<input size=\"1\" type=\"text\" name=\"form_fields[field_5d98154]\" id=\"form-field-field_5d98154\" class=\"elementor-field elementor-size-md  elementor-field-textual\" placeholder=\"Land\" required=\"required\">\n\t\t\t\t\t\t\t\t\t\t\t<\/div>\n\t\t\t\t\t\t\t\t<div class=\"elementor-field-type-text elementor-field-group elementor-column elementor-field-group-field_c48ad6c elementor-col-33 elementor-field-required elementor-mark-required\">\n\t\t\t\t\t\t\t\t\t\t\t\t<label for=\"form-field-field_c48ad6c\" class=\"elementor-field-label\">\n\t\t\t\t\t\t\t\tBezirk\t\t\t\t\t\t\t<\/label>\n\t\t\t\t\t\t\t\t\t\t\t\t\t\t<input size=\"1\" type=\"text\" name=\"form_fields[field_c48ad6c]\" id=\"form-field-field_c48ad6c\" class=\"elementor-field elementor-size-md  elementor-field-textual\" placeholder=\"Bezirk\" required=\"required\">\n\t\t\t\t\t\t\t\t\t\t\t<\/div>\n\t\t\t\t\t\t\t\t<div class=\"elementor-field-type-text elementor-field-group elementor-column elementor-field-group-field_951e76b elementor-col-33 elementor-field-required elementor-mark-required\">\n\t\t\t\t\t\t\t\t\t\t\t\t<label for=\"form-field-field_951e76b\" class=\"elementor-field-label\">\n\t\t\t\t\t\t\t\tLandkreis\t\t\t\t\t\t\t<\/label>\n\t\t\t\t\t\t\t\t\t\t\t\t\t\t<input size=\"1\" type=\"text\" name=\"form_fields[field_951e76b]\" id=\"form-field-field_951e76b\" class=\"elementor-field elementor-size-md  elementor-field-textual\" placeholder=\"Landkreis\" required=\"required\">\n\t\t\t\t\t\t\t\t\t\t\t<\/div>\n\t\t\t\t\t\t\t\t<div class=\"elementor-field-type-text elementor-field-group elementor-column elementor-field-group-field_7fe6ccc elementor-col-50\">\n\t\t\t\t\t\t\t\t\t\t\t\t<label for=\"form-field-field_7fe6ccc\" class=\"elementor-field-label\">\n\t\t\t\t\t\t\t\tVollst\u00e4ndige Adresse\t\t\t\t\t\t\t<\/label>\n\t\t\t\t\t\t\t\t\t\t\t\t\t\t<input size=\"1\" type=\"text\" name=\"form_fields[field_7fe6ccc]\" id=\"form-field-field_7fe6ccc\" class=\"elementor-field elementor-size-md  elementor-field-textual\" placeholder=\"Vollst\u00e4ndige Adresse\">\n\t\t\t\t\t\t\t\t\t\t\t<\/div>\n\t\t\t\t\t\t\t\t<div class=\"elementor-field-type-text elementor-field-group elementor-column elementor-field-group-field_b59b718 elementor-col-50\">\n\t\t\t\t\t\t\t\t\t\t\t\t<label for=\"form-field-field_b59b718\" class=\"elementor-field-label\">\n\t\t\t\t\t\t\t\tPostleitzahl\t\t\t\t\t\t\t<\/label>\n\t\t\t\t\t\t\t\t\t\t\t\t\t\t<input size=\"1\" type=\"text\" name=\"form_fields[field_b59b718]\" id=\"form-field-field_b59b718\" class=\"elementor-field elementor-size-md  elementor-field-textual\" placeholder=\"Postleitzahl\">\n\t\t\t\t\t\t\t\t\t\t\t<\/div>\n\t\t\t\t\t\t\t\t<div class=\"elementor-field-type-select elementor-field-group elementor-column elementor-field-group-field_9d40a6c elementor-col-50 elementor-field-required elementor-mark-required\">\n\t\t\t\t\t\t\t\t\t\t\t\t<label for=\"form-field-field_9d40a6c\" class=\"elementor-field-label\">\n\t\t\t\t\t\t\t\tArt der Immobilie\t\t\t\t\t\t\t<\/label>\n\t\t\t\t\t\t\t\t<div class=\"elementor-field elementor-select-wrapper remove-before \">\n\t\t\t<div class=\"select-caret-down-wrapper\">\n\t\t\t\t<svg aria-hidden=\"true\" class=\"e-font-icon-svg e-eicon-caret-down\" viewBox=\"0 0 571.4 571.4\" xmlns=\"http:\/\/www.w3.org\/2000\/svg\"><path d=\"M571 393Q571 407 561 418L311 668Q300 679 286 679T261 668L11 418Q0 407 0 393T11 368 36 357H536Q550 357 561 368T571 393Z\"><\/path><\/svg>\t\t\t<\/div>\n\t\t\t<select name=\"form_fields[field_9d40a6c]\" id=\"form-field-field_9d40a6c\" class=\"elementor-field-textual elementor-size-md\" required=\"required\">\n\t\t\t\t\t\t\t\t\t<option value=\"Sonstiges\">Sonstiges<\/option>\n\t\t\t\t\t\t\t\t\t<option value=\"Wohnen\">Wohnen<\/option>\n\t\t\t\t\t\t\t\t\t<option value=\"Parken\">Parken<\/option>\n\t\t\t\t\t\t\t\t\t<option value=\"Verwaltung\">Verwaltung<\/option>\n\t\t\t\t\t\t\t\t\t<option value=\"Schule\">Schule<\/option>\n\t\t\t\t\t\t\t\t\t<option value=\"Krankenhaus\">Krankenhaus<\/option>\n\t\t\t\t\t\t\t\t\t<option value=\"Unterhaltung\">Unterhaltung<\/option>\n\t\t\t\t\t\t\t\t\t<option value=\"Hotels und Restaurants\">Hotels und Restaurants<\/option>\n\t\t\t\t\t\t\t\t\t<option value=\"Gewerbe\">Gewerbe<\/option>\n\t\t\t\t\t\t\t\t\t<option value=\"Sport und Freizeit\">Sport und Freizeit<\/option>\n\t\t\t\t\t\t\t\t\t<option value=\"Industrie\">Industrie<\/option>\n\t\t\t\t\t\t\t\t\t<option value=\"Tourismus\">Tourismus<\/option>\n\t\t\t\t\t\t\t\t\t<option value=\"Landwirtschaft\">Landwirtschaft<\/option>\n\t\t\t\t\t\t\t<\/select>\n\t\t<\/div>\n\t\t\t\t\t\t<\/div>\n\t\t\t\t\t\t\t\t<div class=\"elementor-field-type-text elementor-field-group elementor-column elementor-field-group-field_a4733c2 elementor-col-50 elementor-field-required elementor-mark-required\">\n\t\t\t\t\t\t\t\t\t\t\t\t<label for=\"form-field-field_a4733c2\" class=\"elementor-field-label\">\n\t\t\t\t\t\t\t\tBaujahr\t\t\t\t\t\t\t<\/label>\n\t\t\t\t\t\t\t\t\t\t\t\t\t\t<input size=\"1\" type=\"text\" name=\"form_fields[field_a4733c2]\" id=\"form-field-field_a4733c2\" class=\"elementor-field elementor-size-md  elementor-field-textual\" required=\"required\">\n\t\t\t\t\t\t\t\t\t\t\t<\/div>\n\t\t\t\t\t\t\t\t<div class=\"elementor-field-type-number elementor-field-group elementor-column elementor-field-group-field_0d0978c elementor-col-33 elementor-field-required elementor-mark-required\">\n\t\t\t\t\t\t\t\t\t\t\t\t<label for=\"form-field-field_0d0978c\" class=\"elementor-field-label\">\n\t\t\t\t\t\t\t\tAnzahl der K\u00fcchen\t\t\t\t\t\t\t<\/label>\n\t\t\t\t\t\t\t\t\t<input type=\"number\" name=\"form_fields[field_0d0978c]\" id=\"form-field-field_0d0978c\" class=\"elementor-field elementor-size-md  elementor-field-textual\" required=\"required\" min=\"0\" max=\"\" >\n\t\t\t\t\t\t<\/div>\n\t\t\t\t\t\t\t\t<div class=\"elementor-field-type-number elementor-field-group elementor-column elementor-field-group-field_174df8e elementor-col-33 elementor-field-required elementor-mark-required\">\n\t\t\t\t\t\t\t\t\t\t\t\t<label for=\"form-field-field_174df8e\" class=\"elementor-field-label\">\n\t\t\t\t\t\t\t\tAnzahl der B\u00e4der\t\t\t\t\t\t\t<\/label>\n\t\t\t\t\t\t\t\t\t<input type=\"number\" name=\"form_fields[field_174df8e]\" id=\"form-field-field_174df8e\" class=\"elementor-field elementor-size-md  elementor-field-textual\" required=\"required\" min=\"0\" max=\"\" >\n\t\t\t\t\t\t<\/div>\n\t\t\t\t\t\t\t\t<div class=\"elementor-field-type-number elementor-field-group elementor-column elementor-field-group-field_b665e6e elementor-col-33 elementor-field-required elementor-mark-required\">\n\t\t\t\t\t\t\t\t\t\t\t\t<label for=\"form-field-field_b665e6e\" class=\"elementor-field-label\">\n\t\t\t\t\t\t\t\tUngef\u00e4hre Baufl\u00e4che (m2)\t\t\t\t\t\t\t<\/label>\n\t\t\t\t\t\t\t\t\t<input type=\"number\" name=\"form_fields[field_b665e6e]\" id=\"form-field-field_b665e6e\" class=\"elementor-field elementor-size-md  elementor-field-textual\" required=\"required\" min=\"0\" max=\"\" >\n\t\t\t\t\t\t<\/div>\n\t\t\t\t\t\t\t\t<div class=\"elementor-field-type-number elementor-field-group elementor-column elementor-field-group-field_83a5275 elementor-col-33 elementor-field-required elementor-mark-required\">\n\t\t\t\t\t\t\t\t\t\t\t\t<label for=\"form-field-field_83a5275\" class=\"elementor-field-label\">\n\t\t\t\t\t\t\t\tLandfl\u00e4che insgesamt (m2)\t\t\t\t\t\t\t<\/label>\n\t\t\t\t\t\t\t\t\t<input type=\"number\" name=\"form_fields[field_83a5275]\" id=\"form-field-field_83a5275\" class=\"elementor-field elementor-size-md  elementor-field-textual\" required=\"required\" min=\"0\" max=\"\" >\n\t\t\t\t\t\t<\/div>\n\t\t\t\t\t\t\t\t<div class=\"elementor-field-type-select elementor-field-group elementor-column elementor-field-group-field_246dd19 elementor-col-33 elementor-field-required elementor-mark-required\">\n\t\t\t\t\t\t\t\t\t\t\t\t<label for=\"form-field-field_246dd19\" class=\"elementor-field-label\">\n\t\t\t\t\t\t\t\tGibt es ein Schwimmbad?\t\t\t\t\t\t\t<\/label>\n\t\t\t\t\t\t\t\t<div class=\"elementor-field elementor-select-wrapper remove-before \">\n\t\t\t<div class=\"select-caret-down-wrapper\">\n\t\t\t\t<svg aria-hidden=\"true\" class=\"e-font-icon-svg e-eicon-caret-down\" viewBox=\"0 0 571.4 571.4\" xmlns=\"http:\/\/www.w3.org\/2000\/svg\"><path d=\"M571 393Q571 407 561 418L311 668Q300 679 286 679T261 668L11 418Q0 407 0 393T11 368 36 357H536Q550 357 561 368T571 393Z\"><\/path><\/svg>\t\t\t<\/div>\n\t\t\t<select name=\"form_fields[field_246dd19]\" id=\"form-field-field_246dd19\" class=\"elementor-field-textual elementor-size-md\" required=\"required\">\n\t\t\t\t\t\t\t\t\t<option value=\"Ja\">Ja<\/option>\n\t\t\t\t\t\t\t\t\t<option value=\"Nein\">Nein<\/option>\n\t\t\t\t\t\t\t<\/select>\n\t\t<\/div>\n\t\t\t\t\t\t<\/div>\n\t\t\t\t\t\t\t\t<div class=\"elementor-field-type-select elementor-field-group elementor-column elementor-field-group-field_b3eb4af elementor-col-33 elementor-field-required elementor-mark-required\">\n\t\t\t\t\t\t\t\t\t\t\t\t<label for=\"form-field-field_b3eb4af\" class=\"elementor-field-label\">\n\t\t\t\t\t\t\t\tGibt es Fotovoltaikanlagen?\t\t\t\t\t\t\t<\/label>\n\t\t\t\t\t\t\t\t<div class=\"elementor-field elementor-select-wrapper remove-before \">\n\t\t\t<div class=\"select-caret-down-wrapper\">\n\t\t\t\t<svg aria-hidden=\"true\" class=\"e-font-icon-svg e-eicon-caret-down\" viewBox=\"0 0 571.4 571.4\" xmlns=\"http:\/\/www.w3.org\/2000\/svg\"><path d=\"M571 393Q571 407 561 418L311 668Q300 679 286 679T261 668L11 418Q0 407 0 393T11 368 36 357H536Q550 357 561 368T571 393Z\"><\/path><\/svg>\t\t\t<\/div>\n\t\t\t<select name=\"form_fields[field_b3eb4af]\" id=\"form-field-field_b3eb4af\" class=\"elementor-field-textual elementor-size-md\" required=\"required\">\n\t\t\t\t\t\t\t\t\t<option value=\"Ja\">Ja<\/option>\n\t\t\t\t\t\t\t\t\t<option value=\"Nein\">Nein<\/option>\n\t\t\t\t\t\t\t<\/select>\n\t\t<\/div>\n\t\t\t\t\t\t<\/div>\n\t\t\t\t\t\t\t\t<div class=\"elementor-field-type-select elementor-field-group elementor-column elementor-field-group-field_351bb6e elementor-col-100\">\n\t\t\t\t\t\t\t\t\t\t\t\t<label for=\"form-field-field_351bb6e\" class=\"elementor-field-label\">\n\t\t\t\t\t\t\t\tZiel der Inspektion\t\t\t\t\t\t\t<\/label>\n\t\t\t\t\t\t\t\t<div class=\"elementor-field elementor-select-wrapper remove-before \">\n\t\t\t<div class=\"select-caret-down-wrapper\">\n\t\t\t\t<svg aria-hidden=\"true\" class=\"e-font-icon-svg e-eicon-caret-down\" viewBox=\"0 0 571.4 571.4\" xmlns=\"http:\/\/www.w3.org\/2000\/svg\"><path d=\"M571 393Q571 407 561 418L311 668Q300 679 286 679T261 668L11 418Q0 407 0 393T11 368 36 357H536Q550 357 561 368T571 393Z\"><\/path><\/svg>\t\t\t<\/div>\n\t\t\t<select name=\"form_fields[field_351bb6e]\" id=\"form-field-field_351bb6e\" class=\"elementor-field-textual elementor-size-md\">\n\t\t\t\t\t\t\t\t\t<option value=\"Sonstiges\">Sonstiges<\/option>\n\t\t\t\t\t\t\t\t\t<option value=\"Kauf\">Kauf<\/option>\n\t\t\t\t\t\t\t\t\t<option value=\"Verkauf\">Verkauf<\/option>\n\t\t\t\t\t\t\t\t\t<option value=\"Pacht\">Pacht<\/option>\n\t\t\t\t\t\t\t\t\t<option value=\"Expertenbericht\">Expertenbericht<\/option>\n\t\t\t\t\t\t\t<\/select>\n\t\t<\/div>\n\t\t\t\t\t\t<\/div>\n\t\t\t\t\t\t\t\t<div class=\"elementor-field-type-select elementor-field-group elementor-column elementor-field-group-field_7dd2a8d elementor-col-50\">\n\t\t\t\t\t\t\t\t\t\t\t\t<label for=\"form-field-field_7dd2a8d\" class=\"elementor-field-label\">\n\t\t\t\t\t\t\t\tDringlichkeit\t\t\t\t\t\t\t<\/label>\n\t\t\t\t\t\t\t\t<div class=\"elementor-field elementor-select-wrapper remove-before \">\n\t\t\t<div class=\"select-caret-down-wrapper\">\n\t\t\t\t<svg aria-hidden=\"true\" class=\"e-font-icon-svg e-eicon-caret-down\" viewBox=\"0 0 571.4 571.4\" xmlns=\"http:\/\/www.w3.org\/2000\/svg\"><path d=\"M571 393Q571 407 561 418L311 668Q300 679 286 679T261 668L11 418Q0 407 0 393T11 368 36 357H536Q550 357 561 368T571 393Z\"><\/path><\/svg>\t\t\t<\/div>\n\t\t\t<select name=\"form_fields[field_7dd2a8d]\" id=\"form-field-field_7dd2a8d\" class=\"elementor-field-textual elementor-size-md\">\n\t\t\t\t\t\t\t\t\t<option value=\"1 Tag\">1 Tag<\/option>\n\t\t\t\t\t\t\t\t\t<option value=\"2 Tage\">2 Tage<\/option>\n\t\t\t\t\t\t\t\t\t<option value=\"3 Tage\">3 Tage<\/option>\n\t\t\t\t\t\t\t\t\t<option value=\"4 Tage\">4 Tage<\/option>\n\t\t\t\t\t\t\t\t\t<option value=\"5 Tage\">5 Tage<\/option>\n\t\t\t\t\t\t\t\t\t<option value=\"6 Tage\">6 Tage<\/option>\n\t\t\t\t\t\t\t\t\t<option value=\"7 Tage\">7 Tage<\/option>\n\t\t\t\t\t\t\t\t\t<option value=\"8 Tage\">8 Tage<\/option>\n\t\t\t\t\t\t\t\t\t<option value=\"9 Tage\">9 Tage<\/option>\n\t\t\t\t\t\t\t\t\t<option value=\"10 Tage\">10 Tage<\/option>\n\t\t\t\t\t\t\t\t\t<option value=\"11 Tage\">11 Tage<\/option>\n\t\t\t\t\t\t\t\t\t<option value=\"12 Tage\">12 Tage<\/option>\n\t\t\t\t\t\t\t\t\t<option value=\"13 Tage\">13 Tage<\/option>\n\t\t\t\t\t\t\t\t\t<option value=\"14 Tage\">14 Tage<\/option>\n\t\t\t\t\t\t\t\t\t<option value=\"15 Tage\">15 Tage<\/option>\n\t\t\t\t\t\t\t<\/select>\n\t\t<\/div>\n\t\t\t\t\t\t<\/div>\n\t\t\t\t\t\t\t\t<div class=\"elementor-field-type-select elementor-field-group elementor-column elementor-field-group-field_6fae582 elementor-col-50\">\n\t\t\t\t\t\t\t\t\t\t\t\t<label for=\"form-field-field_6fae582\" class=\"elementor-field-label\">\n\t\t\t\t\t\t\t\tSprache\t\t\t\t\t\t\t<\/label>\n\t\t\t\t\t\t\t\t<div class=\"elementor-field elementor-select-wrapper remove-before \">\n\t\t\t<div class=\"select-caret-down-wrapper\">\n\t\t\t\t<svg aria-hidden=\"true\" class=\"e-font-icon-svg e-eicon-caret-down\" viewBox=\"0 0 571.4 571.4\" xmlns=\"http:\/\/www.w3.org\/2000\/svg\"><path d=\"M571 393Q571 407 561 418L311 668Q300 679 286 679T261 668L11 418Q0 407 0 393T11 368 36 357H536Q550 357 561 368T571 393Z\"><\/path><\/svg>\t\t\t<\/div>\n\t\t\t<select name=\"form_fields[field_6fae582]\" id=\"form-field-field_6fae582\" class=\"elementor-field-textual elementor-size-md\">\n\t\t\t\t\t\t\t\t\t<option value=\"Englisch (ENG)\">Englisch (ENG)<\/option>\n\t\t\t\t\t\t\t\t\t<option value=\"Franz\u00f6sisch (FR)\">Franz\u00f6sisch (FR)<\/option>\n\t\t\t\t\t\t\t\t\t<option value=\"Spanisch (ESP)\">Spanisch (ESP)<\/option>\n\t\t\t\t\t\t\t\t\t<option value=\"Portugiesisch (PT)\">Portugiesisch (PT)<\/option>\n\t\t\t\t\t\t\t<\/select>\n\t\t<\/div>\n\t\t\t\t\t\t<\/div>\n\t\t\t\t\t\t\t\t<div class=\"elementor-field-type-textarea elementor-field-group elementor-column elementor-field-group-field_695012a elementor-col-100\">\n\t\t\t\t\t\t\t\t\t\t\t\t<label for=\"form-field-field_695012a\" class=\"elementor-field-label\">\n\t\t\t\t\t\t\t\tZus\u00e4tzliche Kommentare\t\t\t\t\t\t\t<\/label>\n\t\t\t\t\t\t<textarea class=\"elementor-field-textual elementor-field  elementor-size-md\" name=\"form_fields[field_695012a]\" id=\"form-field-field_695012a\" rows=\"3\" placeholder=\"Kl\u00e4ren Sie Ihre Zweifel (Bitte kopieren Sie ggf. den Link zum Immobilienangebot).\"><\/textarea>\t\t\t\t<\/div>\n\t\t\t\t\t\t\t\t<div class=\"elementor-field-type-upload elementor-field-group elementor-column elementor-field-group-field_89366f2 elementor-col-100\">\n\t\t\t\t\t\t\t\t\t\t\t\t<label for=\"form-field-field_89366f2\" class=\"elementor-field-label\">\n\t\t\t\t\t\t\t\tDatei hochladen\t\t\t\t\t\t\t<\/label>\n\t\t\t\t\t\t\t\t<input type=\"file\" name=\"form_fields[field_89366f2][]\" id=\"form-field-field_89366f2\" class=\"elementor-field elementor-size-md  elementor-upload-field\" multiple=\"multiple\" data-maxsize=\"12\" data-maxsize-message=\"Diese Datei \u00fcbersteigt die maximale Dateigr\u00f6\u00dfe.\">\n\n\t\t\t\t\t\t<\/div>\n\t\t\t\t\t\t\t\t<div class=\"elementor-field-group elementor-column elementor-field-type-submit elementor-col-100 e-form__buttons\">\n\t\t\t\t\t<button class=\"elementor-button elementor-size-md elementor-animation-grow\" type=\"submit\">\n\t\t\t\t\t\t<span class=\"elementor-button-content-wrapper\">\n\t\t\t\t\t\t\t\t\t\t\t\t\t\t\t\t\t\t\t\t\t\t<span class=\"elementor-button-text\">Ein Angebot senden<\/span>\n\t\t\t\t\t\t\t\t\t\t\t\t\t<\/span>\n\t\t\t\t\t<\/button>\n\t\t\t\t<\/div>\n\t\t\t<\/div>\n\t\t<\/form>\n\t\t\t\t\t\t<\/div>\n\t\t\t\t<div class=\"elementor-element elementor-element-f5ad011 elementor-widget-divider--view-line elementor-widget elementor-widget-divider\" data-id=\"f5ad011\" data-element_type=\"widget\" data-e-type=\"widget\" data-widget_type=\"divider.default\">\n\t\t\t\t\t\t\t<div class=\"elementor-divider\">\n\t\t\t<span class=\"elementor-divider-separator\">\n\t\t\t\t\t\t<\/span>\n\t\t<\/div>\n\t\t\t\t\t\t<\/div>\n\t\t\t\t<div class=\"elementor-element elementor-element-f91a2de elementor-widget elementor-widget-heading\" data-id=\"f91a2de\" data-element_type=\"widget\" data-e-type=\"widget\" data-widget_type=\"heading.default\">\n\t\t\t\t\t<h2 class=\"elementor-heading-title elementor-size-default\">Was beinhaltet jede Inspektion oder technische Untersuchung?<\/h2>\t\t\t\t<\/div>\n\t\t\t\t<div class=\"elementor-element elementor-element-f3cd52d elementor-widget elementor-widget-text-editor\" data-id=\"f3cd52d\" data-element_type=\"widget\" data-e-type=\"widget\" data-widget_type=\"text-editor.default\">\n\t\t\t\t\t\t\t\t\t<ul>\n \t<li>Besuch der Immobilie zur technischen Diagnose<\/li>\n \t<li>Strukturelle und funktionelle Bewertung<\/li>\n \t<li>Identifizierung von visuellen und versteckten Anomalien<\/li>\n \t<li>Technische Inspektion mit Ausr\u00fcstung (Drohnen oder Thermodrohnen in schwer zug\u00e4nglichen Bereichen, W\u00e4rmebildkameras usw.)<\/li>\n \t<li>Detaillierter Bericht mit Fotos, Interpretation der Thermografie-Messwerte, Risiken nach Bereichen, Schlussfolgerungen und Empfehlungen<\/li>\n \t<li>Lieferung innerhalb von 72 Arbeitsstunden<\/li>\n \t<li>Team von zertifizierten Ingenieuren und spezialisierten Technikern<\/li>\n<\/ul>\t\t\t\t\t\t\t\t<\/div>\n\t\t\t\t<div class=\"elementor-element elementor-element-98a2862 elementor-widget elementor-widget-heading\" data-id=\"98a2862\" data-element_type=\"widget\" data-e-type=\"widget\" data-widget_type=\"heading.default\">\n\t\t\t\t\t<h2 class=\"elementor-heading-title elementor-size-default\">Warum unterscheidet sich unsere Inspektion von Immobilien (H\u00e4user, Wohnungen oder Geb\u00e4ude) von der Bewertung durch die Bank?<\/h2>\t\t\t\t<\/div>\n\t\t\t\t<div class=\"elementor-element elementor-element-fb437c5 elementor-widget elementor-widget-text-editor\" data-id=\"fb437c5\" data-element_type=\"widget\" data-e-type=\"widget\" data-widget_type=\"text-editor.default\">\n\t\t\t\t\t\t\t\t\t<ul>\n \t<li>Weil es f\u00fcr Sie gemacht ist, nicht f\u00fcr die Bank<\/li>\n<li>  Weil die Bank den Marktwert, aber nicht den technischen Zustand der Immobilie bewertet<\/li> \n \t<li>Denn wir verwenden fortschrittliche Diagnosetechnologie und Know-how, um die Pathologien der Immobilie zu bestimmen und so die Notwendigkeit von Reparaturen oder Unregelm\u00e4\u00dfigkeiten in der Konstruktion zu erkennen.<\/li>\n \t<li>Weil wir ein wirklich n\u00fctzliches Dokument liefern, um das Gesch\u00e4ft zu verhandeln, abzulehnen oder zu best\u00e4tigen<\/li>\n \t<li>Weil wir unsere Kunden davor bewahren, Tausende von Euro f\u00fcr unerwartete Arbeiten zu verlieren<\/li>\n<\/ul>\t\t\t\t\t\t\t\t<\/div>\n\t\t\t\t\t<\/div>\n\t\t\t\t<\/div>\n\t\t\t\t<\/div>\n\t\t","protected":false},"excerpt":{"rendered":"<p>Budget Wir von InspectOne glauben, dass Sicherheit und Vertrauen beim Kauf oder Verkauf einer Immobilie unbezahlbar sind &#8211; aber sie sind wertvoll. Wir arbeiten mit fairen Preisen, die mit der Zeit, der Technologie und dem Know-how vereinbar sind, die f\u00fcr eine professionelle und unabh\u00e4ngige technische Inspektion erforderlich sind. Fordern Sie jetzt Ihr Angebot an Jede [&hellip;]<\/p>\n","protected":false},"author":2,"featured_media":0,"parent":0,"menu_order":0,"comment_status":"closed","ping_status":"closed","template":"","meta":{"footnotes":""},"class_list":["post-4808","page","type-page","status-publish","hentry"],"_links":{"self":[{"href":"https:\/\/inspectone.pt\/de\/wp-json\/wp\/v2\/pages\/4808","targetHints":{"allow":["GET"]}}],"collection":[{"href":"https:\/\/inspectone.pt\/de\/wp-json\/wp\/v2\/pages"}],"about":[{"href":"https:\/\/inspectone.pt\/de\/wp-json\/wp\/v2\/types\/page"}],"author":[{"embeddable":true,"href":"https:\/\/inspectone.pt\/de\/wp-json\/wp\/v2\/users\/2"}],"replies":[{"embeddable":true,"href":"https:\/\/inspectone.pt\/de\/wp-json\/wp\/v2\/comments?post=4808"}],"version-history":[{"count":5,"href":"https:\/\/inspectone.pt\/de\/wp-json\/wp\/v2\/pages\/4808\/revisions"}],"predecessor-version":[{"id":5840,"href":"https:\/\/inspectone.pt\/de\/wp-json\/wp\/v2\/pages\/4808\/revisions\/5840"}],"wp:attachment":[{"href":"https:\/\/inspectone.pt\/de\/wp-json\/wp\/v2\/media?parent=4808"}],"curies":[{"name":"wp","href":"https:\/\/api.w.org\/{rel}","templated":true}]}}