{"id":5727,"date":"2025-10-22T13:43:29","date_gmt":"2025-10-22T13:43:29","guid":{"rendered":"https:\/\/inspectone.pt\/datenschutzrichtlinie\/"},"modified":"2025-12-04T10:15:31","modified_gmt":"2025-12-04T10:15:31","slug":"datenschutzrichtlinie","status":"publish","type":"page","link":"https:\/\/inspectone.pt\/de\/datenschutzrichtlinie\/","title":{"rendered":"Datenschutzrichtlinie"},"content":{"rendered":"\t\t<div data-elementor-type=\"wp-page\" data-elementor-id=\"5727\" class=\"elementor elementor-5727 elementor-4459\" data-elementor-post-type=\"page\">\n\t\t\t\t<div class=\"elementor-element elementor-element-989295f e-flex e-con-boxed e-con e-parent\" data-id=\"989295f\" data-element_type=\"container\" data-e-type=\"container\">\n\t\t\t\t\t<div class=\"e-con-inner\">\n\t\t\t\t<div class=\"elementor-element elementor-element-ed32643 elementor-widget elementor-widget-heading\" data-id=\"ed32643\" data-element_type=\"widget\" data-e-type=\"widget\" data-widget_type=\"heading.default\">\n\t\t\t\t\t<h2 class=\"elementor-heading-title elementor-size-default\">Datenschutzrichtlinie<\/h2>\t\t\t\t<\/div>\n\t\t<div class=\"elementor-element elementor-element-5a3a7d0 e-con-full e-flex e-con e-child\" data-id=\"5a3a7d0\" data-element_type=\"container\" data-e-type=\"container\">\n\t\t\t\t<div class=\"elementor-element elementor-element-fe28209 elementor-widget elementor-widget-text-editor\" data-id=\"fe28209\" data-element_type=\"widget\" data-e-type=\"widget\" data-widget_type=\"text-editor.default\">\n\t\t\t\t\t\t\t\t\t<p>Wirksamkeitsdatum: 03.Dez.-2025<\/p>\t\t\t\t\t\t\t\t<\/div>\n\t\t\t\t<div class=\"elementor-element elementor-element-5ad54cf elementor-widget elementor-widget-text-editor\" data-id=\"5ad54cf\" data-element_type=\"widget\" data-e-type=\"widget\" data-widget_type=\"text-editor.default\">\n\t\t\t\t\t\t\t\t\t<p>Letzte Aktualisierung: 03.Dez.2025<\/p>\t\t\t\t\t\t\t\t<\/div>\n\t\t\t\t<div class=\"elementor-element elementor-element-2210f89 elementor-widget elementor-widget-text-editor\" data-id=\"2210f89\" data-element_type=\"widget\" data-e-type=\"widget\" data-widget_type=\"text-editor.default\">\n\t\t\t\t\t\t\t\t\t<p data-start=\"321\" data-end=\"660\">Diese Datenschutzrichtlinie beschreibt die Richtlinien von <strong data-start=\"375\" data-end=\"402\">Meridiano Aprumado, Lda<\/strong>, Estrada do Sineiro, Nr. 48, 6200-209 Portugal, E-Mail: <strong data-start=\"457\" data-end=\"485\"><a class=\"decorated-link cursor-pointer\" rel=\"noopener\" data-start=\"459\" data-end=\"483\">management@inspectone.pt<\/a><\/strong>, Telefon: <strong data-start=\"497\" data-end=\"517\">+351 928 406 094<\/strong>, bez\u00fcglich der Sammlung, Nutzung und Offenlegung Ihrer Informationen bei Nutzung unserer Website (https:\/\/inspectone.pt\/) (&#8222;Dienst&#8220;).<\/p><p data-start=\"662\" data-end=\"870\">Durch den Zugriff auf oder die Nutzung des Dienstes stimmen Sie der Sammlung, Nutzung und Offenlegung Ihrer Informationen gem\u00e4\u00df dieser Datenschutzrichtlinie zu. Wenn Sie nicht zustimmen, greifen Sie bitte nicht auf den Dienst auf oder nutzen Sie ihn nicht. <\/p><p data-start=\"872\" data-end=\"1272\">Wir k\u00f6nnen diese Datenschutzrichtlinie jederzeit ohne Vorank\u00fcndigung \u00e4ndern und die \u00fcberarbeitete Version im Service ver\u00f6ffentlichen. Die aktualisierte Richtlinie tritt <strong data-start=\"1038\" data-end=\"1055\">180 Tage nach<\/strong> ihrer Ver\u00f6ffentlichung im Dienst in Kraft, danach gilt Ihre weitere Nutzung des Dienstes als Akzeptanz der neuen Datenschutzrichtlinie. Wir empfehlen Ihnen daher, diese Seite regelm\u00e4\u00dfig zu lesen.  <\/p>\t\t\t\t\t\t\t\t<\/div>\n\t\t\t\t<div class=\"elementor-element elementor-element-54b2605 elementor-widget elementor-widget-heading\" data-id=\"54b2605\" data-element_type=\"widget\" data-e-type=\"widget\" data-widget_type=\"heading.default\">\n\t\t\t\t\t<h2 class=\"elementor-heading-title elementor-size-default\">WIE WIR IHRE INFORMATIONEN VERWENDEN<\/h2>\t\t\t\t<\/div>\n\t\t\t\t<div class=\"elementor-element elementor-element-938d18e elementor-widget elementor-widget-text-editor\" data-id=\"938d18e\" data-element_type=\"widget\" data-e-type=\"widget\" data-widget_type=\"text-editor.default\">\n\t\t\t\t\t\t\t\t\t<p data-start=\"1320\" data-end=\"1393\">Wir werden die Informationen, die wir \u00fcber Sie sammeln, f\u00fcr folgende Zwecke verwenden:<\/p><ul data-start=\"1395\" data-end=\"1426\"><li data-start=\"1395\" data-end=\"1426\"><p data-start=\"1397\" data-end=\"1426\"><strong data-start=\"1397\" data-end=\"1426\">Kundenanfragen verwalten<\/strong><\/p><\/li><\/ul><p data-start=\"1428\" data-end=\"1720\">Wenn wir beabsichtigen, Ihre Informationen f\u00fcr einen anderen Zweck zu verwenden, werden wir Ihre Zustimmung einholen und Ihre Daten erst verwenden, nachdem wir sie erhalten haben, und nur f\u00fcr die spezifischen Zwecke, f\u00fcr die Sie Ihre Zustimmung gegeben haben, es sei denn, wir sind gesetzlich dazu verpflichtet.<\/p>\t\t\t\t\t\t\t\t<\/div>\n\t\t\t\t<div class=\"elementor-element elementor-element-869f4d4 elementor-widget elementor-widget-heading\" data-id=\"869f4d4\" data-element_type=\"widget\" data-e-type=\"widget\" data-widget_type=\"heading.default\">\n\t\t\t\t\t<h2 class=\"elementor-heading-title elementor-size-default\">WIE WIR IHRE INFORMATIONEN TEILEN<\/h2>\t\t\t\t<\/div>\n\t\t\t\t<div class=\"elementor-element elementor-element-cd3ee02 elementor-widget elementor-widget-text-editor\" data-id=\"cd3ee02\" data-element_type=\"widget\" data-e-type=\"widget\" data-widget_type=\"text-editor.default\">\n\t\t\t\t\t\t\t\t\t<p data-start=\"1769\" data-end=\"1914\">Wir werden Ihre pers\u00f6nlichen Daten ohne Ihre Zustimmung nicht an Dritte weitergeben, au\u00dfer in bestimmten F\u00e4llen, wie unten beschrieben:<\/p><ul data-start=\"1916\" data-end=\"1940\"><li data-start=\"1916\" data-end=\"1940\"><p data-start=\"1918\" data-end=\"1940\"><strong data-start=\"1918\" data-end=\"1940\">Analytik<\/strong><\/p><\/li><\/ul><p data-start=\"1942\" data-end=\"2159\">Wir verlangen, dass diese Dritten die von uns bereitgestellten personenbezogenen Daten nur zu den Zwecken verwenden, f\u00fcr die sie bereitgestellt wurden, und dass sie diese nicht l\u00e4nger als notwendig f\u00fcr diese Zwecke aufbewahren.<\/p><p data-start=\"2161\" data-end=\"2232\">In folgenden F\u00e4llen k\u00f6nnen wir auch Ihre pers\u00f6nlichen Daten offenlegen:<\/p><ol data-start=\"2233\" data-end=\"2510\"><li data-start=\"2233\" data-end=\"2329\"><p data-start=\"2236\" data-end=\"2329\">Um geltende Gesetze, Vorschriften, Gerichtsbeschl\u00fcsse oder andere rechtliche Verfahren einzuhalten;<\/p><\/li><li data-start=\"2330\" data-end=\"2418\"><p data-start=\"2333\" data-end=\"2418\">Um unsere Vereinbarungen mit Ihnen, einschlie\u00dflich dieser Datenschutzrichtlinie, durchzusetzen;<\/p><\/li><li data-start=\"2419\" data-end=\"2510\"><p data-start=\"2422\" data-end=\"2510\">Auf Behauptungen zu reagieren, dass die Nutzung des Dienstes die Rechte Dritter verletzt.<\/p><\/li><\/ol><p data-start=\"2512\" data-end=\"2673\">Wenn der Dienst oder unser Unternehmen mit einer anderen Gesellschaft fusioniert oder von ihr \u00fcbernommen wird, k\u00f6nnten Ihre Daten eines der Verm\u00f6genswerte sein, die an den neuen Eigent\u00fcmer \u00fcbertragen werden.<\/p>\t\t\t\t\t\t\t\t<\/div>\n\t\t\t\t<div class=\"elementor-element elementor-element-625fed9 elementor-widget elementor-widget-heading\" data-id=\"625fed9\" data-element_type=\"widget\" data-e-type=\"widget\" data-widget_type=\"heading.default\">\n\t\t\t\t\t<h2 class=\"elementor-heading-title elementor-size-default\">DEINE RECHTE<\/h2>\t\t\t\t<\/div>\n\t\t\t\t<div class=\"elementor-element elementor-element-1cb417b elementor-widget elementor-widget-text-editor\" data-id=\"1cb417b\" data-element_type=\"widget\" data-e-type=\"widget\" data-widget_type=\"text-editor.default\">\n\t\t\t\t\t\t\t\t\t<p data-start=\"2705\" data-end=\"3075\">Je nach geltendem Recht haben Sie m\u00f6glicherweise das Recht, auf Ihre personenbezogenen Daten zuzugreifen, sie zu korrigieren oder zu l\u00f6schen, eine Kopie davon zu erhalten, deren aktive Verarbeitung einzuschr\u00e4nken oder zu widersprechen, die \u00dcbertragung (&#8222;Portabilit\u00e4t&#8220;) Ihrer Daten an eine andere Stelle zu beantragen, die zuvor gegebene Zustimmung zur\u00fcckzuziehen und eine Beschwerde bei der zust\u00e4ndigen Beh\u00f6rde einzureichen.<\/p><p data-start=\"3077\" data-end=\"3237\">Um diese Rechte auszu\u00fcben, k\u00f6nnen Sie uns per E-Mail <strong data-start=\"3142\" data-end=\"3170\"><a class=\"decorated-link cursor-pointer\" rel=\"noopener\" data-start=\"3144\" data-end=\"3168\">management@inspectone.pt<\/a><\/strong> kontaktieren. Wir werden Ihre Anfrage gem\u00e4\u00df geltendem Recht beantworten. <\/p><p data-start=\"3239\" data-end=\"3475\">Bitte beachten Sie, dass Sie, wenn Sie uns nicht erlauben, bestimmte notwendige personenbezogene Daten zu sammeln oder zu verarbeiten oder Ihre Zustimmung zur Verarbeitung zu widerrufen, m\u00f6glicherweise nicht in der Lage sind, die Dienste zu nutzen, f\u00fcr die diese Informationen unerl\u00e4sslich sind.<\/p>\t\t\t\t\t\t\t\t<\/div>\n\t\t\t\t<div class=\"elementor-element elementor-element-a5c1124 elementor-widget elementor-widget-heading\" data-id=\"a5c1124\" data-element_type=\"widget\" data-e-type=\"widget\" data-widget_type=\"heading.default\">\n\t\t\t\t\t<h2 class=\"elementor-heading-title elementor-size-default\">COOKIES UND \u00c4HNLICHE TECHNOLOGIEN<\/h2>\t\t\t\t<\/div>\n\t\t\t\t<div class=\"elementor-element elementor-element-a9279f9 elementor-widget elementor-widget-text-editor\" data-id=\"a9279f9\" data-element_type=\"widget\" data-e-type=\"widget\" data-widget_type=\"text-editor.default\">\n\t\t\t\t\t\t\t\t\t<p>Um mehr dar\u00fcber zu erfahren, wie wir diese Technologien nutzen und welche Vorlieben Sie haben, lesen Sie bitte unsere <strong data-start=\"3636\" data-end=\"3659\">Cookie-Richtlinie<\/strong>.<\/p>\t\t\t\t\t\t\t\t<\/div>\n\t\t\t\t<div class=\"elementor-element elementor-element-3a212aa elementor-widget elementor-widget-heading\" data-id=\"3a212aa\" data-element_type=\"widget\" data-e-type=\"widget\" data-widget_type=\"heading.default\">\n\t\t\t\t\t<h2 class=\"elementor-heading-title elementor-size-default\">SICHERHEIT<\/h2>\t\t\t\t<\/div>\n\t\t\t\t<div class=\"elementor-element elementor-element-600d501 elementor-widget elementor-widget-text-editor\" data-id=\"600d501\" data-element_type=\"widget\" data-e-type=\"widget\" data-widget_type=\"text-editor.default\">\n\t\t\t\t\t\t\t\t\t<p data-start=\"3685\" data-end=\"4107\">Die Sicherheit Ihrer Daten ist uns wichtig, und wir werden angemessene Ma\u00dfnahmen ergreifen, um den Verlust, den Missbrauch oder die unautorisierte \u00c4nderung Ihrer Daten zu verhindern. Aufgrund der Risiken, die mit der \u00dcbertragung von Informationen \u00fcber das Internet verbunden sind, k\u00f6nnen wir jedoch keine absolute Sicherheit garantieren und daher auch die Sicherheit jeglicher Informationen, die Sie an uns \u00fcbermitteln, nicht gew\u00e4hrleisten oder garantieren \u2013 Sie tun dies auf eigenes Risiko. <\/p>\t\t\t\t\t\t\t\t<\/div>\n\t\t\t\t<div class=\"elementor-element elementor-element-d5dc972 elementor-widget elementor-widget-heading\" data-id=\"d5dc972\" data-element_type=\"widget\" data-e-type=\"widget\" data-widget_type=\"heading.default\">\n\t\t\t\t\t<h2 class=\"elementor-heading-title elementor-size-default\">LINKS ZU DRITTEN UND NUTZUNG IHRER INFORMATIONEN\n<\/h2>\t\t\t\t<\/div>\n\t\t\t\t<div class=\"elementor-element elementor-element-4750cf8 elementor-widget elementor-widget-text-editor\" data-id=\"4750cf8\" data-element_type=\"widget\" data-e-type=\"widget\" data-widget_type=\"text-editor.default\">\n\t\t\t\t\t\t\t\t\t<p>Unser Service kann Links zu Drittanbieter-Websites enthalten, die nicht von uns betrieben werden. Diese Datenschutzrichtlinie gilt nicht f\u00fcr die Datenschutzpraktiken dieser Drittanbieter. Wir empfehlen Ihnen dringend, die Datenschutzrichtlinie jeder besuchten Website zu pr\u00fcfen. Wir haben keine Kontrolle \u00fcber und \u00fcbernehmen keine Verantwortung f\u00fcr die Inhalte, Datenschutzrichtlinien oder Praktiken von Drittanbieter-Websites oder -Diensten.   <\/p>\t\t\t\t\t\t\t\t<\/div>\n\t\t\t\t<div class=\"elementor-element elementor-element-d8836b5 elementor-widget elementor-widget-heading\" data-id=\"d8836b5\" data-element_type=\"widget\" data-e-type=\"widget\" data-widget_type=\"heading.default\">\n\t\t\t\t\t<h2 class=\"elementor-heading-title elementor-size-default\">BEARBEITUNGSBEAUFTRAGTER \/ BESCHWERDEBEAUFTRAGTER\n<\/h2>\t\t\t\t<\/div>\n\t\t\t\t<div class=\"elementor-element elementor-element-932f550 elementor-widget elementor-widget-text-editor\" data-id=\"932f550\" data-element_type=\"widget\" data-e-type=\"widget\" data-widget_type=\"text-editor.default\">\n\t\t\t\t\t\t\t\t\t<p data-start=\"4675\" data-end=\"4922\">Wenn Sie Fragen oder Bedenken dazu haben, wie wir Ihre Daten verarbeiten, k\u00f6nnen Sie unseren Datenverantwortlichen kontaktieren unter:<br data-start=\"4825\" data-end=\"4828\"><strong data-start=\"4828\" data-end=\"4882\">Meridiano Aprumado, Lda, Estrada do Sineiro, Nr. 48<\/strong><br data-start=\"4882\" data-end=\"4885\"><strong data-start=\"4885\" data-end=\"4895\">E-Mail:<\/strong> <a class=\"decorated-link cursor-pointer\" rel=\"noopener\" data-start=\"4896\" data-end=\"4920\">management@inspectone.pt<\/a><\/p><p data-start=\"4924\" data-end=\"4992\">Wir werden Ihre Anfragen gem\u00e4\u00df den geltenden Gesetzen beantworten.<\/p>\t\t\t\t\t\t\t\t<\/div>\n\t\t\t\t<div class=\"elementor-element elementor-element-44fcef2 elementor-widget elementor-widget-text-editor\" data-id=\"44fcef2\" data-element_type=\"widget\" data-e-type=\"widget\" data-widget_type=\"text-editor.default\">\n\t\t\t\t\t\t\t\t\t<p>Datenschutzrichtlinie erstellt mit CookieYes.<\/p>\t\t\t\t\t\t\t\t<\/div>\n\t\t\t\t<\/div>\n\t\t\t\t\t<\/div>\n\t\t\t\t<\/div>\n\t\t\t\t<\/div>\n\t\t","protected":false},"excerpt":{"rendered":"<p>Datenschutzrichtlinie Wirksamkeitsdatum: 03.Dez.-2025 Letzte Aktualisierung: 03.Dez.2025 Diese Datenschutzrichtlinie beschreibt die Richtlinien von Meridiano Aprumado, Lda, Estrada do Sineiro, Nr. 48, 6200-209 Portugal, E-Mail: management@inspectone.pt, Telefon: +351 928 406 094, bez\u00fcglich der Sammlung, Nutzung und Offenlegung Ihrer Informationen bei Nutzung unserer Website (https:\/\/inspectone.pt\/) (&#8222;Dienst&#8220;). Durch den Zugriff auf oder die Nutzung des Dienstes stimmen Sie der [&hellip;]<\/p>\n","protected":false},"author":1,"featured_media":0,"parent":0,"menu_order":0,"comment_status":"closed","ping_status":"closed","template":"","meta":{"footnotes":""},"class_list":["post-5727","page","type-page","status-publish","hentry"],"_links":{"self":[{"href":"https:\/\/inspectone.pt\/de\/wp-json\/wp\/v2\/pages\/5727","targetHints":{"allow":["GET"]}}],"collection":[{"href":"https:\/\/inspectone.pt\/de\/wp-json\/wp\/v2\/pages"}],"about":[{"href":"https:\/\/inspectone.pt\/de\/wp-json\/wp\/v2\/types\/page"}],"author":[{"embeddable":true,"href":"https:\/\/inspectone.pt\/de\/wp-json\/wp\/v2\/users\/1"}],"replies":[{"embeddable":true,"href":"https:\/\/inspectone.pt\/de\/wp-json\/wp\/v2\/comments?post=5727"}],"version-history":[{"count":1,"href":"https:\/\/inspectone.pt\/de\/wp-json\/wp\/v2\/pages\/5727\/revisions"}],"predecessor-version":[{"id":5728,"href":"https:\/\/inspectone.pt\/de\/wp-json\/wp\/v2\/pages\/5727\/revisions\/5728"}],"wp:attachment":[{"href":"https:\/\/inspectone.pt\/de\/wp-json\/wp\/v2\/media?parent=5727"}],"curies":[{"name":"wp","href":"https:\/\/api.w.org\/{rel}","templated":true}]}}