{"id":5757,"date":"2025-10-22T13:29:52","date_gmt":"2025-10-22T13:29:52","guid":{"rendered":"https:\/\/inspectone.pt\/cookie-richtlinie\/"},"modified":"2025-12-09T10:34:59","modified_gmt":"2025-12-09T10:34:59","slug":"cookie-richtlinie","status":"publish","type":"page","link":"https:\/\/inspectone.pt\/de\/cookie-richtlinie\/","title":{"rendered":"Cookie-Richtlinie"},"content":{"rendered":"\t\t<div data-elementor-type=\"wp-page\" data-elementor-id=\"5757\" class=\"elementor elementor-5757 elementor-4450\" data-elementor-post-type=\"page\">\n\t\t\t\t<div class=\"elementor-element elementor-element-8597a92 e-flex e-con-boxed e-con e-parent\" data-id=\"8597a92\" data-element_type=\"container\" data-e-type=\"container\">\n\t\t\t\t\t<div class=\"e-con-inner\">\n\t\t\t\t<div class=\"elementor-element elementor-element-7b444c8 elementor-widget elementor-widget-heading\" data-id=\"7b444c8\" data-element_type=\"widget\" data-e-type=\"widget\" data-widget_type=\"heading.default\">\n\t\t\t\t\t<h1 class=\"elementor-heading-title elementor-size-default\">Cookie-Richtlinie<\/h1>\t\t\t\t<\/div>\n\t\t<div class=\"elementor-element elementor-element-dee15f9 e-con-full e-flex e-con e-child\" data-id=\"dee15f9\" data-element_type=\"container\" data-e-type=\"container\">\n\t\t\t\t<div class=\"elementor-element elementor-element-ff6e31c elementor-widget elementor-widget-text-editor\" data-id=\"ff6e31c\" data-element_type=\"widget\" data-e-type=\"widget\" data-widget_type=\"text-editor.default\">\n\t\t\t\t\t\t\t\t\t<p>Wirksamkeitsdatum: 22. Oktober 2025<\/p>\t\t\t\t\t\t\t\t<\/div>\n\t\t\t\t<div class=\"elementor-element elementor-element-460a5a7 elementor-widget elementor-widget-text-editor\" data-id=\"460a5a7\" data-element_type=\"widget\" data-e-type=\"widget\" data-widget_type=\"text-editor.default\">\n\t\t\t\t\t\t\t\t\t<p>Zuletzt aktualisiert: 04. Dezember 2025<\/p>\t\t\t\t\t\t\t\t<\/div>\n\t\t\t\t<\/div>\n\t\t\t\t<div class=\"elementor-element elementor-element-a982aea elementor-widget elementor-widget-heading\" data-id=\"a982aea\" data-element_type=\"widget\" data-e-type=\"widget\" data-widget_type=\"heading.default\">\n\t\t\t\t\t<h2 class=\"elementor-heading-title elementor-size-default\">Was sind Kekse?<\/h2>\t\t\t\t<\/div>\n\t\t\t\t<div class=\"elementor-element elementor-element-2969ce0 elementor-widget elementor-widget-text-editor\" data-id=\"2969ce0\" data-element_type=\"widget\" data-e-type=\"widget\" data-widget_type=\"text-editor.default\">\n\t\t\t\t\t\t\t\t\t<p data-start=\"247\" data-end=\"490\">Diese Cookie-Richtlinie erkl\u00e4rt, was Cookies sind, wie wir sie verwenden, welche Arten von Cookies wir verwenden (also welche Informationen wir durch Cookies sammeln und wie diese Informationen verwendet werden) und wie Sie Ihre Cookie-Einstellungen verwalten k\u00f6nnen.<\/p><p data-start=\"492\" data-end=\"916\">Cookies sind kleine Textdateien, die verwendet werden, um kleine Informationsmengen zu speichern. Sie werden auf Ihrem Ger\u00e4t gespeichert, wenn eine Website in Ihrem Browser geladen wird. Diese Cookies helfen dabei, das ordnungsgem\u00e4\u00dfe Funktionieren der Website sicherzustellen, erh\u00f6hen die Sicherheit, bieten ein besseres Nutzererlebnis und erm\u00f6glichen eine Analyse der Leistung, um zu erkennen, was gut funktioniert und was verbessert werden muss.  <\/p>\t\t\t\t\t\t\t\t<\/div>\n\t\t\t\t<div class=\"elementor-element elementor-element-116c19b elementor-widget elementor-widget-heading\" data-id=\"116c19b\" data-element_type=\"widget\" data-e-type=\"widget\" data-widget_type=\"heading.default\">\n\t\t\t\t\t<h2 class=\"elementor-heading-title elementor-size-default\">Wie verwenden wir Cookies?<\/h2>\t\t\t\t<\/div>\n\t\t\t\t<div class=\"elementor-element elementor-element-8e80a7c elementor-widget elementor-widget-text-editor\" data-id=\"8e80a7c\" data-element_type=\"widget\" data-e-type=\"widget\" data-widget_type=\"text-editor.default\">\n\t\t\t\t\t\t\t\t\t<p data-start=\"956\" data-end=\"1104\">Wie die meisten Online-Dienste verwendet unsere Website First-Party- und Drittanbieter-Cookies f\u00fcr verschiedene Zwecke.<\/p><ul data-start=\"1106\" data-end=\"1613\"><li data-start=\"1106\" data-end=\"1282\"><p data-start=\"1108\" data-end=\"1282\"><strong data-start=\"1108\" data-end=\"1143\">First-Party-Cookies:<\/strong><br data-start=\"1143\" data-end=\"1146\">Sie sind f\u00fcr das ordnungsgem\u00e4\u00dfe Funktionieren der Website unerl\u00e4sslich und sammeln keine Daten, die eine pers\u00f6nliche Identifikation des Nutzers erm\u00f6glichen.<\/p><\/li><li data-start=\"1284\" data-end=\"1613\"><p data-start=\"1286\" data-end=\"1613\"><strong data-start=\"1286\" data-end=\"1325\">Cookies von Drittanbietern:<\/strong><br data-start=\"1325\" data-end=\"1328\">Sie helfen uns haupts\u00e4chlich, die Leistung der Website zu verstehen, zu \u00fcberwachen, wie Sie mit der Seite interagieren, unsere Dienste sicher zu halten, relevante Anzeigen anzuzeigen und Ihr Gesamterlebnis zu verbessern, einschlie\u00dflich der Geschwindigkeit zuk\u00fcnftiger Interaktionen mit der Website.<\/p><\/li><\/ul>\t\t\t\t\t\t\t\t<\/div>\n\t\t\t\t<div class=\"elementor-element elementor-element-5de8eb5 elementor-widget elementor-widget-heading\" data-id=\"5de8eb5\" data-element_type=\"widget\" data-e-type=\"widget\" data-widget_type=\"heading.default\">\n\t\t\t\t\t<h2 class=\"elementor-heading-title elementor-size-default\">Arten von Cookies, die wir verwenden<\/h2>\t\t\t\t<\/div>\n\t\t\t\t<div class=\"elementor-element elementor-element-6698f56 elementor-widget elementor-widget-html\" data-id=\"6698f56\" data-element_type=\"widget\" data-e-type=\"widget\" data-widget_type=\"html.default\">\n\t\t\t\t\t<!-- Start CookieYes cookie policy -->\n<style>\n  a.cky-banner-element {\n    padding: 8px 30px;\n    background: #f8f9fa;\n    color: #858a8f;\n    border: 1px solid #dee2e6;\n    box-sizing: border-box;\n    border-radius: 2px;\n    cursor: pointer\n  }\n<\/style>\n<div class=\"cky-audit-table-element\"><\/div>&nbsp;<h2 style=\"margin-bottom: 20px\">Cookie-Einstellungen verwalten<\/h2><a class=\"cky-banner-element\">Einwilligungspr\u00e4ferenzen<\/a><br>\n\t\t\t\t<\/div>\n\t\t\t\t<div class=\"elementor-element elementor-element-5b5f50c elementor-widget elementor-widget-text-editor\" data-id=\"5b5f50c\" data-element_type=\"widget\" data-e-type=\"widget\" data-widget_type=\"text-editor.default\">\n\t\t\t\t\t\t\t\t\t<p data-start=\"112\" data-end=\"380\">Sie k\u00f6nnen Ihre Cookie-Einstellungen jederzeit \u00e4ndern, indem Sie oben auf die <strong data-start=\"194\" data-end=\"229\">Schaltfl\u00e4che &#8222;Einwilligungspr\u00e4ferenzen&#8220;<\/strong> klicken. So k\u00f6nnen Sie das Cookie-Einwilligungsbanner erneut aufrufen und Ihre Pr\u00e4ferenzen aktualisieren oder Ihre Zustimmung sofort zur\u00fcckziehen. <\/p><p data-start=\"382\" data-end=\"704\">Dar\u00fcber hinaus bieten verschiedene Browser unterschiedliche Methoden an, um von Websites verwendete Cookies zu blockieren und zu l\u00f6schen. Sie k\u00f6nnen Ihre Browsereinstellungen so anpassen, dass Cookies blockiert oder gel\u00f6scht werden. Nachfolgend finden Sie Links zur Support-Dokumentation der Hauptbrowser zur Verwaltung und L\u00f6schung von Cookies:  <\/p><ul data-start=\"706\" data-end=\"1166\"><li data-start=\"706\" data-end=\"770\"><p data-start=\"708\" data-end=\"770\"><strong data-start=\"708\" data-end=\"719\">Chrome:<\/strong> https:\/\/support.google.com\/accounts\/answer\/32050<\/p><\/li><li data-start=\"771\" data-end=\"845\"><p data-start=\"773\" data-end=\"845\"><strong data-start=\"773\" data-end=\"784\">Safari:<\/strong> https:\/\/support.apple.com\/en-in\/guide\/safari\/sfri11471\/mac<\/p><\/li><li data-start=\"846\" data-end=\"1012\"><p data-start=\"848\" data-end=\"1012\"><strong data-start=\"848\" data-end=\"860\">Firefox:<\/strong> https:\/\/support.mozilla.org\/en-US\/kb\/clear-cookies-and-site-data-firefox?redirectslug=delete-cookies-remove-info-websites-stored&amp;redirectlocale=en-US<\/p><\/li><li data-start=\"1013\" data-end=\"1166\"><p data-start=\"1015\" data-end=\"1166\"><strong data-start=\"1015\" data-end=\"1037\">Internet Explorer:<\/strong> https:\/\/support.microsoft.com\/en-us\/topic\/how-to-delete-cookie-files-in-internet-explorer-bca9446f-d873-78de-77ba-d42645fa52fc<\/p><\/li><\/ul><p data-start=\"1168\" data-end=\"1267\">Wenn du einen anderen Browser benutzt, schau dir die offizielle Support-Dokumentation an.<\/p>\t\t\t\t\t\t\t\t<\/div>\n\t\t\t\t<div class=\"elementor-element elementor-element-d960e78 elementor-widget elementor-widget-text-editor\" data-id=\"d960e78\" data-element_type=\"widget\" data-e-type=\"widget\" data-widget_type=\"text-editor.default\">\n\t\t\t\t\t\t\t\t\t<p>Cookie-Richtlinie erstellt von CookieYes \u2013 Cookie-Richtlinien-Generator<\/p>\t\t\t\t\t\t\t\t<\/div>\n\t\t\t\t\t<\/div>\n\t\t\t\t<\/div>\n\t\t\t\t<\/div>\n\t\t","protected":false},"excerpt":{"rendered":"<p>Cookie-Richtlinie Wirksamkeitsdatum: 22. Oktober 2025 Zuletzt aktualisiert: 04. Dezember 2025 Was sind Kekse? Diese Cookie-Richtlinie erkl\u00e4rt, was Cookies sind, wie wir sie verwenden, welche Arten von Cookies wir verwenden (also welche Informationen wir durch Cookies sammeln und wie diese Informationen verwendet werden) und wie Sie Ihre Cookie-Einstellungen verwalten k\u00f6nnen. Cookies sind kleine Textdateien, die verwendet [&hellip;]<\/p>\n","protected":false},"author":1,"featured_media":0,"parent":0,"menu_order":0,"comment_status":"closed","ping_status":"closed","template":"","meta":{"footnotes":""},"class_list":["post-5757","page","type-page","status-publish","hentry"],"_links":{"self":[{"href":"https:\/\/inspectone.pt\/de\/wp-json\/wp\/v2\/pages\/5757","targetHints":{"allow":["GET"]}}],"collection":[{"href":"https:\/\/inspectone.pt\/de\/wp-json\/wp\/v2\/pages"}],"about":[{"href":"https:\/\/inspectone.pt\/de\/wp-json\/wp\/v2\/types\/page"}],"author":[{"embeddable":true,"href":"https:\/\/inspectone.pt\/de\/wp-json\/wp\/v2\/users\/1"}],"replies":[{"embeddable":true,"href":"https:\/\/inspectone.pt\/de\/wp-json\/wp\/v2\/comments?post=5757"}],"version-history":[{"count":2,"href":"https:\/\/inspectone.pt\/de\/wp-json\/wp\/v2\/pages\/5757\/revisions"}],"predecessor-version":[{"id":5799,"href":"https:\/\/inspectone.pt\/de\/wp-json\/wp\/v2\/pages\/5757\/revisions\/5799"}],"wp:attachment":[{"href":"https:\/\/inspectone.pt\/de\/wp-json\/wp\/v2\/media?parent=5757"}],"curies":[{"name":"wp","href":"https:\/\/api.w.org\/{rel}","templated":true}]}}