{"id":5768,"date":"2025-10-22T13:57:47","date_gmt":"2025-10-22T13:57:47","guid":{"rendered":"https:\/\/inspectone.pt\/geschaefts-und-kaufbedingungen\/"},"modified":"2025-12-09T10:48:54","modified_gmt":"2025-12-09T10:48:54","slug":"geschaefts-und-kaufbedingungen","status":"publish","type":"page","link":"https:\/\/inspectone.pt\/de\/geschaefts-und-kaufbedingungen\/","title":{"rendered":"Gesch\u00e4fts- und Kaufbedingungen"},"content":{"rendered":"\t\t<div data-elementor-type=\"wp-page\" data-elementor-id=\"5768\" class=\"elementor elementor-5768 elementor-4468\" data-elementor-post-type=\"page\">\n\t\t\t\t<div class=\"elementor-element elementor-element-59c7735 e-flex e-con-boxed e-con e-parent\" data-id=\"59c7735\" data-element_type=\"container\" data-e-type=\"container\">\n\t\t\t\t\t<div class=\"e-con-inner\">\n\t\t\t\t<div class=\"elementor-element elementor-element-e832f67 elementor-widget elementor-widget-heading\" data-id=\"e832f67\" data-element_type=\"widget\" data-e-type=\"widget\" data-widget_type=\"heading.default\">\n\t\t\t\t\t<h2 class=\"elementor-heading-title elementor-size-default\">Nutzungsbedingungen<\/h2>\t\t\t\t<\/div>\n\t\t<div class=\"elementor-element elementor-element-e203793 e-con-full e-flex e-con e-child\" data-id=\"e203793\" data-element_type=\"container\" data-e-type=\"container\">\n\t\t\t\t<div class=\"elementor-element elementor-element-ce6220e elementor-widget elementor-widget-text-editor\" data-id=\"ce6220e\" data-element_type=\"widget\" data-e-type=\"widget\" data-widget_type=\"text-editor.default\">\n\t\t\t\t\t\t\t\t\t<p><strong data-start=\"430\" data-end=\"453\">Zuletzt aktualisiert:<\/strong> 04. Dezember 2025<br data-start=\"476\" data-end=\"479\"><strong data-start=\"479\" data-end=\"495\">Verantwortlich:<\/strong> Meridiano Aprumado, Lda<br data-start=\"519\" data-end=\"522\">Hauptsitz: Estrada do Sineiro, Nr. 48, Covilh\u00e3 6200-209, Portugal<br data-start=\"581\" data-end=\"584\">E-Mail: <a class=\"decorated-link cursor-pointer\" rel=\"noopener\" data-start=\"591\" data-end=\"615\">management@inspectone.pt<\/a><br data-start=\"615\" data-end=\"618\">Telefon: +351 928 406 094<\/p>\t\t\t\t\t\t\t\t<\/div>\n\t\t\t\t<\/div>\n\t\t\t\t<div class=\"elementor-element elementor-element-697228c elementor-widget elementor-widget-heading\" data-id=\"697228c\" data-element_type=\"widget\" data-e-type=\"widget\" data-widget_type=\"heading.default\">\n\t\t\t\t\t<h2 class=\"elementor-heading-title elementor-size-default\">1. Annahme der Bedingungen<\/h2>\t\t\t\t<\/div>\n\t\t\t\t<div class=\"elementor-element elementor-element-14d96e2 elementor-widget elementor-widget-text-editor\" data-id=\"14d96e2\" data-element_type=\"widget\" data-e-type=\"widget\" data-widget_type=\"text-editor.default\">\n\t\t\t\t\t\t\t\t\t<p data-start=\"683\" data-end=\"888\">Durch den Zugriff auf oder die <strong data-start=\"715\" data-end=\"730\">Nutzung der InspectOne-Website<\/strong> (im Folgenden &#8222;Website&#8220;) erkl\u00e4rt der Nutzer, dass er diese Gesch\u00e4ftsbedingungen sowie alle geltenden Gesetze gelesen, verstanden und sich bereit erkl\u00e4rt, einzuhalten.<\/p><p data-start=\"890\" data-end=\"1006\">Wenn Sie mit keiner der hier genannten Bestimmungen einverstanden sind, m\u00fcssen Sie die Nutzung der Website umgehend einstellen.<\/p>\t\t\t\t\t\t\t\t<\/div>\n\t\t\t\t<div class=\"elementor-element elementor-element-f62c021 elementor-widget elementor-widget-heading\" data-id=\"f62c021\" data-element_type=\"widget\" data-e-type=\"widget\" data-widget_type=\"heading.default\">\n\t\t\t\t\t<h2 class=\"elementor-heading-title elementor-size-default\">2. Erbrachte Dienstleistung<\/h2>\t\t\t\t<\/div>\n\t\t\t\t<div class=\"elementor-element elementor-element-09e6a53 elementor-widget elementor-widget-text-editor\" data-id=\"09e6a53\" data-element_type=\"widget\" data-e-type=\"widget\" data-widget_type=\"text-editor.default\">\n\t\t\t\t\t\t\t\t\t<p data-start=\"1041\" data-end=\"1179\">Die Website soll Informationen zu den von <strong data-start=\"1120\" data-end=\"1147\">Meridiano Aprumado, LDA<\/strong> angebotenen Dienstleistungen bereitstellen, einschlie\u00dflich, aber nicht beschr\u00e4nkt auf:<\/p><ul data-start=\"1181\" data-end=\"1321\"><li data-start=\"1181\" data-end=\"1210\"><p data-start=\"1183\" data-end=\"1210\">institutionelle Informationen,<\/p><\/li><li data-start=\"1211\" data-end=\"1235\"><p data-start=\"1213\" data-end=\"1235\">Kontaktanfragen,<\/p><\/li><li data-start=\"1236\" data-end=\"1261\"><p data-start=\"1238\" data-end=\"1261\">Servicebuchung,<\/p><\/li><li data-start=\"1262\" data-end=\"1321\"><p data-start=\"1264\" data-end=\"1321\">Bereitstellung von Dokumenten oder informativen Inhalten.<\/p><\/li><\/ul><p data-start=\"1323\" data-end=\"1464\">Das Unternehmen beh\u00e4lt sich das Recht vor, jede Funktionalit\u00e4t der Website jederzeit ohne Vorank\u00fcndigung zu \u00e4ndern, auszusetzen oder einzustellen.<\/p>\t\t\t\t\t\t\t\t<\/div>\n\t\t\t\t<div class=\"elementor-element elementor-element-b637bf2 elementor-widget elementor-widget-heading\" data-id=\"b637bf2\" data-element_type=\"widget\" data-e-type=\"widget\" data-widget_type=\"heading.default\">\n\t\t\t\t\t<h2 class=\"elementor-heading-title elementor-size-default\">3. Geistiges Eigentum<\/h2>\t\t\t\t<\/div>\n\t\t\t\t<div class=\"elementor-element elementor-element-1936c78 elementor-widget elementor-widget-text-editor\" data-id=\"1936c78\" data-element_type=\"widget\" data-e-type=\"widget\" data-widget_type=\"text-editor.default\">\n\t\t\t\t\t\t\t\t\t<p data-start=\"1506\" data-end=\"1835\">Alle Inhalte auf der Website \u2013 einschlie\u00dflich Texte, Bilder, Logos, Grafiken, Symbole, Videos, Dokumente, Software und Struktur \u2013 sind Eigentum von Meridiano Aprumado, Lda oder ordnungsgem\u00e4\u00df autorisierten Dritten und sind durch portugiesisches und europ\u00e4isches Urheberrecht und geistiges Eigentum gesch\u00fctzt.<\/p><p data-start=\"1837\" data-end=\"1862\">Dem Nutzer ist es untersagt:<\/p><ul data-start=\"1864\" data-end=\"2084\"><li data-start=\"1864\" data-end=\"1942\"><p data-start=\"1866\" data-end=\"1942\">Inhalte ohne vorherige Genehmigung kopieren, reproduzieren oder verbreiten;<\/p><\/li><li data-start=\"1943\" data-end=\"2003\"><p data-start=\"1945\" data-end=\"2003\">Werke ver\u00e4ndern, anpassen, \u00fcbersetzen oder abgeleitete Werke schaffen;<\/p><\/li><li data-start=\"2004\" data-end=\"2084\"><p data-start=\"2006\" data-end=\"2084\">Verwenden Sie die Inhalte f\u00fcr kommerzielle Zwecke ohne schriftliche Genehmigung des Unternehmens.<\/p><\/li><\/ul>\t\t\t\t\t\t\t\t<\/div>\n\t\t\t\t<div class=\"elementor-element elementor-element-f623b74 elementor-widget elementor-widget-heading\" data-id=\"f623b74\" data-element_type=\"widget\" data-e-type=\"widget\" data-widget_type=\"heading.default\">\n\t\t\t\t\t<h2 class=\"elementor-heading-title elementor-size-default\">4. Nutzungslizenz<\/h2>\t\t\t\t<\/div>\n\t\t\t\t<div class=\"elementor-element elementor-element-07a707e elementor-widget elementor-widget-text-editor\" data-id=\"07a707e\" data-element_type=\"widget\" data-e-type=\"widget\" data-widget_type=\"text-editor.default\">\n\t\t\t\t\t\t\t\t\t<p data-start=\"2124\" data-end=\"2272\">Ihnen wird eine begrenzte, nicht-exklusive, nicht \u00fcbertragbare Lizenz erteilt, um die Website ausschlie\u00dflich f\u00fcr pers\u00f6nliche, nicht-kommerzielle Zwecke zu nutzen.<\/p><p data-start=\"2274\" data-end=\"2313\">Diese Lizenz erlaubt insbesondere nicht:<\/p><ul data-start=\"2315\" data-end=\"2551\"><li data-start=\"2315\" data-end=\"2410\"><p data-start=\"2317\" data-end=\"2410\">Reverse engineer, dekompilieren oder \u00fcbersetzen Sie jeden Teil der Software der Website;<\/p><\/li><li data-start=\"2411\" data-end=\"2469\"><p data-start=\"2413\" data-end=\"2469\">Urheberrechts- oder Eigentumshinweise entfernen;<\/p><\/li><li data-start=\"2470\" data-end=\"2551\"><p data-start=\"2472\" data-end=\"2551\">die Website auf betr\u00fcgerische, missbr\u00e4uchliche oder sicherheitsgef\u00e4hrdende Weise zu nutzen.<\/p><\/li><\/ul><p data-start=\"2553\" data-end=\"2621\">Ein Versto\u00df gegen diese Bedingungen bedeutet sofortige K\u00fcndigung der Lizenz.<\/p>\t\t\t\t\t\t\t\t<\/div>\n\t\t\t\t<div class=\"elementor-element elementor-element-3c29ca0 elementor-widget elementor-widget-heading\" data-id=\"3c29ca0\" data-element_type=\"widget\" data-e-type=\"widget\" data-widget_type=\"heading.default\">\n\t\t\t\t\t<h2 class=\"elementor-heading-title elementor-size-default\">5. Nutzerinhalte<\/h2>\t\t\t\t<\/div>\n\t\t\t\t<div class=\"elementor-element elementor-element-277ea50 elementor-widget elementor-widget-text-editor\" data-id=\"277ea50\" data-element_type=\"widget\" data-e-type=\"widget\" data-widget_type=\"text-editor.default\">\n\t\t\t\t\t\t\t\t\t<p data-start=\"2663\" data-end=\"2771\">Wenn Sie Daten, Formulare, Nachrichten oder andere Inhalte \u00fcber die Website einreichen, erkl\u00e4ren Sie:<\/p><ul data-start=\"2773\" data-end=\"2907\"><li data-start=\"2773\" data-end=\"2809\"><p data-start=\"2775\" data-end=\"2809\">Der Inhalt ist wahr und genau;<\/p><\/li><li data-start=\"2810\" data-end=\"2846\"><p data-start=\"2812\" data-end=\"2846\">die Rechte Dritter nicht verletzt;<\/p><\/li><li data-start=\"2847\" data-end=\"2907\"><p data-start=\"2849\" data-end=\"2907\">Es enth\u00e4lt keine Viren, keine b\u00f6sartigen Skripte oder illegale Inhalte.<\/p><\/li><\/ul><p data-start=\"2909\" data-end=\"2984\">Das Unternehmen kann Inhalte ablehnen oder entfernen, die als unangemessen angesehen werden.<\/p>\t\t\t\t\t\t\t\t<\/div>\n\t\t\t\t<div class=\"elementor-element elementor-element-f850cf5 elementor-widget elementor-widget-heading\" data-id=\"f850cf5\" data-element_type=\"widget\" data-e-type=\"widget\" data-widget_type=\"heading.default\">\n\t\t\t\t\t<h2 class=\"elementor-heading-title elementor-size-default\">6. Haftungsausschluss<\/h2>\t\t\t\t<\/div>\n\t\t\t\t<div class=\"elementor-element elementor-element-0f44db8 elementor-widget elementor-widget-text-editor\" data-id=\"0f44db8\" data-element_type=\"widget\" data-e-type=\"widget\" data-widget_type=\"text-editor.default\">\n\t\t\t\t\t\t\t\t\t<p data-start=\"3045\" data-end=\"3154\">Die Website und ihre Inhalte werden <strong data-start=\"3090\" data-end=\"3110\">&#8222;wie sie sind&#8220; bereitgestellt.<\/strong> Meridiano Aprumado, Lda garantiert nicht, dass: <\/p><ul data-start=\"3156\" data-end=\"3339\"><li data-start=\"3156\" data-end=\"3213\"><p data-start=\"3158\" data-end=\"3213\">die Website arbeitet ohne Unterbrechungen, Fehler oder Ausf\u00e4lle;<\/p><\/li><li data-start=\"3214\" data-end=\"3270\"><p data-start=\"3216\" data-end=\"3270\">Der Inhalt ist korrekt, vollst\u00e4ndig oder aktuell;<\/p><\/li><li data-start=\"3271\" data-end=\"3339\"><p data-start=\"3273\" data-end=\"3339\">Der Zugriff ist kontinuierlich oder frei von Viren und sch\u00e4dlichen Komponenten.<\/p><\/li><\/ul><p data-start=\"3341\" data-end=\"3456\">Das Unternehmen kann die Website vor\u00fcbergehend f\u00fcr Wartung, Aktualisierungen oder andere technische Bed\u00fcrfnisse aussetzen.<\/p>\t\t\t\t\t\t\t\t<\/div>\n\t\t\t\t<div class=\"elementor-element elementor-element-64690a4 elementor-widget elementor-widget-heading\" data-id=\"64690a4\" data-element_type=\"widget\" data-e-type=\"widget\" data-widget_type=\"heading.default\">\n\t\t\t\t\t<h2 class=\"elementor-heading-title elementor-size-default\">7. Haftungsbegrenzung<\/h2>\t\t\t\t<\/div>\n\t\t\t\t<div class=\"elementor-element elementor-element-fa5ed7c elementor-widget elementor-widget-text-editor\" data-id=\"fa5ed7c\" data-element_type=\"widget\" data-e-type=\"widget\" data-widget_type=\"text-editor.default\">\n\t\t\t\t\t\t\t\t\t<p data-start=\"3504\" data-end=\"3666\">Soweit es gesetzlich erlaubt ist, haftet Meridiano Aprumado, Lda nicht f\u00fcr direkte, indirekte, zuf\u00e4llige oder daraus resultierende Sch\u00e4den, die sich aus folgenden Folgen ergeben:<\/p><ul data-start=\"3668\" data-end=\"3841\"><li data-start=\"3668\" data-end=\"3724\"><p data-start=\"3670\" data-end=\"3724\">Nutzung oder Unf\u00e4higkeit zur Nutzung der Website;<\/p><\/li><li data-start=\"3725\" data-end=\"3772\"><p data-start=\"3727\" data-end=\"3772\">Datenverlust oder Unterbrechung der Aktivit\u00e4t;<\/p><\/li><li data-start=\"3773\" data-end=\"3841\"><p data-start=\"3775\" data-end=\"3841\">Nutzung externer Websites, die \u00fcber Links auf der Website zug\u00e4nglich sind.<\/p><\/li><\/ul><p data-start=\"3843\" data-end=\"3913\">Sie \u00fcbernehmen die volle Verantwortung f\u00fcr Ihre Nutzung der Website.<\/p>\t\t\t\t\t\t\t\t<\/div>\n\t\t\t\t<div class=\"elementor-element elementor-element-594077f elementor-widget elementor-widget-heading\" data-id=\"594077f\" data-element_type=\"widget\" data-e-type=\"widget\" data-widget_type=\"heading.default\">\n\t\t\t\t\t<h2 class=\"elementor-heading-title elementor-size-default\">8. Links zu Drittanbieter-Websites<\/h2>\t\t\t\t<\/div>\n\t\t\t\t<div class=\"elementor-element elementor-element-79de356 elementor-widget elementor-widget-text-editor\" data-id=\"79de356\" data-element_type=\"widget\" data-e-type=\"widget\" data-widget_type=\"text-editor.default\">\n\t\t\t\t\t\t\t\t\t<p data-start=\"3964\" data-end=\"4048\">Die Website kann Links zu Drittanbieter-Websites enthalten.<br data-start=\"4019\" data-end=\"4022\">A Meridiano Aprumado, Lda:<\/p><ul data-start=\"4050\" data-end=\"4176\"><li data-start=\"4050\" data-end=\"4067\"><p data-start=\"4052\" data-end=\"4067\">nicht kontrolliert,<\/p><\/li><li data-start=\"4068\" data-end=\"4084\"><p data-start=\"4070\" data-end=\"4084\">garantiert nicht,<\/p><\/li><li data-start=\"4085\" data-end=\"4176\"><p data-start=\"4087\" data-end=\"4176\">ebenso \u00fcbernimmt sie keine Verantwortung f\u00fcr Inhalte, Richtlinien, Sicherheit oder Praktiken dieser Seiten.<\/p><\/li><\/ul><p data-start=\"4178\" data-end=\"4232\">Sie greifen auf eigene Gefahr auf solche Links zu.<\/p>\t\t\t\t\t\t\t\t<\/div>\n\t\t\t\t<div class=\"elementor-element elementor-element-3912c8b elementor-widget elementor-widget-heading\" data-id=\"3912c8b\" data-element_type=\"widget\" data-e-type=\"widget\" data-widget_type=\"heading.default\">\n\t\t\t\t\t<h2 class=\"elementor-heading-title elementor-size-default\">9. Datenschutz und Datenschutz<\/h2>\t\t\t\t<\/div>\n\t\t\t\t<div class=\"elementor-element elementor-element-929e4d2 elementor-widget elementor-widget-text-editor\" data-id=\"929e4d2\" data-element_type=\"widget\" data-e-type=\"widget\" data-widget_type=\"text-editor.default\">\n\t\t\t\t\t\t\t\t\t<p data-start=\"4282\" data-end=\"4339\">Die Nutzung der Website impliziert das Lesen und die Akzeptanz von:<\/p><ul data-start=\"4341\" data-end=\"4398\"><li data-start=\"4341\" data-end=\"4372\"><p data-start=\"4343\" data-end=\"4372\"><strong data-start=\"4343\" data-end=\"4370\">Datenschutzrichtlinie<\/strong><\/p><\/li><li data-start=\"4373\" data-end=\"4398\"><p data-start=\"4375\" data-end=\"4398\"><strong data-start=\"4375\" data-end=\"4398\">Cookie-Richtlinie<\/strong><\/p><\/li><\/ul><p data-start=\"4400\" data-end=\"4582\">Diese Richtlinien sind auf der Website verf\u00fcgbar und definieren, wie wir personenbezogene Daten der Nutzer gem\u00e4\u00df <strong data-start=\"4527\" data-end=\"4581\">der Datenschutzverordnung (DSGVO) verarbeiten.<\/strong><\/p>\t\t\t\t\t\t\t\t<\/div>\n\t\t\t\t<div class=\"elementor-element elementor-element-d22e7b8 elementor-widget elementor-widget-heading\" data-id=\"d22e7b8\" data-element_type=\"widget\" data-e-type=\"widget\" data-widget_type=\"heading.default\">\n\t\t\t\t\t<h2 class=\"elementor-heading-title elementor-size-default\">10. Alternative Streitbeilegung (ADR)<\/h2>\t\t\t\t<\/div>\n\t\t\t\t<div class=\"elementor-element elementor-element-75b0777 elementor-widget elementor-widget-text-editor\" data-id=\"75b0777\" data-element_type=\"widget\" data-e-type=\"widget\" data-widget_type=\"text-editor.default\">\n\t\t\t\t\t\t\t\t\t<p data-start=\"4720\" data-end=\"4920\">Im Falle eines Verbraucherstreits kann der Nutzer sich an eine alternative Streitbeilegungsstelle wenden.<br data-start=\"4832\" data-end=\"4835\">Die Liste der ADR-Einheiten ist zu finden unter:<br data-start=\"4884\" data-end=\"4887\">https:\/\/www.consumidor.gov.pt\/<\/p><p data-start=\"4922\" data-end=\"5056\">Meridiano Aprumado, LDA teilt au\u00dferdem mit, dass es weder verpflichtet noch verpflichtet ist, sich an einen bestimmten ADR-Mechanismus zu halten.<\/p>\t\t\t\t\t\t\t\t<\/div>\n\t\t\t\t<div class=\"elementor-element elementor-element-21a064f elementor-widget elementor-widget-heading\" data-id=\"21a064f\" data-element_type=\"widget\" data-e-type=\"widget\" data-widget_type=\"heading.default\">\n\t\t\t\t\t<h2 class=\"elementor-heading-title elementor-size-default\">11. \u00c4nderungen der Bedingungen<\/h2>\t\t\t\t<\/div>\n\t\t\t\t<div class=\"elementor-element elementor-element-641a746 elementor-widget elementor-widget-text-editor\" data-id=\"641a746\" data-element_type=\"widget\" data-e-type=\"widget\" data-widget_type=\"text-editor.default\">\n\t\t\t\t\t\t\t\t\t<p data-start=\"5099\" data-end=\"5284\">Meridiano Aprumado, Lda kann diese Gesch\u00e4ftsbedingungen jederzeit aktualisieren oder \u00e4ndern.<br data-start=\"5202\" data-end=\"5205\">Die aktualisierte Version wird auf der Website mit einer Angabe des \u00dcberarbeitungsdatums ver\u00f6ffentlicht.<\/p><p data-start=\"5286\" data-end=\"5371\">Die fortgesetzte Nutzung der Website nach dem Posten bedeutet die Zustimmung zu den \u00c4nderungen.<\/p>\t\t\t\t\t\t\t\t<\/div>\n\t\t\t\t\t<\/div>\n\t\t\t\t<\/div>\n\t\t\t\t<\/div>\n\t\t","protected":false},"excerpt":{"rendered":"<p>Nutzungsbedingungen Zuletzt aktualisiert: 04. Dezember 2025Verantwortlich: Meridiano Aprumado, LdaHauptsitz: Estrada do Sineiro, Nr. 48, Covilh\u00e3 6200-209, PortugalE-Mail: management@inspectone.ptTelefon: +351 928 406 094 1. Annahme der Bedingungen Durch den Zugriff auf oder die Nutzung der InspectOne-Website (im Folgenden &#8222;Website&#8220;) erkl\u00e4rt der Nutzer, dass er diese Gesch\u00e4ftsbedingungen sowie alle geltenden Gesetze gelesen, verstanden und sich bereit erkl\u00e4rt, [&hellip;]<\/p>\n","protected":false},"author":1,"featured_media":0,"parent":0,"menu_order":0,"comment_status":"closed","ping_status":"closed","template":"","meta":{"footnotes":""},"class_list":["post-5768","page","type-page","status-publish","hentry"],"_links":{"self":[{"href":"https:\/\/inspectone.pt\/de\/wp-json\/wp\/v2\/pages\/5768","targetHints":{"allow":["GET"]}}],"collection":[{"href":"https:\/\/inspectone.pt\/de\/wp-json\/wp\/v2\/pages"}],"about":[{"href":"https:\/\/inspectone.pt\/de\/wp-json\/wp\/v2\/types\/page"}],"author":[{"embeddable":true,"href":"https:\/\/inspectone.pt\/de\/wp-json\/wp\/v2\/users\/1"}],"replies":[{"embeddable":true,"href":"https:\/\/inspectone.pt\/de\/wp-json\/wp\/v2\/comments?post=5768"}],"version-history":[{"count":3,"href":"https:\/\/inspectone.pt\/de\/wp-json\/wp\/v2\/pages\/5768\/revisions"}],"predecessor-version":[{"id":5833,"href":"https:\/\/inspectone.pt\/de\/wp-json\/wp\/v2\/pages\/5768\/revisions\/5833"}],"wp:attachment":[{"href":"https:\/\/inspectone.pt\/de\/wp-json\/wp\/v2\/media?parent=5768"}],"curies":[{"name":"wp","href":"https:\/\/api.w.org\/{rel}","templated":true}]}}