{"id":4780,"date":"2025-09-16T13:27:48","date_gmt":"2025-09-16T13:27:48","guid":{"rendered":"https:\/\/inspectone.pt\/contact\/"},"modified":"2025-11-25T09:44:38","modified_gmt":"2025-11-25T09:44:38","slug":"contact","status":"publish","type":"page","link":"https:\/\/inspectone.pt\/en\/contact\/","title":{"rendered":"Contact"},"content":{"rendered":"\t\t<div data-elementor-type=\"wp-page\" data-elementor-id=\"4780\" class=\"elementor elementor-4780 elementor-3387\" data-elementor-post-type=\"page\">\n\t\t\t\t<div class=\"elementor-element elementor-element-a9fd009 e-flex e-con-boxed e-con e-parent\" data-id=\"a9fd009\" data-element_type=\"container\" data-e-type=\"container\">\n\t\t\t\t\t<div class=\"e-con-inner\">\n\t\t\t\t<div class=\"elementor-element elementor-element-687a740 elementor-widget elementor-widget-heading\" data-id=\"687a740\" data-element_type=\"widget\" data-e-type=\"widget\" data-widget_type=\"heading.default\">\n\t\t\t\t\t<h1 class=\"elementor-heading-title elementor-size-default\">Contact<\/h1>\t\t\t\t<\/div>\n\t\t\t\t<div class=\"elementor-element elementor-element-15fac99 elementor-widget elementor-widget-text-editor\" data-id=\"15fac99\" data-element_type=\"widget\" data-e-type=\"widget\" data-widget_type=\"text-editor.default\">\n\t\t\t\t\t\t\t\t\t<p>We are available to answer all your questions and help you schedule your technical building inspection anywhere in the country. Contact us by email, phone, whatsapp or via the online form. We&#8217;ll get back to you quickly.  <\/p>\t\t\t\t\t\t\t\t<\/div>\n\t\t\t\t\t<\/div>\n\t\t\t\t<\/div>\n\t\t<div class=\"elementor-element elementor-element-32729e5 e-flex e-con-boxed e-con e-parent\" data-id=\"32729e5\" data-element_type=\"container\" data-e-type=\"container\" data-settings=\"{&quot;background_background&quot;:&quot;classic&quot;}\">\n\t\t\t\t\t<div class=\"e-con-inner\">\n\t\t<div class=\"elementor-element elementor-element-1d054f9 e-grid e-con-boxed e-con e-child\" data-id=\"1d054f9\" data-element_type=\"container\" data-e-type=\"container\" data-settings=\"{&quot;background_background&quot;:&quot;classic&quot;}\">\n\t\t\t\t\t<div class=\"e-con-inner\">\n\t\t<div class=\"elementor-element elementor-element-bbe1007 e-con-full e-flex e-con e-child\" data-id=\"bbe1007\" data-element_type=\"container\" data-e-type=\"container\">\n\t\t\t\t<div class=\"elementor-element elementor-element-a024588 elementor-widget elementor-widget-heading\" data-id=\"a024588\" data-element_type=\"widget\" data-e-type=\"widget\" data-widget_type=\"heading.default\">\n\t\t\t\t\t<h3 class=\"elementor-heading-title elementor-size-default\">Telephone<\/h3>\t\t\t\t<\/div>\n\t\t\t\t<div class=\"elementor-element elementor-element-fcdddd9 elementor-widget elementor-widget-heading\" data-id=\"fcdddd9\" data-element_type=\"widget\" data-e-type=\"widget\" data-widget_type=\"heading.default\">\n\t\t\t\t\t<p class=\"elementor-heading-title elementor-size-default\">+351 928 406 094<br>Monday to Friday, 9H-18H<\/p>\t\t\t\t<\/div>\n\t\t\t\t<\/div>\n\t\t<div class=\"elementor-element elementor-element-dc25451 e-con-full e-flex e-con e-child\" data-id=\"dc25451\" data-element_type=\"container\" data-e-type=\"container\">\n\t\t\t\t<div class=\"elementor-element elementor-element-6ffd2ca elementor-widget elementor-widget-heading\" data-id=\"6ffd2ca\" data-element_type=\"widget\" data-e-type=\"widget\" data-widget_type=\"heading.default\">\n\t\t\t\t\t<h3 class=\"elementor-heading-title elementor-size-default\">Email<\/h3>\t\t\t\t<\/div>\n\t\t\t\t<div class=\"elementor-element elementor-element-23bab18 elementor-widget elementor-widget-heading\" data-id=\"23bab18\" data-element_type=\"widget\" data-e-type=\"widget\" data-widget_type=\"heading.default\">\n\t\t\t\t\t<p class=\"elementor-heading-title elementor-size-default\">sales@inspectone.pt<br>management@inspectone.pt<\/p>\t\t\t\t<\/div>\n\t\t\t\t<\/div>\n\t\t<div class=\"elementor-element elementor-element-f887409 e-con-full e-flex e-con e-child\" data-id=\"f887409\" data-element_type=\"container\" data-e-type=\"container\">\n\t\t\t\t<div class=\"elementor-element elementor-element-c1880fe elementor-widget elementor-widget-heading\" data-id=\"c1880fe\" data-element_type=\"widget\" data-e-type=\"widget\" data-widget_type=\"heading.default\">\n\t\t\t\t\t<h3 class=\"elementor-heading-title elementor-size-default\">Whatsapp<\/h3>\t\t\t\t<\/div>\n\t\t\t\t<div class=\"elementor-element elementor-element-4d67c87 elementor-widget elementor-widget-heading\" data-id=\"4d67c87\" data-element_type=\"widget\" data-e-type=\"widget\" data-widget_type=\"heading.default\">\n\t\t\t\t\t<p class=\"elementor-heading-title elementor-size-default\">Send a message to:<br>+351 928 406 094<\/p>\t\t\t\t<\/div>\n\t\t\t\t<\/div>\n\t\t\t\t\t<\/div>\n\t\t\t\t<\/div>\n\t\t\t\t\t<\/div>\n\t\t\t\t<\/div>\n\t\t<div class=\"elementor-element elementor-element-45ea7fb e-flex e-con-boxed e-con e-parent\" data-id=\"45ea7fb\" data-element_type=\"container\" data-e-type=\"container\">\n\t\t\t\t\t<div class=\"e-con-inner\">\n\t\t\t\t<div class=\"elementor-element elementor-element-d5da7cb elementor-widget elementor-widget-heading\" data-id=\"d5da7cb\" data-element_type=\"widget\" data-e-type=\"widget\" data-widget_type=\"heading.default\">\n\t\t\t\t\t<h2 class=\"elementor-heading-title elementor-size-default\">Contact form<\/h2>\t\t\t\t<\/div>\n\t\t\t\t<div class=\"elementor-element elementor-element-f3228aa elementor-widget elementor-widget-text-editor\" data-id=\"f3228aa\" data-element_type=\"widget\" data-e-type=\"widget\" data-widget_type=\"text-editor.default\">\n\t\t\t\t\t\t\t\t\t<p>Fill in the form below and our team will contact you within 24 working hours.<\/p>\t\t\t\t\t\t\t\t<\/div>\n\t\t\t\t<div class=\"elementor-element elementor-element-b37ce01 elementor-button-align-center elementor-widget-mobile__width-initial elementor-widget elementor-widget-form\" data-id=\"b37ce01\" data-element_type=\"widget\" data-e-type=\"widget\" data-settings=\"{&quot;step_next_label&quot;:&quot;Next&quot;,&quot;step_previous_label&quot;:&quot;Previous&quot;,&quot;button_width&quot;:&quot;100&quot;,&quot;step_type&quot;:&quot;number_text&quot;,&quot;step_icon_shape&quot;:&quot;circle&quot;}\" data-widget_type=\"form.default\">\n\t\t\t\t\t\t\t<form class=\"elementor-form\" method=\"post\" name=\"form\" aria-label=\"form\">\n\t\t\t<input type=\"hidden\" name=\"post_id\" value=\"4780\"\/>\n\t\t\t<input type=\"hidden\" name=\"form_id\" value=\"b37ce01\"\/>\n\t\t\t<input type=\"hidden\" name=\"referer_title\" value=\"Contact Us - Schedule Your Home Inspection | InspectOne\" \/>\n\n\t\t\t\t\t\t\t<input type=\"hidden\" name=\"queried_id\" value=\"4780\"\/>\n\t\t\t\n\t\t\t<div class=\"elementor-form-fields-wrapper elementor-labels-above\">\n\t\t\t\t\t\t\t\t<div class=\"elementor-field-type-text elementor-field-group elementor-column elementor-field-group-name elementor-col-50 elementor-field-required elementor-mark-required\">\n\t\t\t\t\t\t\t\t\t\t\t\t<label for=\"form-field-name\" class=\"elementor-field-label\">\n\t\t\t\t\t\t\t\tName and Surname\t\t\t\t\t\t\t<\/label>\n\t\t\t\t\t\t\t\t\t\t\t\t\t\t<input size=\"1\" type=\"text\" name=\"form_fields[name]\" id=\"form-field-name\" class=\"elementor-field elementor-size-md  elementor-field-textual\" placeholder=\"Name and Surname\" required=\"required\">\n\t\t\t\t\t\t\t\t\t\t\t<\/div>\n\t\t\t\t\t\t\t\t<div class=\"elementor-field-type-text elementor-field-group elementor-column elementor-field-group-field_2766a22 elementor-col-50\">\n\t\t\t\t\t\t\t\t\t\t\t\t<label for=\"form-field-field_2766a22\" class=\"elementor-field-label\">\n\t\t\t\t\t\t\t\tTelephone\t\t\t\t\t\t\t<\/label>\n\t\t\t\t\t\t\t\t\t\t\t\t\t\t<input size=\"1\" type=\"text\" name=\"form_fields[field_2766a22]\" id=\"form-field-field_2766a22\" class=\"elementor-field elementor-size-md  elementor-field-textual\" placeholder=\"Telephone\">\n\t\t\t\t\t\t\t\t\t\t\t<\/div>\n\t\t\t\t\t\t\t\t<div class=\"elementor-field-type-email elementor-field-group elementor-column elementor-field-group-field_ad87350 elementor-col-100 elementor-field-required elementor-mark-required\">\n\t\t\t\t\t\t\t\t\t\t\t\t<label for=\"form-field-field_ad87350\" class=\"elementor-field-label\">\n\t\t\t\t\t\t\t\tEmail\t\t\t\t\t\t\t<\/label>\n\t\t\t\t\t\t\t\t\t\t\t\t\t\t<input size=\"1\" type=\"email\" name=\"form_fields[field_ad87350]\" id=\"form-field-field_ad87350\" class=\"elementor-field elementor-size-md  elementor-field-textual\" placeholder=\"Email\" required=\"required\">\n\t\t\t\t\t\t\t\t\t\t\t<\/div>\n\t\t\t\t\t\t\t\t<div class=\"elementor-field-type-textarea elementor-field-group elementor-column elementor-field-group-field_695012a elementor-col-100 elementor-field-required elementor-mark-required\">\n\t\t\t\t\t\t\t\t\t\t\t\t<label for=\"form-field-field_695012a\" class=\"elementor-field-label\">\n\t\t\t\t\t\t\t\tSubject\t\t\t\t\t\t\t<\/label>\n\t\t\t\t\t\t<textarea class=\"elementor-field-textual elementor-field  elementor-size-md\" name=\"form_fields[field_695012a]\" id=\"form-field-field_695012a\" rows=\"3\" placeholder=\"Subject\" required=\"required\"><\/textarea>\t\t\t\t<\/div>\n\t\t\t\t\t\t\t\t<div class=\"elementor-field-type-textarea elementor-field-group elementor-column elementor-field-group-field_7d73c1f elementor-col-100 elementor-field-required elementor-mark-required\">\n\t\t\t\t\t\t\t\t\t\t\t\t<label for=\"form-field-field_7d73c1f\" class=\"elementor-field-label\">\n\t\t\t\t\t\t\t\tMessage\t\t\t\t\t\t\t<\/label>\n\t\t\t\t\t\t<textarea class=\"elementor-field-textual elementor-field  elementor-size-md\" name=\"form_fields[field_7d73c1f]\" id=\"form-field-field_7d73c1f\" rows=\"3\" placeholder=\"Message\" required=\"required\"><\/textarea>\t\t\t\t<\/div>\n\t\t\t\t\t\t\t\t<div class=\"elementor-field-type-upload elementor-field-group elementor-column elementor-field-group-field_89366f2 elementor-col-100\">\n\t\t\t\t\t\t\t\t\t\t\t\t<label for=\"form-field-field_89366f2\" class=\"elementor-field-label\">\n\t\t\t\t\t\t\t\tUpload file\t\t\t\t\t\t\t<\/label>\n\t\t\t\t\t\t\t\t<input type=\"file\" name=\"form_fields[field_89366f2][]\" id=\"form-field-field_89366f2\" class=\"elementor-field elementor-size-md  elementor-upload-field\" multiple=\"multiple\" data-maxsize=\"8\" data-maxsize-message=\"This file exceeds the maximum allowed size.\">\n\n\t\t\t\t\t\t<\/div>\n\t\t\t\t\t\t\t\t<div class=\"elementor-field-group elementor-column elementor-field-type-submit elementor-col-100 e-form__buttons\">\n\t\t\t\t\t<button class=\"elementor-button elementor-size-md elementor-animation-grow\" type=\"submit\">\n\t\t\t\t\t\t<span class=\"elementor-button-content-wrapper\">\n\t\t\t\t\t\t\t\t\t\t\t\t\t\t\t\t\t\t\t\t\t\t<span class=\"elementor-button-text\">Send form<\/span>\n\t\t\t\t\t\t\t\t\t\t\t\t\t<\/span>\n\t\t\t\t\t<\/button>\n\t\t\t\t<\/div>\n\t\t\t<\/div>\n\t\t<\/form>\n\t\t\t\t\t\t<\/div>\n\t\t\t\t<div class=\"elementor-element elementor-element-1c04106 elementor-widget-divider--view-line elementor-widget elementor-widget-divider\" data-id=\"1c04106\" data-element_type=\"widget\" data-e-type=\"widget\" data-widget_type=\"divider.default\">\n\t\t\t\t\t\t\t<div class=\"elementor-divider\">\n\t\t\t<span class=\"elementor-divider-separator\">\n\t\t\t\t\t\t<\/span>\n\t\t<\/div>\n\t\t\t\t\t\t<\/div>\n\t\t\t\t<div class=\"elementor-element elementor-element-d8a4f25 elementor-widget elementor-widget-heading\" data-id=\"d8a4f25\" data-element_type=\"widget\" data-e-type=\"widget\" data-widget_type=\"heading.default\">\n\t\t\t\t\t<h2 class=\"elementor-heading-title elementor-size-default\">Area of Activity<\/h2>\t\t\t\t<\/div>\n\t\t<div class=\"elementor-element elementor-element-849b42e e-grid e-con-full e-con e-child\" data-id=\"849b42e\" data-element_type=\"container\" data-e-type=\"container\">\n\t\t\t\t<div class=\"elementor-element elementor-element-62287bc elementor-widget elementor-widget-text-editor\" data-id=\"62287bc\" data-element_type=\"widget\" data-e-type=\"widget\" data-widget_type=\"text-editor.default\">\n\t\t\t\t\t\t\t\t\t<address>\n  <strong>InspectOne &#8211; Meridiano Aprumado, Lda.<\/strong><br><br>  \n <strong>HEAD OFFICE (Covilh\u00e3):<\/strong><br> Estrada do Sineiro, 48<br> 6200-209, Covilh\u00e3, Portugal\n<\/address>\t\t\t\t\t\t\t\t<\/div>\n\t\t\t\t<div class=\"elementor-element elementor-element-788d357 elementor-widget elementor-widget-text-editor\" data-id=\"788d357\" data-element_type=\"widget\" data-e-type=\"widget\" data-widget_type=\"text-editor.default\">\n\t\t\t\t\t\t\t\t\t<br><br><address>\n  <strong>OFFICE (Matosinhos):<\/strong><br> Edif\u00edcio Olympus Av. Dom Afonso Henriques 1462, N1<br> 4450-013 Matosinhos, Portugal \n<\/address>\t\t\t\t\t\t\t\t<\/div>\n\t\t\t\t<\/div>\n\t\t\t\t<div class=\"elementor-element elementor-element-2f75145 elementor-widget elementor-widget-text-editor\" data-id=\"2f75145\" data-element_type=\"widget\" data-e-type=\"widget\" data-widget_type=\"text-editor.default\">\n\t\t\t\t\t\t\t\t\t<p>Nationwide operation: we carry out technical surveys, technical inspections and real estate diagnostics throughout the country, including:<\/p><ul><li><p><b>Lisbon and Lisbon Metropolitan Area &#8211; <\/b>Lisbon, Cascais, Oeiras, Sintra, Amadora, Odivelas, Loures, Mafra (Ericeira), Vila Franca de Xira, Almada, Seixal, Barreiro, Montijo, Alcochete, Set\u00fabal, Sesimbra, Palmela;<\/p><\/li><li><p><b>Porto and Porto Metropolitan Area &#8211; <\/b>Porto, Braga, Guimar\u00e3es, Viana do Castelo, Bragan\u00e7a, Vila Nova de Gaia, Matosinhos, Gondomar, Maia, Valongo, Vila do Conde, P\u00f3voa de Varzim, Vila Real, Chaves, Amarante, Barcelos, Fafe, Felgueiras, Pa\u00e7os de Ferreira, Santo Tirso, Trofa, Esposende, Vila Nova de Famalic\u00e3o, Mirandela (Ponte de Lima, Caminha, Arcos de Valdevez, Terras de Bouro\/Ger\u00eas);<\/p><\/li><li><p><b>Algarve: Faro, Loul\u00e9, Portim\u00e3o &#8211; <\/b>Faro, Loul\u00e9 (Quinta do Lago, Vale do Lobo), Portim\u00e3o, Albufeira, Olh\u00e3o, Lagos, Tavira, Vilamoura (Quarteira), Lagoa (Carvoeiro), Silves, Vila Real de Santo Ant\u00f3nio, Castro Marim, Aljezur, Monchique;<\/p><\/li><li><p><b>Litoral Centro \/ Silver Coast &#8211; <\/b>Leiria, \u00d3bidos, Nazar\u00e9, Peniche, Caldas da Rainha, S\u00e3o Martinho do Porto, Foz do Arelho, Lourinh\u00e3, Torres Vedras, Figueira da Foz, Coimbra, Aveiro, \u00cdlhavo\/Costa Nova, Vagos, Cantanhede, Santar\u00e9m;<\/p><\/li><li><p><b>Inner Center &#8211; <\/b>Viseu, Guarda, Castelo Branco, Covilh\u00e3, Fund\u00e3o, Tomar, Torres Novas, Our\u00e9m\/F\u00e1tima;<\/p><\/li><li><p><b>Ribatejo \/ Oeste Alargado &#8211; <\/b>Santar\u00e9m (already above), Rio Maior, Cartaxo, Azambuja, Benavente;<\/p><\/li><li><p><b>Alentejo and Alentejo Litoral &#8211; <\/b>\u00c9vora, Beja, Portalegre, Sines, Santiago do Cac\u00e9m, Gr\u00e2ndola (Tr\u00f3ia, Comporta, Carvalhal, Melides), Alc\u00e1cer do Sal, Odemira (Vila Nova de Milfontes, Zambujeira do Mar), Porto Covo;<\/p><\/li><li><p><b>Set\u00fabal and the Set\u00fabal Peninsula &#8211; <\/b>Set\u00fabal, Sesimbra, Palmela, Azeit\u00e3o, Tr\u00f3ia (via Gr\u00e2ndola), Comporta (via Alc\u00e1cer\/Gr\u00e2ndola).<\/p><\/li><\/ul><p> <\/p><p>International operations: we carry out inspections in other countries on request.<\/p>\t\t\t\t\t\t\t\t<\/div>\n\t\t\t\t\t<\/div>\n\t\t\t\t<\/div>\n\t\t\t\t<\/div>\n\t\t","protected":false},"excerpt":{"rendered":"<p>Contact We are available to answer all your questions and help you schedule your technical building inspection anywhere in the country. Contact us by email, phone, whatsapp or via the online form. We&#8217;ll get back to you quickly. Telephone +351 928 406 094Monday to Friday, 9H-18H Email sales@inspectone.ptmanagement@inspectone.pt Whatsapp Send a message to:+351 928 406 [&hellip;]<\/p>\n","protected":false},"author":2,"featured_media":0,"parent":0,"menu_order":0,"comment_status":"closed","ping_status":"closed","template":"","meta":{"footnotes":""},"class_list":["post-4780","page","type-page","status-publish","hentry"],"_links":{"self":[{"href":"https:\/\/inspectone.pt\/en\/wp-json\/wp\/v2\/pages\/4780","targetHints":{"allow":["GET"]}}],"collection":[{"href":"https:\/\/inspectone.pt\/en\/wp-json\/wp\/v2\/pages"}],"about":[{"href":"https:\/\/inspectone.pt\/en\/wp-json\/wp\/v2\/types\/page"}],"author":[{"embeddable":true,"href":"https:\/\/inspectone.pt\/en\/wp-json\/wp\/v2\/users\/2"}],"replies":[{"embeddable":true,"href":"https:\/\/inspectone.pt\/en\/wp-json\/wp\/v2\/comments?post=4780"}],"version-history":[{"count":3,"href":"https:\/\/inspectone.pt\/en\/wp-json\/wp\/v2\/pages\/4780\/revisions"}],"predecessor-version":[{"id":5582,"href":"https:\/\/inspectone.pt\/en\/wp-json\/wp\/v2\/pages\/4780\/revisions\/5582"}],"wp:attachment":[{"href":"https:\/\/inspectone.pt\/en\/wp-json\/wp\/v2\/media?parent=4780"}],"curies":[{"name":"wp","href":"https:\/\/api.w.org\/{rel}","templated":true}]}}