{"id":3998,"date":"2025-09-16T16:09:29","date_gmt":"2025-09-16T16:09:29","guid":{"rendered":"https:\/\/inspectone.pt\/presupuesto\/"},"modified":"2025-12-09T10:53:21","modified_gmt":"2025-12-09T10:53:21","slug":"presupuesto","status":"publish","type":"page","link":"https:\/\/inspectone.pt\/es\/presupuesto\/","title":{"rendered":"Presupuesto"},"content":{"rendered":"\t\t<div data-elementor-type=\"wp-page\" data-elementor-id=\"3998\" class=\"elementor elementor-3998 elementor-3536\" data-elementor-post-type=\"page\">\n\t\t\t\t<div class=\"elementor-element elementor-element-c039693 e-flex e-con-boxed e-con e-parent\" data-id=\"c039693\" data-element_type=\"container\" data-e-type=\"container\">\n\t\t\t\t\t<div class=\"e-con-inner\">\n\t\t\t\t<div class=\"elementor-element elementor-element-6ce5977 elementor-widget elementor-widget-heading\" data-id=\"6ce5977\" data-element_type=\"widget\" data-e-type=\"widget\" data-widget_type=\"heading.default\">\n\t\t\t\t\t<h1 class=\"elementor-heading-title elementor-size-default\">Presupuesto<\/h1>\t\t\t\t<\/div>\n\t\t\t\t<div class=\"elementor-element elementor-element-8895ffe elementor-widget elementor-widget-text-editor\" data-id=\"8895ffe\" data-element_type=\"widget\" data-e-type=\"widget\" data-widget_type=\"text-editor.default\">\n\t\t\t\t\t\t\t\t\t<p>En InspectOne creemos que la seguridad y la confianza a la hora de comprar o vender una propiedad no tienen precio, pero s\u00ed valor. Trabajamos con precios justos, compatibles con el tiempo, la tecnolog\u00eda y los <em>conocimientos<\/em> necesarios para una inspecci\u00f3n t\u00e9cnica profesional e independiente.   <\/p>\t\t\t\t\t\t\t\t<\/div>\n\t\t\t\t<div class=\"elementor-element elementor-element-84787ce elementor-widget-divider--view-line elementor-widget elementor-widget-divider\" data-id=\"84787ce\" data-element_type=\"widget\" data-e-type=\"widget\" data-widget_type=\"divider.default\">\n\t\t\t\t\t\t\t<div class=\"elementor-divider\">\n\t\t\t<span class=\"elementor-divider-separator\">\n\t\t\t\t\t\t<\/span>\n\t\t<\/div>\n\t\t\t\t\t\t<\/div>\n\t\t\t\t\t<\/div>\n\t\t\t\t<\/div>\n\t\t<div class=\"elementor-element elementor-element-89e8705 e-flex e-con-boxed e-con e-child\" data-id=\"89e8705\" data-element_type=\"container\" data-e-type=\"container\">\n\t\t\t\t\t<div class=\"e-con-inner\">\n\t\t\t\t<div class=\"elementor-element elementor-element-6eeb7aa elementor-widget elementor-widget-heading\" data-id=\"6eeb7aa\" data-element_type=\"widget\" data-e-type=\"widget\" data-widget_type=\"heading.default\">\n\t\t\t\t\t<h2 class=\"elementor-heading-title elementor-size-default\">Solicite ya su presupuesto<\/h2>\t\t\t\t<\/div>\n\t\t\t\t<div class=\"elementor-element elementor-element-1b0105b elementor-widget elementor-widget-text-editor\" data-id=\"1b0105b\" data-element_type=\"widget\" data-e-type=\"widget\" data-widget_type=\"text-editor.default\">\n\t\t\t\t\t\t\t\t\t<p>Cada propiedad es \u00fanica, por eso el presupuesto es personalizado y sin compromiso. Basta con rellenar el formulario o contactarnos directamente:<\/p>\t\t\t\t\t\t\t\t<\/div>\n\t\t\t\t<div class=\"elementor-element elementor-element-3ba5a7d elementor-button-align-center elementor-widget-mobile__width-initial elementor-widget elementor-widget-form\" data-id=\"3ba5a7d\" data-element_type=\"widget\" data-e-type=\"widget\" data-settings=\"{&quot;step_next_label&quot;:&quot;Siguiente&quot;,&quot;step_previous_label&quot;:&quot;Anterior&quot;,&quot;step_type&quot;:&quot;none&quot;,&quot;step_icon_shape&quot;:&quot;none&quot;,&quot;button_width&quot;:&quot;100&quot;}\" data-widget_type=\"form.default\">\n\t\t\t\t\t\t\t<form class=\"elementor-form\" method=\"post\" name=\"formulario\" aria-label=\"formulario\">\n\t\t\t<input type=\"hidden\" name=\"post_id\" value=\"3998\"\/>\n\t\t\t<input type=\"hidden\" name=\"form_id\" value=\"3ba5a7d\"\/>\n\t\t\t<input type=\"hidden\" name=\"referer_title\" value=\"Presupuesto: Inspecciones de Casas, Apartamentos - InspectOne\" \/>\n\n\t\t\t\t\t\t\t<input type=\"hidden\" name=\"queried_id\" value=\"3998\"\/>\n\t\t\t\n\t\t\t<div class=\"elementor-form-fields-wrapper elementor-labels-above\">\n\t\t\t\t\t\t\t\t<div class=\"elementor-field-type-text elementor-field-group elementor-column elementor-field-group-name elementor-col-50 elementor-field-required elementor-mark-required\">\n\t\t\t\t\t\t\t\t\t\t\t\t<label for=\"form-field-name\" class=\"elementor-field-label\">\n\t\t\t\t\t\t\t\tNombre y apellidos\t\t\t\t\t\t\t<\/label>\n\t\t\t\t\t\t\t\t\t\t\t\t\t\t<input size=\"1\" type=\"text\" name=\"form_fields[name]\" id=\"form-field-name\" class=\"elementor-field elementor-size-md  elementor-field-textual\" placeholder=\"Nombre y apellidos\" required=\"required\">\n\t\t\t\t\t\t\t\t\t\t\t<\/div>\n\t\t\t\t\t\t\t\t<div class=\"elementor-field-type-text elementor-field-group elementor-column elementor-field-group-email elementor-col-50\">\n\t\t\t\t\t\t\t\t\t\t\t\t<label for=\"form-field-email\" class=\"elementor-field-label\">\n\t\t\t\t\t\t\t\tEmpresa\t\t\t\t\t\t\t<\/label>\n\t\t\t\t\t\t\t\t\t\t\t\t\t\t<input size=\"1\" type=\"text\" name=\"form_fields[email]\" id=\"form-field-email\" class=\"elementor-field elementor-size-md  elementor-field-textual\" placeholder=\"Empresa\">\n\t\t\t\t\t\t\t\t\t\t\t<\/div>\n\t\t\t\t\t\t\t\t<div class=\"elementor-field-type-email elementor-field-group elementor-column elementor-field-group-field_ad87350 elementor-col-50 elementor-field-required elementor-mark-required\">\n\t\t\t\t\t\t\t\t\t\t\t\t<label for=\"form-field-field_ad87350\" class=\"elementor-field-label\">\n\t\t\t\t\t\t\t\tCorreo electr\u00f3nico\t\t\t\t\t\t\t<\/label>\n\t\t\t\t\t\t\t\t\t\t\t\t\t\t<input size=\"1\" type=\"email\" name=\"form_fields[field_ad87350]\" id=\"form-field-field_ad87350\" class=\"elementor-field elementor-size-md  elementor-field-textual\" placeholder=\"Correo electr\u00f3nico\" required=\"required\">\n\t\t\t\t\t\t\t\t\t\t\t<\/div>\n\t\t\t\t\t\t\t\t<div class=\"elementor-field-type-text elementor-field-group elementor-column elementor-field-group-field_2766a22 elementor-col-50\">\n\t\t\t\t\t\t\t\t\t\t\t\t<label for=\"form-field-field_2766a22\" class=\"elementor-field-label\">\n\t\t\t\t\t\t\t\tTel\u00e9fono\t\t\t\t\t\t\t<\/label>\n\t\t\t\t\t\t\t\t\t\t\t\t\t\t<input size=\"1\" type=\"text\" name=\"form_fields[field_2766a22]\" id=\"form-field-field_2766a22\" class=\"elementor-field elementor-size-md  elementor-field-textual\" placeholder=\"Tel\u00e9fono\">\n\t\t\t\t\t\t\t\t\t\t\t<\/div>\n\t\t\t\t\t\t\t\t<div class=\"elementor-field-type-text elementor-field-group elementor-column elementor-field-group-field_5d98154 elementor-col-33 elementor-field-required elementor-mark-required\">\n\t\t\t\t\t\t\t\t\t\t\t\t<label for=\"form-field-field_5d98154\" class=\"elementor-field-label\">\n\t\t\t\t\t\t\t\tPa\u00eds\t\t\t\t\t\t\t<\/label>\n\t\t\t\t\t\t\t\t\t\t\t\t\t\t<input size=\"1\" type=\"text\" name=\"form_fields[field_5d98154]\" id=\"form-field-field_5d98154\" class=\"elementor-field elementor-size-md  elementor-field-textual\" placeholder=\"Pa\u00eds\" required=\"required\">\n\t\t\t\t\t\t\t\t\t\t\t<\/div>\n\t\t\t\t\t\t\t\t<div class=\"elementor-field-type-text elementor-field-group elementor-column elementor-field-group-field_c48ad6c elementor-col-33 elementor-field-required elementor-mark-required\">\n\t\t\t\t\t\t\t\t\t\t\t\t<label for=\"form-field-field_c48ad6c\" class=\"elementor-field-label\">\n\t\t\t\t\t\t\t\tProvincia\t\t\t\t\t\t\t<\/label>\n\t\t\t\t\t\t\t\t\t\t\t\t\t\t<input size=\"1\" type=\"text\" name=\"form_fields[field_c48ad6c]\" id=\"form-field-field_c48ad6c\" class=\"elementor-field elementor-size-md  elementor-field-textual\" placeholder=\"Provincia\" required=\"required\">\n\t\t\t\t\t\t\t\t\t\t\t<\/div>\n\t\t\t\t\t\t\t\t<div class=\"elementor-field-type-text elementor-field-group elementor-column elementor-field-group-field_951e76b elementor-col-33 elementor-field-required elementor-mark-required\">\n\t\t\t\t\t\t\t\t\t\t\t\t<label for=\"form-field-field_951e76b\" class=\"elementor-field-label\">\n\t\t\t\t\t\t\t\tMunicipio\t\t\t\t\t\t\t<\/label>\n\t\t\t\t\t\t\t\t\t\t\t\t\t\t<input size=\"1\" type=\"text\" name=\"form_fields[field_951e76b]\" id=\"form-field-field_951e76b\" class=\"elementor-field elementor-size-md  elementor-field-textual\" placeholder=\"Municipio\" required=\"required\">\n\t\t\t\t\t\t\t\t\t\t\t<\/div>\n\t\t\t\t\t\t\t\t<div class=\"elementor-field-type-text elementor-field-group elementor-column elementor-field-group-field_7fe6ccc elementor-col-50\">\n\t\t\t\t\t\t\t\t\t\t\t\t<label for=\"form-field-field_7fe6ccc\" class=\"elementor-field-label\">\n\t\t\t\t\t\t\t\tDirecci\u00f3n completa\t\t\t\t\t\t\t<\/label>\n\t\t\t\t\t\t\t\t\t\t\t\t\t\t<input size=\"1\" type=\"text\" name=\"form_fields[field_7fe6ccc]\" id=\"form-field-field_7fe6ccc\" class=\"elementor-field elementor-size-md  elementor-field-textual\" placeholder=\"Direcci\u00f3n completa\">\n\t\t\t\t\t\t\t\t\t\t\t<\/div>\n\t\t\t\t\t\t\t\t<div class=\"elementor-field-type-text elementor-field-group elementor-column elementor-field-group-field_b59b718 elementor-col-50\">\n\t\t\t\t\t\t\t\t\t\t\t\t<label for=\"form-field-field_b59b718\" class=\"elementor-field-label\">\n\t\t\t\t\t\t\t\tC\u00f3digo postal\t\t\t\t\t\t\t<\/label>\n\t\t\t\t\t\t\t\t\t\t\t\t\t\t<input size=\"1\" type=\"text\" name=\"form_fields[field_b59b718]\" id=\"form-field-field_b59b718\" class=\"elementor-field elementor-size-md  elementor-field-textual\" placeholder=\"C\u00f3digo postal\">\n\t\t\t\t\t\t\t\t\t\t\t<\/div>\n\t\t\t\t\t\t\t\t<div class=\"elementor-field-type-select elementor-field-group elementor-column elementor-field-group-field_9d40a6c elementor-col-50 elementor-field-required elementor-mark-required\">\n\t\t\t\t\t\t\t\t\t\t\t\t<label for=\"form-field-field_9d40a6c\" class=\"elementor-field-label\">\n\t\t\t\t\t\t\t\tTipo de inmueble\t\t\t\t\t\t\t<\/label>\n\t\t\t\t\t\t\t\t<div class=\"elementor-field elementor-select-wrapper remove-before \">\n\t\t\t<div class=\"select-caret-down-wrapper\">\n\t\t\t\t<svg aria-hidden=\"true\" class=\"e-font-icon-svg e-eicon-caret-down\" viewBox=\"0 0 571.4 571.4\" xmlns=\"http:\/\/www.w3.org\/2000\/svg\"><path d=\"M571 393Q571 407 561 418L311 668Q300 679 286 679T261 668L11 418Q0 407 0 393T11 368 36 357H536Q550 357 561 368T571 393Z\"><\/path><\/svg>\t\t\t<\/div>\n\t\t\t<select name=\"form_fields[field_9d40a6c]\" id=\"form-field-field_9d40a6c\" class=\"elementor-field-textual elementor-size-md\" required=\"required\">\n\t\t\t\t\t\t\t\t\t<option value=\"Otro\">Otro<\/option>\n\t\t\t\t\t\t\t\t\t<option value=\"Residencial\">Residencial<\/option>\n\t\t\t\t\t\t\t\t\t<option value=\"Aparcamiento\">Aparcamiento<\/option>\n\t\t\t\t\t\t\t\t\t<option value=\"Administrativo\">Administrativo<\/option>\n\t\t\t\t\t\t\t\t\t<option value=\"Escolar\">Escolar<\/option>\n\t\t\t\t\t\t\t\t\t<option value=\"Hospitalario\">Hospitalario<\/option>\n\t\t\t\t\t\t\t\t\t<option value=\"Espect\u00e1culos\">Espect\u00e1culos<\/option>\n\t\t\t\t\t\t\t\t\t<option value=\"Hoteleros y Restauraci\u00f3n\">Hoteleros y Restauraci\u00f3n<\/option>\n\t\t\t\t\t\t\t\t\t<option value=\"Comerciales\">Comerciales<\/option>\n\t\t\t\t\t\t\t\t\t<option value=\"Deportivos y Ocio\">Deportivos y Ocio<\/option>\n\t\t\t\t\t\t\t\t\t<option value=\"Industrial\">Industrial<\/option>\n\t\t\t\t\t\t\t\t\t<option value=\"Tur\u00edstico\">Tur\u00edstico<\/option>\n\t\t\t\t\t\t\t\t\t<option value=\"Agr\u00edcolas\">Agr\u00edcolas<\/option>\n\t\t\t\t\t\t\t<\/select>\n\t\t<\/div>\n\t\t\t\t\t\t<\/div>\n\t\t\t\t\t\t\t\t<div class=\"elementor-field-type-text elementor-field-group elementor-column elementor-field-group-field_a4733c2 elementor-col-50 elementor-field-required elementor-mark-required\">\n\t\t\t\t\t\t\t\t\t\t\t\t<label for=\"form-field-field_a4733c2\" class=\"elementor-field-label\">\n\t\t\t\t\t\t\t\tA\u00f1o de construcci\u00f3n\t\t\t\t\t\t\t<\/label>\n\t\t\t\t\t\t\t\t\t\t\t\t\t\t<input size=\"1\" type=\"text\" name=\"form_fields[field_a4733c2]\" id=\"form-field-field_a4733c2\" class=\"elementor-field elementor-size-md  elementor-field-textual\" required=\"required\">\n\t\t\t\t\t\t\t\t\t\t\t<\/div>\n\t\t\t\t\t\t\t\t<div class=\"elementor-field-type-number elementor-field-group elementor-column elementor-field-group-field_0d0978c elementor-col-33 elementor-field-required elementor-mark-required\">\n\t\t\t\t\t\t\t\t\t\t\t\t<label for=\"form-field-field_0d0978c\" class=\"elementor-field-label\">\n\t\t\t\t\t\t\t\tN\u00famero de cocinas\t\t\t\t\t\t\t<\/label>\n\t\t\t\t\t\t\t\t\t<input type=\"number\" name=\"form_fields[field_0d0978c]\" id=\"form-field-field_0d0978c\" class=\"elementor-field elementor-size-md  elementor-field-textual\" required=\"required\" min=\"0\" max=\"\" >\n\t\t\t\t\t\t<\/div>\n\t\t\t\t\t\t\t\t<div class=\"elementor-field-type-number elementor-field-group elementor-column elementor-field-group-field_174df8e elementor-col-33 elementor-field-required elementor-mark-required\">\n\t\t\t\t\t\t\t\t\t\t\t\t<label for=\"form-field-field_174df8e\" class=\"elementor-field-label\">\n\t\t\t\t\t\t\t\tN\u00famero de ba\u00f1os\t\t\t\t\t\t\t<\/label>\n\t\t\t\t\t\t\t\t\t<input type=\"number\" name=\"form_fields[field_174df8e]\" id=\"form-field-field_174df8e\" class=\"elementor-field elementor-size-md  elementor-field-textual\" required=\"required\" min=\"0\" max=\"\" >\n\t\t\t\t\t\t<\/div>\n\t\t\t\t\t\t\t\t<div class=\"elementor-field-type-number elementor-field-group elementor-column elementor-field-group-field_b665e6e elementor-col-33 elementor-field-required elementor-mark-required\">\n\t\t\t\t\t\t\t\t\t\t\t\t<label for=\"form-field-field_b665e6e\" class=\"elementor-field-label\">\n\t\t\t\t\t\t\t\t\u00c1rea aproximada de construcci\u00f3n (m2)\t\t\t\t\t\t\t<\/label>\n\t\t\t\t\t\t\t\t\t<input type=\"number\" name=\"form_fields[field_b665e6e]\" id=\"form-field-field_b665e6e\" class=\"elementor-field elementor-size-md  elementor-field-textual\" required=\"required\" min=\"0\" max=\"\" >\n\t\t\t\t\t\t<\/div>\n\t\t\t\t\t\t\t\t<div class=\"elementor-field-type-number elementor-field-group elementor-column elementor-field-group-field_83a5275 elementor-col-33 elementor-field-required elementor-mark-required\">\n\t\t\t\t\t\t\t\t\t\t\t\t<label for=\"form-field-field_83a5275\" class=\"elementor-field-label\">\n\t\t\t\t\t\t\t\t\u00c1rea total del terreno (m2)\t\t\t\t\t\t\t<\/label>\n\t\t\t\t\t\t\t\t\t<input type=\"number\" name=\"form_fields[field_83a5275]\" id=\"form-field-field_83a5275\" class=\"elementor-field elementor-size-md  elementor-field-textual\" required=\"required\" min=\"0\" max=\"\" >\n\t\t\t\t\t\t<\/div>\n\t\t\t\t\t\t\t\t<div class=\"elementor-field-type-select elementor-field-group elementor-column elementor-field-group-field_246dd19 elementor-col-33 elementor-field-required elementor-mark-required\">\n\t\t\t\t\t\t\t\t\t\t\t\t<label for=\"form-field-field_246dd19\" class=\"elementor-field-label\">\n\t\t\t\t\t\t\t\t\u00bfExiste piscina?\t\t\t\t\t\t\t<\/label>\n\t\t\t\t\t\t\t\t<div class=\"elementor-field elementor-select-wrapper remove-before \">\n\t\t\t<div class=\"select-caret-down-wrapper\">\n\t\t\t\t<svg aria-hidden=\"true\" class=\"e-font-icon-svg e-eicon-caret-down\" viewBox=\"0 0 571.4 571.4\" xmlns=\"http:\/\/www.w3.org\/2000\/svg\"><path d=\"M571 393Q571 407 561 418L311 668Q300 679 286 679T261 668L11 418Q0 407 0 393T11 368 36 357H536Q550 357 561 368T571 393Z\"><\/path><\/svg>\t\t\t<\/div>\n\t\t\t<select name=\"form_fields[field_246dd19]\" id=\"form-field-field_246dd19\" class=\"elementor-field-textual elementor-size-md\" required=\"required\">\n\t\t\t\t\t\t\t\t\t<option value=\"S\u00ed\">S\u00ed<\/option>\n\t\t\t\t\t\t\t\t\t<option value=\"No\">No<\/option>\n\t\t\t\t\t\t\t<\/select>\n\t\t<\/div>\n\t\t\t\t\t\t<\/div>\n\t\t\t\t\t\t\t\t<div class=\"elementor-field-type-select elementor-field-group elementor-column elementor-field-group-field_b3eb4af elementor-col-33 elementor-field-required elementor-mark-required\">\n\t\t\t\t\t\t\t\t\t\t\t\t<label for=\"form-field-field_b3eb4af\" class=\"elementor-field-label\">\n\t\t\t\t\t\t\t\t\u00bfExisten paneles fotovoltaicos?\t\t\t\t\t\t\t<\/label>\n\t\t\t\t\t\t\t\t<div class=\"elementor-field elementor-select-wrapper remove-before \">\n\t\t\t<div class=\"select-caret-down-wrapper\">\n\t\t\t\t<svg aria-hidden=\"true\" class=\"e-font-icon-svg e-eicon-caret-down\" viewBox=\"0 0 571.4 571.4\" xmlns=\"http:\/\/www.w3.org\/2000\/svg\"><path d=\"M571 393Q571 407 561 418L311 668Q300 679 286 679T261 668L11 418Q0 407 0 393T11 368 36 357H536Q550 357 561 368T571 393Z\"><\/path><\/svg>\t\t\t<\/div>\n\t\t\t<select name=\"form_fields[field_b3eb4af]\" id=\"form-field-field_b3eb4af\" class=\"elementor-field-textual elementor-size-md\" required=\"required\">\n\t\t\t\t\t\t\t\t\t<option value=\"S\u00ed\">S\u00ed<\/option>\n\t\t\t\t\t\t\t\t\t<option value=\"No\">No<\/option>\n\t\t\t\t\t\t\t<\/select>\n\t\t<\/div>\n\t\t\t\t\t\t<\/div>\n\t\t\t\t\t\t\t\t<div class=\"elementor-field-type-select elementor-field-group elementor-column elementor-field-group-field_351bb6e elementor-col-100\">\n\t\t\t\t\t\t\t\t\t\t\t\t<label for=\"form-field-field_351bb6e\" class=\"elementor-field-label\">\n\t\t\t\t\t\t\t\tObjetivo de la inspecci\u00f3n\t\t\t\t\t\t\t<\/label>\n\t\t\t\t\t\t\t\t<div class=\"elementor-field elementor-select-wrapper remove-before \">\n\t\t\t<div class=\"select-caret-down-wrapper\">\n\t\t\t\t<svg aria-hidden=\"true\" class=\"e-font-icon-svg e-eicon-caret-down\" viewBox=\"0 0 571.4 571.4\" xmlns=\"http:\/\/www.w3.org\/2000\/svg\"><path d=\"M571 393Q571 407 561 418L311 668Q300 679 286 679T261 668L11 418Q0 407 0 393T11 368 36 357H536Q550 357 561 368T571 393Z\"><\/path><\/svg>\t\t\t<\/div>\n\t\t\t<select name=\"form_fields[field_351bb6e]\" id=\"form-field-field_351bb6e\" class=\"elementor-field-textual elementor-size-md\">\n\t\t\t\t\t\t\t\t\t<option value=\"Otro\">Otro<\/option>\n\t\t\t\t\t\t\t\t\t<option value=\"Compra\">Compra<\/option>\n\t\t\t\t\t\t\t\t\t<option value=\"Venta\">Venta<\/option>\n\t\t\t\t\t\t\t\t\t<option value=\"Alquiler\">Alquiler<\/option>\n\t\t\t\t\t\t\t\t\t<option value=\"Informe pericial\">Informe pericial<\/option>\n\t\t\t\t\t\t\t<\/select>\n\t\t<\/div>\n\t\t\t\t\t\t<\/div>\n\t\t\t\t\t\t\t\t<div class=\"elementor-field-type-select elementor-field-group elementor-column elementor-field-group-field_7dd2a8d elementor-col-50\">\n\t\t\t\t\t\t\t\t\t\t\t\t<label for=\"form-field-field_7dd2a8d\" class=\"elementor-field-label\">\n\t\t\t\t\t\t\t\tUrgencia\t\t\t\t\t\t\t<\/label>\n\t\t\t\t\t\t\t\t<div class=\"elementor-field elementor-select-wrapper remove-before \">\n\t\t\t<div class=\"select-caret-down-wrapper\">\n\t\t\t\t<svg aria-hidden=\"true\" class=\"e-font-icon-svg e-eicon-caret-down\" viewBox=\"0 0 571.4 571.4\" xmlns=\"http:\/\/www.w3.org\/2000\/svg\"><path d=\"M571 393Q571 407 561 418L311 668Q300 679 286 679T261 668L11 418Q0 407 0 393T11 368 36 357H536Q550 357 561 368T571 393Z\"><\/path><\/svg>\t\t\t<\/div>\n\t\t\t<select name=\"form_fields[field_7dd2a8d]\" id=\"form-field-field_7dd2a8d\" class=\"elementor-field-textual elementor-size-md\">\n\t\t\t\t\t\t\t\t\t<option value=\"1 D\u00eda\">1 D\u00eda<\/option>\n\t\t\t\t\t\t\t\t\t<option value=\"2 D\u00edas\">2 D\u00edas<\/option>\n\t\t\t\t\t\t\t\t\t<option value=\"3 D\u00edas\">3 D\u00edas<\/option>\n\t\t\t\t\t\t\t\t\t<option value=\"4 D\u00edas\">4 D\u00edas<\/option>\n\t\t\t\t\t\t\t\t\t<option value=\"5 D\u00edas\">5 D\u00edas<\/option>\n\t\t\t\t\t\t\t\t\t<option value=\"6 D\u00edas\">6 D\u00edas<\/option>\n\t\t\t\t\t\t\t\t\t<option value=\"7 D\u00edas\">7 D\u00edas<\/option>\n\t\t\t\t\t\t\t\t\t<option value=\"8 D\u00edas\">8 D\u00edas<\/option>\n\t\t\t\t\t\t\t\t\t<option value=\"9 D\u00edas\">9 D\u00edas<\/option>\n\t\t\t\t\t\t\t\t\t<option value=\"10 D\u00edas\">10 D\u00edas<\/option>\n\t\t\t\t\t\t\t\t\t<option value=\"11 D\u00edas\">11 D\u00edas<\/option>\n\t\t\t\t\t\t\t\t\t<option value=\"12 D\u00edas\">12 D\u00edas<\/option>\n\t\t\t\t\t\t\t\t\t<option value=\"13 D\u00edas\">13 D\u00edas<\/option>\n\t\t\t\t\t\t\t\t\t<option value=\"14 D\u00edas\">14 D\u00edas<\/option>\n\t\t\t\t\t\t\t\t\t<option value=\"15 D\u00edas\">15 D\u00edas<\/option>\n\t\t\t\t\t\t\t<\/select>\n\t\t<\/div>\n\t\t\t\t\t\t<\/div>\n\t\t\t\t\t\t\t\t<div class=\"elementor-field-type-select elementor-field-group elementor-column elementor-field-group-field_6fae582 elementor-col-50\">\n\t\t\t\t\t\t\t\t\t\t\t\t<label for=\"form-field-field_6fae582\" class=\"elementor-field-label\">\n\t\t\t\t\t\t\t\tIdioma\t\t\t\t\t\t\t<\/label>\n\t\t\t\t\t\t\t\t<div class=\"elementor-field elementor-select-wrapper remove-before \">\n\t\t\t<div class=\"select-caret-down-wrapper\">\n\t\t\t\t<svg aria-hidden=\"true\" class=\"e-font-icon-svg e-eicon-caret-down\" viewBox=\"0 0 571.4 571.4\" xmlns=\"http:\/\/www.w3.org\/2000\/svg\"><path d=\"M571 393Q571 407 561 418L311 668Q300 679 286 679T261 668L11 418Q0 407 0 393T11 368 36 357H536Q550 357 561 368T571 393Z\"><\/path><\/svg>\t\t\t<\/div>\n\t\t\t<select name=\"form_fields[field_6fae582]\" id=\"form-field-field_6fae582\" class=\"elementor-field-textual elementor-size-md\">\n\t\t\t\t\t\t\t\t\t<option value=\"Ingl\u00e9s (ENG)\">Ingl\u00e9s (ENG)<\/option>\n\t\t\t\t\t\t\t\t\t<option value=\"Franc\u00e9s (FR)\">Franc\u00e9s (FR)<\/option>\n\t\t\t\t\t\t\t\t\t<option value=\"Espa\u00f1ol (ESP)\">Espa\u00f1ol (ESP)<\/option>\n\t\t\t\t\t\t\t\t\t<option value=\"Portugu\u00e9s (PT)\">Portugu\u00e9s (PT)<\/option>\n\t\t\t\t\t\t\t<\/select>\n\t\t<\/div>\n\t\t\t\t\t\t<\/div>\n\t\t\t\t\t\t\t\t<div class=\"elementor-field-type-textarea elementor-field-group elementor-column elementor-field-group-field_695012a elementor-col-100\">\n\t\t\t\t\t\t\t\t\t\t\t\t<label for=\"form-field-field_695012a\" class=\"elementor-field-label\">\n\t\t\t\t\t\t\t\tObservaciones adicionales\t\t\t\t\t\t\t<\/label>\n\t\t\t\t\t\t<textarea class=\"elementor-field-textual elementor-field  elementor-size-md\" name=\"form_fields[field_695012a]\" id=\"form-field-field_695012a\" rows=\"3\" placeholder=\"Aclara tus dudas (Copia el enlace a la ficha del inmueble, si procede.)\"><\/textarea>\t\t\t\t<\/div>\n\t\t\t\t\t\t\t\t<div class=\"elementor-field-type-upload elementor-field-group elementor-column elementor-field-group-field_89366f2 elementor-col-100\">\n\t\t\t\t\t\t\t\t\t\t\t\t<label for=\"form-field-field_89366f2\" class=\"elementor-field-label\">\n\t\t\t\t\t\t\t\tCargar archivo\t\t\t\t\t\t\t<\/label>\n\t\t\t\t\t\t\t\t<input type=\"file\" name=\"form_fields[field_89366f2][]\" id=\"form-field-field_89366f2\" class=\"elementor-field elementor-size-md  elementor-upload-field\" multiple=\"multiple\" data-maxsize=\"12\" data-maxsize-message=\"Este archivo excede el tama\u00f1o m\u00e1ximo permitido.\">\n\n\t\t\t\t\t\t<\/div>\n\t\t\t\t\t\t\t\t<div class=\"elementor-field-group elementor-column elementor-field-type-submit elementor-col-100 e-form__buttons\">\n\t\t\t\t\t<button class=\"elementor-button elementor-size-md elementor-animation-grow\" type=\"submit\">\n\t\t\t\t\t\t<span class=\"elementor-button-content-wrapper\">\n\t\t\t\t\t\t\t\t\t\t\t\t\t\t\t\t\t\t\t\t\t\t<span class=\"elementor-button-text\">Enviar presupuesto<\/span>\n\t\t\t\t\t\t\t\t\t\t\t\t\t<\/span>\n\t\t\t\t\t<\/button>\n\t\t\t\t<\/div>\n\t\t\t<\/div>\n\t\t<\/form>\n\t\t\t\t\t\t<\/div>\n\t\t\t\t<div class=\"elementor-element elementor-element-f5ad011 elementor-widget-divider--view-line elementor-widget elementor-widget-divider\" data-id=\"f5ad011\" data-element_type=\"widget\" data-e-type=\"widget\" data-widget_type=\"divider.default\">\n\t\t\t\t\t\t\t<div class=\"elementor-divider\">\n\t\t\t<span class=\"elementor-divider-separator\">\n\t\t\t\t\t\t<\/span>\n\t\t<\/div>\n\t\t\t\t\t\t<\/div>\n\t\t\t\t<div class=\"elementor-element elementor-element-f91a2de elementor-widget elementor-widget-heading\" data-id=\"f91a2de\" data-element_type=\"widget\" data-e-type=\"widget\" data-widget_type=\"heading.default\">\n\t\t\t\t\t<h2 class=\"elementor-heading-title elementor-size-default\">\u00bfQu\u00e9 incluye cada inspecci\u00f3n o encuesta t\u00e9cnica?<\/h2>\t\t\t\t<\/div>\n\t\t\t\t<div class=\"elementor-element elementor-element-f3cd52d elementor-widget elementor-widget-text-editor\" data-id=\"f3cd52d\" data-element_type=\"widget\" data-e-type=\"widget\" data-widget_type=\"text-editor.default\">\n\t\t\t\t\t\t\t\t\t<ul>\n \t<li>Visita de diagn\u00f3stico t\u00e9cnico al inmueble<\/li>\n \t<li>Evaluaci\u00f3n estructural y funcional<\/li>\n \t<li>Identificaci\u00f3n de anomal\u00edas visibles y ocultas<\/li>\n \t<li>Inspecci\u00f3n t\u00e9cnica con equipos (drones o drones t\u00e9rmicos en zonas de dif\u00edcil acceso, c\u00e1maras t\u00e9rmicas, etc.)<\/li>\n \t<li>Informe detallado con fotograf\u00edas, interpretaci\u00f3n de las lecturas de la termograf\u00eda, riesgos por zonas, conclusiones y recomendaciones<\/li>\n \t<li>Entrega en 72 horas laborables<\/li>\n \t<li>Equipo de ingenieros certificados y t\u00e9cnicos especializados<\/li>\n<\/ul>\t\t\t\t\t\t\t\t<\/div>\n\t\t\t\t<div class=\"elementor-element elementor-element-98a2862 elementor-widget elementor-widget-heading\" data-id=\"98a2862\" data-element_type=\"widget\" data-e-type=\"widget\" data-widget_type=\"heading.default\">\n\t\t\t\t\t<h2 class=\"elementor-heading-title elementor-size-default\">\u00bfPor qu\u00e9 nuestra inspecci\u00f3n de la propiedad (casas, pisos o edificios) es diferente de la valoraci\u00f3n del banco?<\/h2>\t\t\t\t<\/div>\n\t\t\t\t<div class=\"elementor-element elementor-element-fb437c5 elementor-widget elementor-widget-text-editor\" data-id=\"fb437c5\" data-element_type=\"widget\" data-e-type=\"widget\" data-widget_type=\"text-editor.default\">\n\t\t\t\t\t\t\t\t\t<ul>\n \t<li>Porque se hace para usted, no para el banco<\/li>\n<li>  Porque el banco eval\u00faa el valor de mercado, pero no el estado t\u00e9cnico del inmueble<\/li> \n \t<li>Porque utilizamos tecnolog\u00eda y conocimientos avanzados de diagn\u00f3stico para determinar las patolog\u00edas del inmueble y conocer as\u00ed la necesidad de reparaciones o ilegalidades en la construcci\u00f3n.<\/li>\n \t<li>Porque entregamos un documento realmente \u00fatil para negociar, rechazar o confirmar el negocio<\/li>\n \t<li>Porque evitamos que los clientes pierdan miles de euros en trabajos inesperados<\/li>\n<\/ul>\t\t\t\t\t\t\t\t<\/div>\n\t\t\t\t\t<\/div>\n\t\t\t\t<\/div>\n\t\t\t\t<\/div>\n\t\t","protected":false},"excerpt":{"rendered":"<p>Presupuesto En InspectOne creemos que la seguridad y la confianza a la hora de comprar o vender una propiedad no tienen precio, pero s\u00ed valor. Trabajamos con precios justos, compatibles con el tiempo, la tecnolog\u00eda y los conocimientos necesarios para una inspecci\u00f3n t\u00e9cnica profesional e independiente. Solicite ya su presupuesto Cada propiedad es \u00fanica, por [&hellip;]<\/p>\n","protected":false},"author":2,"featured_media":0,"parent":0,"menu_order":0,"comment_status":"closed","ping_status":"closed","template":"","meta":{"footnotes":""},"class_list":["post-3998","page","type-page","status-publish","hentry"],"_links":{"self":[{"href":"https:\/\/inspectone.pt\/es\/wp-json\/wp\/v2\/pages\/3998","targetHints":{"allow":["GET"]}}],"collection":[{"href":"https:\/\/inspectone.pt\/es\/wp-json\/wp\/v2\/pages"}],"about":[{"href":"https:\/\/inspectone.pt\/es\/wp-json\/wp\/v2\/types\/page"}],"author":[{"embeddable":true,"href":"https:\/\/inspectone.pt\/es\/wp-json\/wp\/v2\/users\/2"}],"replies":[{"embeddable":true,"href":"https:\/\/inspectone.pt\/es\/wp-json\/wp\/v2\/comments?post=3998"}],"version-history":[{"count":8,"href":"https:\/\/inspectone.pt\/es\/wp-json\/wp\/v2\/pages\/3998\/revisions"}],"predecessor-version":[{"id":5842,"href":"https:\/\/inspectone.pt\/es\/wp-json\/wp\/v2\/pages\/3998\/revisions\/5842"}],"wp:attachment":[{"href":"https:\/\/inspectone.pt\/es\/wp-json\/wp\/v2\/media?parent=3998"}],"curies":[{"name":"wp","href":"https:\/\/api.w.org\/{rel}","templated":true}]}}