{"id":4000,"date":"2025-09-16T15:42:47","date_gmt":"2025-09-16T15:42:47","guid":{"rendered":"https:\/\/inspectone.pt\/blog-y-noticias\/"},"modified":"2025-11-25T09:43:54","modified_gmt":"2025-11-25T09:43:54","slug":"blog-y-noticias","status":"publish","type":"page","link":"https:\/\/inspectone.pt\/es\/blog-y-noticias\/","title":{"rendered":"Blog y Noticias"},"content":{"rendered":"\t\t<div data-elementor-type=\"wp-page\" data-elementor-id=\"4000\" class=\"elementor elementor-4000 elementor-3507\" data-elementor-post-type=\"page\">\n\t\t\t\t<div class=\"elementor-element elementor-element-d1c54b5 e-flex e-con-boxed e-con e-parent\" data-id=\"d1c54b5\" data-element_type=\"container\" data-e-type=\"container\">\n\t\t\t\t\t<div class=\"e-con-inner\">\n\t\t\t\t<div class=\"elementor-element elementor-element-0cb36fc elementor-widget elementor-widget-heading\" data-id=\"0cb36fc\" data-element_type=\"widget\" data-e-type=\"widget\" data-widget_type=\"heading.default\">\n\t\t\t\t\t<h2 class=\"elementor-heading-title elementor-size-default\">Blog y Noticias<\/h2>\t\t\t\t<\/div>\n\t\t\t\t<div class=\"elementor-element elementor-element-0285006 elementor-widget elementor-widget-text-editor\" data-id=\"0285006\" data-element_type=\"widget\" data-e-type=\"widget\" data-widget_type=\"text-editor.default\">\n\t\t\t\t\t\t\t\t\tEn esta secci\u00f3n encontrar\u00e1s contenidos exclusivos para ayudar a compradores, vendedores, inversores, agencias inmobiliarias, bufetes de abogados, procuradores e inversores extranjeros a tomar decisiones informadas sobre el mercado inmobiliario en Portugal.\nSi vas a comprar una casa, vender una propiedad o invertir en el pa\u00eds, este es tu punto de partida para evitar riesgos y descubrir buenas pr\u00e1cticas, tanto jur\u00eddicas como t\u00e9cnicas.\t\t\t\t\t\t\t\t<\/div>\n\t\t\t\t\t<\/div>\n\t\t\t\t<\/div>\n\t\t<div class=\"elementor-element elementor-element-504c900 e-flex e-con-boxed e-con e-parent\" data-id=\"504c900\" data-element_type=\"container\" data-e-type=\"container\" data-settings=\"{&quot;background_background&quot;:&quot;classic&quot;}\">\n\t\t\t\t\t<div class=\"e-con-inner\">\n\t\t\t\t<div class=\"elementor-element elementor-element-942001f elementor-widget elementor-widget-taxonomy-filter\" data-id=\"942001f\" data-element_type=\"widget\" data-e-type=\"widget\" data-settings=\"{&quot;selected_element&quot;:&quot;f956d09&quot;,&quot;taxonomy&quot;:&quot;category&quot;,&quot;multiple_selection&quot;:&quot;no&quot;,&quot;horizontal_scroll&quot;:&quot;disable&quot;}\" data-widget_type=\"taxonomy-filter.default\">\n\t\t\t\t\t\t\t<search class=\"e-filter\" role=\"search\" data-base-url=\"https:\/\/inspectone.pt\/es\/\" data-page-num=\"1\">\n\t\t\t\t\t\t\t<button class=\"e-filter-item\" data-filter=\"comprar-una-casa-en-portugal\" aria-pressed=\"false\">Comprar una casa en Portugal<\/button>\n\t\t\t\t\t\t\t<button class=\"e-filter-item\" data-filter=\"explicacion-de-la-inspeccion-tecnica\" aria-pressed=\"false\">Explicaci\u00f3n de la inspecci\u00f3n t\u00e9cnica<\/button>\n\t\t\t\t\t\t\t<button class=\"e-filter-item\" data-filter=\"inspeccion-estructural\" aria-pressed=\"false\">Inspecci\u00f3n estructural<\/button>\n\t\t\t\t\t\t\t<button class=\"e-filter-item\" data-filter=\"tecnologia-de-inspeccion\" aria-pressed=\"false\">Tecnolog\u00eda de inspecci\u00f3n<\/button>\n\t\t\t\n\t\t\t\t\t\t\t\t\t<button class=\"e-filter-item\" data-filter=\"__all\" aria-pressed=\"true\">\n\t\t\t\tTodos\t\t\t<\/button>\n\t\t\t\t\t<\/search>\n\t\t\t\t\t\t<\/div>\n\t\t\t\t<div class=\"elementor-element elementor-element-f956d09 elementor-grid-4 elementor-grid-tablet-2 elementor-grid-mobile-1 elementor-widget elementor-widget-loop-grid\" data-id=\"f956d09\" data-element_type=\"widget\" data-e-type=\"widget\" data-settings=\"{&quot;template_id&quot;:5074,&quot;columns&quot;:4,&quot;_skin&quot;:&quot;post&quot;,&quot;columns_tablet&quot;:&quot;2&quot;,&quot;columns_mobile&quot;:&quot;1&quot;,&quot;edit_handle_selector&quot;:&quot;[data-elementor-type=\\&quot;loop-item\\&quot;]&quot;,&quot;row_gap&quot;:{&quot;unit&quot;:&quot;px&quot;,&quot;size&quot;:&quot;&quot;,&quot;sizes&quot;:[]},&quot;row_gap_tablet&quot;:{&quot;unit&quot;:&quot;px&quot;,&quot;size&quot;:&quot;&quot;,&quot;sizes&quot;:[]},&quot;row_gap_mobile&quot;:{&quot;unit&quot;:&quot;px&quot;,&quot;size&quot;:&quot;&quot;,&quot;sizes&quot;:[]}}\" data-widget_type=\"loop-grid.post\">\n\t\t\t\t<div class=\"elementor-widget-container\">\n\t\t\t\t\t\t\t<div class=\"elementor-loop-container elementor-grid\" role=\"list\">\n\t\t<style id=\"loop-5074\">.elementor-5074 .elementor-element.elementor-element-39319dd{--display:flex;--border-radius:3px 3px 3px 3px;--margin-top:0px;--margin-bottom:0px;--margin-left:0px;--margin-right:0px;--padding-top:0px;--padding-bottom:0px;--padding-left:0px;--padding-right:0px;}.elementor-5074 .elementor-element.elementor-element-39319dd:not(.elementor-motion-effects-element-type-background), .elementor-5074 .elementor-element.elementor-element-39319dd > .elementor-motion-effects-container > .elementor-motion-effects-layer{background-color:var( --e-global-color-primary );}.elementor-widget-theme-post-featured-image .widget-image-caption{color:var( --e-global-color-text );font-family:var( --e-global-typography-text-font-family ), sans-serif;font-size:var( --e-global-typography-text-font-size );font-weight:var( --e-global-typography-text-font-weight );}.elementor-5074 .elementor-element.elementor-element-076430b{margin:0px 0px calc(var(--kit-widget-spacing, 0px) + 0px) 0px;padding:0px 0px 0px 0px;}.elementor-widget-theme-post-title .elementor-heading-title{font-family:var( --e-global-typography-primary-font-family ), sans-serif;font-size:var( --e-global-typography-primary-font-size );font-weight:var( --e-global-typography-primary-font-weight );color:var( --e-global-color-primary );}.elementor-5074 .elementor-element.elementor-element-28d30e2 .elementor-heading-title{font-family:\"Urbanist\", sans-serif;font-size:20px;font-weight:800;color:var( --e-global-color-accent );}.elementor-5074 .elementor-element.elementor-element-28d30e2{margin:20px 20px calc(var(--kit-widget-spacing, 0px) + 20px) 20px;}.elementor-widget-heading .elementor-heading-title{font-family:var( --e-global-typography-primary-font-family ), sans-serif;font-size:var( --e-global-typography-primary-font-size );font-weight:var( --e-global-typography-primary-font-weight );color:var( --e-global-color-primary );}.elementor-5074 .elementor-element.elementor-element-8d31ce5 .elementor-heading-title{font-family:\"Urbanist\", sans-serif;font-size:15px;font-weight:700;color:var( --e-global-color-text );}.elementor-5074 .elementor-element.elementor-element-8d31ce5 .elementor-heading-title a:hover, .elementor-5074 .elementor-element.elementor-element-8d31ce5 .elementor-heading-title a:focus{color:var( --e-global-color-secondary );}.elementor-5074 .elementor-element.elementor-element-8d31ce5{margin:20px 20px calc(var(--kit-widget-spacing, 0px) + 30px) 20px;padding:0px 0px 0px 0px;}@media(max-width:1024px){.elementor-widget-theme-post-featured-image .widget-image-caption{font-size:var( --e-global-typography-text-font-size );}.elementor-widget-theme-post-title .elementor-heading-title{font-size:var( --e-global-typography-primary-font-size );}.elementor-widget-heading .elementor-heading-title{font-size:var( --e-global-typography-primary-font-size );}}@media(max-width:767px){.elementor-widget-theme-post-featured-image .widget-image-caption{font-size:var( --e-global-typography-text-font-size );}.elementor-widget-theme-post-title .elementor-heading-title{font-size:var( --e-global-typography-primary-font-size );}.elementor-widget-heading .elementor-heading-title{font-size:var( --e-global-typography-primary-font-size );}}<\/style>\t\t<div data-elementor-type=\"loop-item\" data-elementor-id=\"5074\" class=\"elementor elementor-5074 e-loop-item e-loop-item-5562 post-5562 post type-post status-publish format-standard has-post-thumbnail hentry category-inspeccion-estructural\" data-elementor-post-type=\"elementor_library\" data-custom-edit-handle=\"1\">\n\t\t\t<div class=\"elementor-element elementor-element-39319dd e-flex e-con-boxed e-con e-parent\" data-id=\"39319dd\" data-element_type=\"container\" data-e-type=\"container\" data-settings=\"{&quot;background_background&quot;:&quot;classic&quot;}\">\n\t\t\t\t\t<div class=\"e-con-inner\">\n\t\t\t\t<div class=\"elementor-element elementor-element-076430b elementor-widget elementor-widget-theme-post-featured-image elementor-widget-image\" data-id=\"076430b\" data-element_type=\"widget\" data-e-type=\"widget\" data-widget_type=\"theme-post-featured-image.default\">\n\t\t\t\t\t\t\t\t\t\t\t\t\t\t\t<img fetchpriority=\"high\" decoding=\"async\" width=\"800\" height=\"534\" src=\"https:\/\/inspectone.pt\/wp-content\/uploads\/2025\/11\/inspecoes-estruturais-1024x683.webp\" class=\"attachment-large size-large wp-image-5419\" alt=\"Ins\" srcset=\"https:\/\/inspectone.pt\/wp-content\/uploads\/2025\/11\/inspecoes-estruturais-1024x683.webp 1024w, https:\/\/inspectone.pt\/wp-content\/uploads\/2025\/11\/inspecoes-estruturais-300x200.webp 300w, https:\/\/inspectone.pt\/wp-content\/uploads\/2025\/11\/inspecoes-estruturais-768x512.webp 768w, https:\/\/inspectone.pt\/wp-content\/uploads\/2025\/11\/inspecoes-estruturais-600x400.webp 600w, https:\/\/inspectone.pt\/wp-content\/uploads\/2025\/11\/inspecoes-estruturais.webp 1536w\" sizes=\"(max-width: 800px) 100vw, 800px\" \/>\t\t\t\t\t\t\t\t\t\t\t\t\t\t\t<\/div>\n\t\t\t\t<div class=\"elementor-element elementor-element-28d30e2 elementor-widget elementor-widget-theme-post-title elementor-page-title elementor-widget-heading\" data-id=\"28d30e2\" data-element_type=\"widget\" data-e-type=\"widget\" data-widget_type=\"theme-post-title.default\">\n\t\t\t\t\t<h1 class=\"elementor-heading-title elementor-size-default\">\u00bfCu\u00e1ndo es necesario realizar una inspecci\u00f3n estructural en edificios existentes?<\/h1>\t\t\t\t<\/div>\n\t\t\t\t<div class=\"elementor-element elementor-element-8d31ce5 elementor-widget elementor-widget-heading\" data-id=\"8d31ce5\" data-element_type=\"widget\" data-e-type=\"widget\" data-widget_type=\"heading.default\">\n\t\t\t\t\t<p class=\"elementor-heading-title elementor-size-default\"><a href=\"https:\/\/inspectone.pt\/es\/cuando-es-necesario-realizar-una-inspeccion-estructural-en-edificios-existentes\/\" target=\"_blank\">Saber Mais\u00a0\u27a4<\/a><\/p>\t\t\t\t<\/div>\n\t\t\t\t\t<\/div>\n\t\t\t\t<\/div>\n\t\t\t\t<\/div>\n\t\t\t\t<div data-elementor-type=\"loop-item\" data-elementor-id=\"5074\" class=\"elementor elementor-5074 e-loop-item e-loop-item-4853 post-4853 post type-post status-publish format-standard has-post-thumbnail hentry category-tecnologia-de-inspeccion\" data-elementor-post-type=\"elementor_library\" data-custom-edit-handle=\"1\">\n\t\t\t<div class=\"elementor-element elementor-element-39319dd e-flex e-con-boxed e-con e-parent\" data-id=\"39319dd\" data-element_type=\"container\" data-e-type=\"container\" data-settings=\"{&quot;background_background&quot;:&quot;classic&quot;}\">\n\t\t\t\t\t<div class=\"e-con-inner\">\n\t\t\t\t<div class=\"elementor-element elementor-element-076430b elementor-widget elementor-widget-theme-post-featured-image elementor-widget-image\" data-id=\"076430b\" data-element_type=\"widget\" data-e-type=\"widget\" data-widget_type=\"theme-post-featured-image.default\">\n\t\t\t\t\t\t\t\t\t\t\t\t\t\t\t<img decoding=\"async\" width=\"800\" height=\"534\" src=\"https:\/\/inspectone.pt\/wp-content\/uploads\/2025\/09\/inspecao-tecnica-casa-1024x683.webp\" class=\"attachment-large size-large wp-image-4306\" alt=\"\" srcset=\"https:\/\/inspectone.pt\/wp-content\/uploads\/2025\/09\/inspecao-tecnica-casa-1024x683.webp 1024w, https:\/\/inspectone.pt\/wp-content\/uploads\/2025\/09\/inspecao-tecnica-casa-300x200.webp 300w, https:\/\/inspectone.pt\/wp-content\/uploads\/2025\/09\/inspecao-tecnica-casa-768x512.webp 768w, https:\/\/inspectone.pt\/wp-content\/uploads\/2025\/09\/inspecao-tecnica-casa-600x400.webp 600w, https:\/\/inspectone.pt\/wp-content\/uploads\/2025\/09\/inspecao-tecnica-casa.webp 1536w\" sizes=\"(max-width: 800px) 100vw, 800px\" \/>\t\t\t\t\t\t\t\t\t\t\t\t\t\t\t<\/div>\n\t\t\t\t<div class=\"elementor-element elementor-element-28d30e2 elementor-widget elementor-widget-theme-post-title elementor-page-title elementor-widget-heading\" data-id=\"28d30e2\" data-element_type=\"widget\" data-e-type=\"widget\" data-widget_type=\"theme-post-title.default\">\n\t\t\t\t\t<h1 class=\"elementor-heading-title elementor-size-default\">Termograf\u00eda y drones: la tecnolog\u00eda que detecta infiltraciones y humedades ocultas<\/h1>\t\t\t\t<\/div>\n\t\t\t\t<div class=\"elementor-element elementor-element-8d31ce5 elementor-widget elementor-widget-heading\" data-id=\"8d31ce5\" data-element_type=\"widget\" data-e-type=\"widget\" data-widget_type=\"heading.default\">\n\t\t\t\t\t<p class=\"elementor-heading-title elementor-size-default\"><a href=\"https:\/\/inspectone.pt\/es\/como-utilizamos-la-tecnologia-avanzada-en-las-inspecciones-tecnicas\/\" target=\"_blank\">Saber Mais\u00a0\u27a4<\/a><\/p>\t\t\t\t<\/div>\n\t\t\t\t\t<\/div>\n\t\t\t\t<\/div>\n\t\t\t\t<\/div>\n\t\t\t\t<div data-elementor-type=\"loop-item\" data-elementor-id=\"5074\" class=\"elementor elementor-5074 e-loop-item e-loop-item-4847 post-4847 post type-post status-publish format-standard has-post-thumbnail hentry category-explicacion-de-la-inspeccion-tecnica\" data-elementor-post-type=\"elementor_library\" data-custom-edit-handle=\"1\">\n\t\t\t<div class=\"elementor-element elementor-element-39319dd e-flex e-con-boxed e-con e-parent\" data-id=\"39319dd\" data-element_type=\"container\" data-e-type=\"container\" data-settings=\"{&quot;background_background&quot;:&quot;classic&quot;}\">\n\t\t\t\t\t<div class=\"e-con-inner\">\n\t\t\t\t<div class=\"elementor-element elementor-element-076430b elementor-widget elementor-widget-theme-post-featured-image elementor-widget-image\" data-id=\"076430b\" data-element_type=\"widget\" data-e-type=\"widget\" data-widget_type=\"theme-post-featured-image.default\">\n\t\t\t\t\t\t\t\t\t\t\t\t\t\t\t<img decoding=\"async\" width=\"800\" height=\"534\" src=\"https:\/\/inspectone.pt\/wp-content\/uploads\/2025\/09\/humidade-camara-termica-1024x683.webp\" class=\"attachment-large size-large wp-image-4310\" alt=\"\" srcset=\"https:\/\/inspectone.pt\/wp-content\/uploads\/2025\/09\/humidade-camara-termica-1024x683.webp 1024w, https:\/\/inspectone.pt\/wp-content\/uploads\/2025\/09\/humidade-camara-termica-300x200.webp 300w, https:\/\/inspectone.pt\/wp-content\/uploads\/2025\/09\/humidade-camara-termica-768x512.webp 768w, https:\/\/inspectone.pt\/wp-content\/uploads\/2025\/09\/humidade-camara-termica-600x400.webp 600w, https:\/\/inspectone.pt\/wp-content\/uploads\/2025\/09\/humidade-camara-termica.webp 1536w\" sizes=\"(max-width: 800px) 100vw, 800px\" \/>\t\t\t\t\t\t\t\t\t\t\t\t\t\t\t<\/div>\n\t\t\t\t<div class=\"elementor-element elementor-element-28d30e2 elementor-widget elementor-widget-theme-post-title elementor-page-title elementor-widget-heading\" data-id=\"28d30e2\" data-element_type=\"widget\" data-e-type=\"widget\" data-widget_type=\"theme-post-title.default\">\n\t\t\t\t\t<h1 class=\"elementor-heading-title elementor-size-default\">Inspecci\u00f3n t\u00e9cnica vs. peritaje: entiende las diferencias antes de firmar el contrato<\/h1>\t\t\t\t<\/div>\n\t\t\t\t<div class=\"elementor-element elementor-element-8d31ce5 elementor-widget elementor-widget-heading\" data-id=\"8d31ce5\" data-element_type=\"widget\" data-e-type=\"widget\" data-widget_type=\"heading.default\">\n\t\t\t\t\t<p class=\"elementor-heading-title elementor-size-default\"><a href=\"https:\/\/inspectone.pt\/es\/inspeccion-tecnica-vs-peritaje-entiende-las-diferencias-antes-de-firmar-el-contrato\/\" target=\"_blank\">Saber Mais\u00a0\u27a4<\/a><\/p>\t\t\t\t<\/div>\n\t\t\t\t\t<\/div>\n\t\t\t\t<\/div>\n\t\t\t\t<\/div>\n\t\t\t\t<div data-elementor-type=\"loop-item\" data-elementor-id=\"5074\" class=\"elementor elementor-5074 e-loop-item e-loop-item-4830 post-4830 post type-post status-publish format-standard has-post-thumbnail hentry category-comprar-una-casa-en-portugal\" data-elementor-post-type=\"elementor_library\" data-custom-edit-handle=\"1\">\n\t\t\t<div class=\"elementor-element elementor-element-39319dd e-flex e-con-boxed e-con e-parent\" data-id=\"39319dd\" data-element_type=\"container\" data-e-type=\"container\" data-settings=\"{&quot;background_background&quot;:&quot;classic&quot;}\">\n\t\t\t\t\t<div class=\"e-con-inner\">\n\t\t\t\t<div class=\"elementor-element elementor-element-076430b elementor-widget elementor-widget-theme-post-featured-image elementor-widget-image\" data-id=\"076430b\" data-element_type=\"widget\" data-e-type=\"widget\" data-widget_type=\"theme-post-featured-image.default\">\n\t\t\t\t\t\t\t\t\t\t\t\t\t\t\t<img loading=\"lazy\" decoding=\"async\" width=\"800\" height=\"800\" src=\"https:\/\/inspectone.pt\/wp-content\/uploads\/2025\/09\/relatorio-tecnico-imovel.webp\" class=\"attachment-large size-large wp-image-4314\" alt=\"\" srcset=\"https:\/\/inspectone.pt\/wp-content\/uploads\/2025\/09\/relatorio-tecnico-imovel.webp 1024w, https:\/\/inspectone.pt\/wp-content\/uploads\/2025\/09\/relatorio-tecnico-imovel-300x300.webp 300w, https:\/\/inspectone.pt\/wp-content\/uploads\/2025\/09\/relatorio-tecnico-imovel-150x150.webp 150w, https:\/\/inspectone.pt\/wp-content\/uploads\/2025\/09\/relatorio-tecnico-imovel-768x768.webp 768w, https:\/\/inspectone.pt\/wp-content\/uploads\/2025\/09\/relatorio-tecnico-imovel-600x600.webp 600w, https:\/\/inspectone.pt\/wp-content\/uploads\/2025\/09\/relatorio-tecnico-imovel-100x100.webp 100w\" sizes=\"(max-width: 800px) 100vw, 800px\" \/>\t\t\t\t\t\t\t\t\t\t\t\t\t\t\t<\/div>\n\t\t\t\t<div class=\"elementor-element elementor-element-28d30e2 elementor-widget elementor-widget-theme-post-title elementor-page-title elementor-widget-heading\" data-id=\"28d30e2\" data-element_type=\"widget\" data-e-type=\"widget\" data-widget_type=\"theme-post-title.default\">\n\t\t\t\t\t<h1 class=\"elementor-heading-title elementor-size-default\">El riesgo CPCV: Por qu\u00e9 la inspecci\u00f3n t\u00e9cnica debe preceder a la firma<\/h1>\t\t\t\t<\/div>\n\t\t\t\t<div class=\"elementor-element elementor-element-8d31ce5 elementor-widget elementor-widget-heading\" data-id=\"8d31ce5\" data-element_type=\"widget\" data-e-type=\"widget\" data-widget_type=\"heading.default\">\n\t\t\t\t\t<p class=\"elementor-heading-title elementor-size-default\"><a href=\"https:\/\/inspectone.pt\/es\/pasos-legales-para-comprar-una-casa-en-portugal-y-donde-entra-la-inspeccion-tecnica\/\" target=\"_blank\">Saber Mais\u00a0\u27a4<\/a><\/p>\t\t\t\t<\/div>\n\t\t\t\t\t<\/div>\n\t\t\t\t<\/div>\n\t\t\t\t<\/div>\n\t\t\t\t<div data-elementor-type=\"loop-item\" data-elementor-id=\"5074\" class=\"elementor elementor-5074 e-loop-item e-loop-item-4834 post-4834 post type-post status-publish format-standard has-post-thumbnail hentry category-comprar-una-casa-en-portugal\" data-elementor-post-type=\"elementor_library\" data-custom-edit-handle=\"1\">\n\t\t\t<div class=\"elementor-element elementor-element-39319dd e-flex e-con-boxed e-con e-parent\" data-id=\"39319dd\" data-element_type=\"container\" data-e-type=\"container\" data-settings=\"{&quot;background_background&quot;:&quot;classic&quot;}\">\n\t\t\t\t\t<div class=\"e-con-inner\">\n\t\t\t\t<div class=\"elementor-element elementor-element-076430b elementor-widget elementor-widget-theme-post-featured-image elementor-widget-image\" data-id=\"076430b\" data-element_type=\"widget\" data-e-type=\"widget\" data-widget_type=\"theme-post-featured-image.default\">\n\t\t\t\t\t\t\t\t\t\t\t\t\t\t\t<img loading=\"lazy\" decoding=\"async\" width=\"800\" height=\"534\" src=\"https:\/\/inspectone.pt\/wp-content\/uploads\/2025\/09\/comprador-estrangeiro-casa-1024x683.webp\" class=\"attachment-large size-large wp-image-4303\" alt=\"Estrangeiro a Comprar Casa em Portugal\" srcset=\"https:\/\/inspectone.pt\/wp-content\/uploads\/2025\/09\/comprador-estrangeiro-casa-1024x683.webp 1024w, https:\/\/inspectone.pt\/wp-content\/uploads\/2025\/09\/comprador-estrangeiro-casa-300x200.webp 300w, https:\/\/inspectone.pt\/wp-content\/uploads\/2025\/09\/comprador-estrangeiro-casa-768x512.webp 768w, https:\/\/inspectone.pt\/wp-content\/uploads\/2025\/09\/comprador-estrangeiro-casa-600x400.webp 600w, https:\/\/inspectone.pt\/wp-content\/uploads\/2025\/09\/comprador-estrangeiro-casa.webp 1536w\" sizes=\"(max-width: 800px) 100vw, 800px\" \/>\t\t\t\t\t\t\t\t\t\t\t\t\t\t\t<\/div>\n\t\t\t\t<div class=\"elementor-element elementor-element-28d30e2 elementor-widget elementor-widget-theme-post-title elementor-page-title elementor-widget-heading\" data-id=\"28d30e2\" data-element_type=\"widget\" data-e-type=\"widget\" data-widget_type=\"theme-post-title.default\">\n\t\t\t\t\t<h1 class=\"elementor-heading-title elementor-size-default\">Gu\u00eda completa: Qu\u00e9 comprobar y precauciones esenciales antes de comprar un inmueble (casa, piso o edificio)<\/h1>\t\t\t\t<\/div>\n\t\t\t\t<div class=\"elementor-element elementor-element-8d31ce5 elementor-widget elementor-widget-heading\" data-id=\"8d31ce5\" data-element_type=\"widget\" data-e-type=\"widget\" data-widget_type=\"heading.default\">\n\t\t\t\t\t<p class=\"elementor-heading-title elementor-size-default\"><a href=\"https:\/\/inspectone.pt\/es\/5-errores-que-debes-evitar-al-comprar-una-casa-usada-en-portugal\/\" target=\"_blank\">Saber Mais\u00a0\u27a4<\/a><\/p>\t\t\t\t<\/div>\n\t\t\t\t\t<\/div>\n\t\t\t\t<\/div>\n\t\t\t\t<\/div>\n\t\t\t\t<\/div>\n\t\t\n\t\t\t\t\t\t<\/div>\n\t\t\t\t<\/div>\n\t\t\t\t\t<\/div>\n\t\t\t\t<\/div>\n\t\t\t\t<\/div>\n\t\t","protected":false},"excerpt":{"rendered":"<p>Blog y Noticias En esta secci\u00f3n encontrar\u00e1s contenidos exclusivos para ayudar a compradores, vendedores, inversores, agencias inmobiliarias, bufetes de abogados, procuradores e inversores extranjeros a tomar decisiones informadas sobre el mercado inmobiliario en Portugal. Si vas a comprar una casa, vender una propiedad o invertir en el pa\u00eds, este es tu punto de partida para [&hellip;]<\/p>\n","protected":false},"author":2,"featured_media":0,"parent":0,"menu_order":0,"comment_status":"closed","ping_status":"closed","template":"","meta":{"footnotes":""},"class_list":["post-4000","page","type-page","status-publish","hentry"],"_links":{"self":[{"href":"https:\/\/inspectone.pt\/es\/wp-json\/wp\/v2\/pages\/4000","targetHints":{"allow":["GET"]}}],"collection":[{"href":"https:\/\/inspectone.pt\/es\/wp-json\/wp\/v2\/pages"}],"about":[{"href":"https:\/\/inspectone.pt\/es\/wp-json\/wp\/v2\/types\/page"}],"author":[{"embeddable":true,"href":"https:\/\/inspectone.pt\/es\/wp-json\/wp\/v2\/users\/2"}],"replies":[{"embeddable":true,"href":"https:\/\/inspectone.pt\/es\/wp-json\/wp\/v2\/comments?post=4000"}],"version-history":[{"count":13,"href":"https:\/\/inspectone.pt\/es\/wp-json\/wp\/v2\/pages\/4000\/revisions"}],"predecessor-version":[{"id":5545,"href":"https:\/\/inspectone.pt\/es\/wp-json\/wp\/v2\/pages\/4000\/revisions\/5545"}],"wp:attachment":[{"href":"https:\/\/inspectone.pt\/es\/wp-json\/wp\/v2\/media?parent=4000"}],"curies":[{"name":"wp","href":"https:\/\/api.w.org\/{rel}","templated":true}]}}