{"id":5725,"date":"2025-10-22T13:43:29","date_gmt":"2025-10-22T13:43:29","guid":{"rendered":"https:\/\/inspectone.pt\/politica-de-privacidad\/"},"modified":"2025-12-04T10:12:24","modified_gmt":"2025-12-04T10:12:24","slug":"politica-de-privacidad","status":"publish","type":"page","link":"https:\/\/inspectone.pt\/es\/politica-de-privacidad\/","title":{"rendered":"Pol\u00edtica de privacidad"},"content":{"rendered":"\t\t<div data-elementor-type=\"wp-page\" data-elementor-id=\"5725\" class=\"elementor elementor-5725 elementor-4459\" data-elementor-post-type=\"page\">\n\t\t\t\t<div class=\"elementor-element elementor-element-989295f e-flex e-con-boxed e-con e-parent\" data-id=\"989295f\" data-element_type=\"container\" data-e-type=\"container\">\n\t\t\t\t\t<div class=\"e-con-inner\">\n\t\t\t\t<div class=\"elementor-element elementor-element-ed32643 elementor-widget elementor-widget-heading\" data-id=\"ed32643\" data-element_type=\"widget\" data-e-type=\"widget\" data-widget_type=\"heading.default\">\n\t\t\t\t\t<h2 class=\"elementor-heading-title elementor-size-default\">Pol\u00edtica de privacidad<\/h2>\t\t\t\t<\/div>\n\t\t<div class=\"elementor-element elementor-element-5a3a7d0 e-con-full e-flex e-con e-child\" data-id=\"5a3a7d0\" data-element_type=\"container\" data-e-type=\"container\">\n\t\t\t\t<div class=\"elementor-element elementor-element-fe28209 elementor-widget elementor-widget-text-editor\" data-id=\"fe28209\" data-element_type=\"widget\" data-e-type=\"widget\" data-widget_type=\"text-editor.default\">\n\t\t\t\t\t\t\t\t\t<p>Fecha de vigencia: 03-dic-2025<\/p>\t\t\t\t\t\t\t\t<\/div>\n\t\t\t\t<div class=\"elementor-element elementor-element-5ad54cf elementor-widget elementor-widget-text-editor\" data-id=\"5ad54cf\" data-element_type=\"widget\" data-e-type=\"widget\" data-widget_type=\"text-editor.default\">\n\t\t\t\t\t\t\t\t\t<p>\u00daltima actualizaci\u00f3n: 03-dic-2025<\/p>\t\t\t\t\t\t\t\t<\/div>\n\t\t\t\t<div class=\"elementor-element elementor-element-2210f89 elementor-widget elementor-widget-text-editor\" data-id=\"2210f89\" data-element_type=\"widget\" data-e-type=\"widget\" data-widget_type=\"text-editor.default\">\n\t\t\t\t\t\t\t\t\t<p data-start=\"321\" data-end=\"660\">Esta Pol\u00edtica de Privacidad describe las pol\u00edticas de <strong data-start=\"375\" data-end=\"402\">Meridiano Aprumado, Lda<\/strong>, Estrada do Sineiro, n\u00ba 48, 6200-209 Portugal, correo electr\u00f3nico: <strong data-start=\"457\" data-end=\"485\"><a class=\"decorated-link cursor-pointer\" rel=\"noopener\" data-start=\"459\" data-end=\"483\">management@inspectone.pt<\/a><\/strong>, tel\u00e9fono: <strong data-start=\"497\" data-end=\"517\">+351 928 406 094<\/strong>, respecto a la recopilaci\u00f3n, uso y divulgaci\u00f3n de su informaci\u00f3n cuando utiliza nuestro sitio web (https:\/\/inspectone.pt\/) (el \u00abServicio\u00bb).<\/p><p data-start=\"662\" data-end=\"870\">Al acceder o utilizar el Servicio, consientes la recopilaci\u00f3n, uso y divulgaci\u00f3n de tu informaci\u00f3n conforme a esta Pol\u00edtica de Privacidad. Si no est\u00e1s de acuerdo, por favor no accedas ni utilices el Servicio. <\/p><p data-start=\"872\" data-end=\"1272\">Podemos modificar esta Pol\u00edtica de Privacidad en cualquier momento sin previo aviso, y publicaremos la versi\u00f3n revisada en el Servicio. La pol\u00edtica actualizada entrar\u00e1 en vigor <g id=\"gid_0\">180 d\u00edas despu\u00e9s de<\/g> su publicaci\u00f3n en el Servicio, tras lo cual tu uso continuado del Servicio ser\u00e1 considerado aceptaci\u00f3n de la nueva Pol\u00edtica de Privacidad. Por ello, recomendamos que revise esta p\u00e1gina peri\u00f3dicamente.  <\/p>\t\t\t\t\t\t\t\t<\/div>\n\t\t\t\t<div class=\"elementor-element elementor-element-54b2605 elementor-widget elementor-widget-heading\" data-id=\"54b2605\" data-element_type=\"widget\" data-e-type=\"widget\" data-widget_type=\"heading.default\">\n\t\t\t\t\t<h2 class=\"elementor-heading-title elementor-size-default\">C\u00d3MO USAMOS TU INFORMACI\u00d3N<\/h2>\t\t\t\t<\/div>\n\t\t\t\t<div class=\"elementor-element elementor-element-938d18e elementor-widget elementor-widget-text-editor\" data-id=\"938d18e\" data-element_type=\"widget\" data-e-type=\"widget\" data-widget_type=\"text-editor.default\">\n\t\t\t\t\t\t\t\t\t<p data-start=\"1320\" data-end=\"1393\">Utilizaremos la informaci\u00f3n que recopilemos sobre ti para los siguientes fines:<\/p><ul data-start=\"1395\" data-end=\"1426\"><li data-start=\"1395\" data-end=\"1426\"><p data-start=\"1397\" data-end=\"1426\"><strong data-start=\"1397\" data-end=\"1426\">Gestionar las solicitudes de los clientes<\/strong><\/p><\/li><\/ul><p data-start=\"1428\" data-end=\"1720\">Si tenemos la intenci\u00f3n de utilizar tu informaci\u00f3n para cualquier otro fin, te pediremos tu consentimiento y solo usaremos tus datos despu\u00e9s de haberlos obtenido, y solo para los fines espec\u00edficos para los que hayas dado tu consentimiento, salvo que la ley nos obligue a hacer lo contrario.<\/p>\t\t\t\t\t\t\t\t<\/div>\n\t\t\t\t<div class=\"elementor-element elementor-element-869f4d4 elementor-widget elementor-widget-heading\" data-id=\"869f4d4\" data-element_type=\"widget\" data-e-type=\"widget\" data-widget_type=\"heading.default\">\n\t\t\t\t\t<h2 class=\"elementor-heading-title elementor-size-default\">C\u00d3MO COMPARTIMOS TU INFORMACI\u00d3N<\/h2>\t\t\t\t<\/div>\n\t\t\t\t<div class=\"elementor-element elementor-element-cd3ee02 elementor-widget elementor-widget-text-editor\" data-id=\"cd3ee02\" data-element_type=\"widget\" data-e-type=\"widget\" data-widget_type=\"text-editor.default\">\n\t\t\t\t\t\t\t\t\t<p data-start=\"1769\" data-end=\"1914\">No transferiremos tu informaci\u00f3n personal a terceros sin tu consentimiento, salvo en circunstancias limitadas como se describe a continuaci\u00f3n:<\/p><ul data-start=\"1916\" data-end=\"1940\"><li data-start=\"1916\" data-end=\"1940\"><p data-start=\"1918\" data-end=\"1940\"><strong data-start=\"1918\" data-end=\"1940\">Anal\u00edtica<\/strong><\/p><\/li><\/ul><p data-start=\"1942\" data-end=\"2159\">Exigimos que estos terceros utilicen la informaci\u00f3n personal que les proporcionamos \u00fanicamente para los fines para los que fue proporcionada y que no la conserven durante m\u00e1s tiempo del necesario para cumplir esos fines.<\/p><p data-start=\"2161\" data-end=\"2232\">Tambi\u00e9n podemos divulgar tu informaci\u00f3n personal en los siguientes casos:<\/p><ol data-start=\"2233\" data-end=\"2510\"><li data-start=\"2233\" data-end=\"2329\"><p data-start=\"2236\" data-end=\"2329\">Para cumplir con las leyes, regulaciones, \u00f3rdenes judiciales u otros procesos legales aplicables;<\/p><\/li><li data-start=\"2330\" data-end=\"2418\"><p data-start=\"2333\" data-end=\"2418\">Para hacer cumplir nuestros acuerdos contigo, incluida esta Pol\u00edtica de Privacidad;<\/p><\/li><li data-start=\"2419\" data-end=\"2510\"><p data-start=\"2422\" data-end=\"2510\">Responder a reclamaciones de que el uso del Servicio viola los derechos de terceros.<\/p><\/li><\/ol><p data-start=\"2512\" data-end=\"2673\">Si el Servicio o nuestro negocio se fusionan o son adquiridos por otra entidad, tu informaci\u00f3n puede ser uno de los activos transferidos al nuevo propietario.<\/p>\t\t\t\t\t\t\t\t<\/div>\n\t\t\t\t<div class=\"elementor-element elementor-element-625fed9 elementor-widget elementor-widget-heading\" data-id=\"625fed9\" data-element_type=\"widget\" data-e-type=\"widget\" data-widget_type=\"heading.default\">\n\t\t\t\t\t<h2 class=\"elementor-heading-title elementor-size-default\">TUS DERECHOS<\/h2>\t\t\t\t<\/div>\n\t\t\t\t<div class=\"elementor-element elementor-element-1cb417b elementor-widget elementor-widget-text-editor\" data-id=\"1cb417b\" data-element_type=\"widget\" data-e-type=\"widget\" data-widget_type=\"text-editor.default\">\n\t\t\t\t\t\t\t\t\t<p data-start=\"2705\" data-end=\"3075\">Dependiendo de la legislaci\u00f3n aplicable, puede tener derecho a acceder, corregir o eliminar sus datos personales, recibir una copia de ellos, restringir u objetar su tratamiento activo, solicitar la transferencia (\u00abportabilidad\u00bb) de sus datos a otra entidad, retirar el consentimiento previamente dado y presentar una queja ante la autoridad competente.<\/p><p data-start=\"3077\" data-end=\"3237\">Para ejercer estos derechos, puede contactarnos por correo <strong data-start=\"3142\" data-end=\"3170\"><a class=\"decorated-link cursor-pointer\" rel=\"noopener\" data-start=\"3144\" data-end=\"3168\">electr\u00f3nico management@inspectone.pt<\/a><\/strong>. Responderemos a su solicitud de acuerdo con la ley aplicable. <\/p><p data-start=\"3239\" data-end=\"3475\">Tenga en cuenta que si no nos permite recopilar o procesar cierta informaci\u00f3n personal necesaria, o retira su consentimiento para el tratamiento de dicha informaci\u00f3n, puede que no pueda utilizar los servicios para los que esa informaci\u00f3n es esencial.<\/p>\t\t\t\t\t\t\t\t<\/div>\n\t\t\t\t<div class=\"elementor-element elementor-element-a5c1124 elementor-widget elementor-widget-heading\" data-id=\"a5c1124\" data-element_type=\"widget\" data-e-type=\"widget\" data-widget_type=\"heading.default\">\n\t\t\t\t\t<h2 class=\"elementor-heading-title elementor-size-default\">COOKIES Y TECNOLOG\u00cdAS SIMILARES<\/h2>\t\t\t\t<\/div>\n\t\t\t\t<div class=\"elementor-element elementor-element-a9279f9 elementor-widget elementor-widget-text-editor\" data-id=\"a9279f9\" data-element_type=\"widget\" data-e-type=\"widget\" data-widget_type=\"text-editor.default\">\n\t\t\t\t\t\t\t\t\t<p>Para saber m\u00e1s sobre c\u00f3mo utilizamos estas tecnolog\u00edas y tus elecciones al respecto, consulta nuestra <strong data-start=\"3636\" data-end=\"3659\">Pol\u00edtica de Cookies<\/strong>.<\/p>\t\t\t\t\t\t\t\t<\/div>\n\t\t\t\t<div class=\"elementor-element elementor-element-3a212aa elementor-widget elementor-widget-heading\" data-id=\"3a212aa\" data-element_type=\"widget\" data-e-type=\"widget\" data-widget_type=\"heading.default\">\n\t\t\t\t\t<h2 class=\"elementor-heading-title elementor-size-default\">SEGURIDAD<\/h2>\t\t\t\t<\/div>\n\t\t\t\t<div class=\"elementor-element elementor-element-600d501 elementor-widget elementor-widget-text-editor\" data-id=\"600d501\" data-element_type=\"widget\" data-e-type=\"widget\" data-widget_type=\"text-editor.default\">\n\t\t\t\t\t\t\t\t\t<p data-start=\"3685\" data-end=\"4107\">La seguridad de tu informaci\u00f3n es importante para nosotros y utilizaremos medidas razonables para evitar la p\u00e9rdida, el uso indebido o la alteraci\u00f3n no autorizada de tus datos. Sin embargo, debido a los riesgos inherentes a la transmisi\u00f3n de informaci\u00f3n por Internet, no podemos garantizar la seguridad absoluta y, por tanto, no podemos garantizar ni garantizar la seguridad de cualquier informaci\u00f3n que nos transmitas \u2014 lo haces bajo tu propio riesgo. <\/p>\t\t\t\t\t\t\t\t<\/div>\n\t\t\t\t<div class=\"elementor-element elementor-element-d5dc972 elementor-widget elementor-widget-heading\" data-id=\"d5dc972\" data-element_type=\"widget\" data-e-type=\"widget\" data-widget_type=\"heading.default\">\n\t\t\t\t\t<h2 class=\"elementor-heading-title elementor-size-default\">ENLACES A TERCEROS Y USO DE TU INFORMACI\u00d3N\n<\/h2>\t\t\t\t<\/div>\n\t\t\t\t<div class=\"elementor-element elementor-element-4750cf8 elementor-widget elementor-widget-text-editor\" data-id=\"4750cf8\" data-element_type=\"widget\" data-e-type=\"widget\" data-widget_type=\"text-editor.default\">\n\t\t\t\t\t\t\t\t\t<p>Nuestro Servicio puede contener enlaces a sitios web de terceros que no son gestionados por nosotros. Esta Pol\u00edtica de Privacidad no se aplica a las pr\u00e1cticas de privacidad de estos terceros. Recomendamos encarecidamente que revises la pol\u00edtica de privacidad de cada sitio web que visites. No tenemos ning\u00fan control ni asumimos responsabilidad sobre el contenido, las pol\u00edticas de privacidad ni las pr\u00e1cticas de ning\u00fan sitio web o servicio de terceros.   <\/p>\t\t\t\t\t\t\t\t<\/div>\n\t\t\t\t<div class=\"elementor-element elementor-element-d8836b5 elementor-widget elementor-widget-heading\" data-id=\"d8836b5\" data-element_type=\"widget\" data-e-type=\"widget\" data-widget_type=\"heading.default\">\n\t\t\t\t\t<h2 class=\"elementor-heading-title elementor-size-default\">AGENTE DE GESTI\u00d3N \/ OFICIAL DE QUEJAS\n<\/h2>\t\t\t\t<\/div>\n\t\t\t\t<div class=\"elementor-element elementor-element-932f550 elementor-widget elementor-widget-text-editor\" data-id=\"932f550\" data-element_type=\"widget\" data-e-type=\"widget\" data-widget_type=\"text-editor.default\">\n\t\t\t\t\t\t\t\t\t<p data-start=\"4675\" data-end=\"4922\">Si tiene alguna pregunta o inquietud sobre c\u00f3mo procesamos su informaci\u00f3n, puede contactar con nuestro Responsable de Informaci\u00f3n en:<br data-start=\"4825\" data-end=\"4828\"><strong data-start=\"4828\" data-end=\"4882\">Meridiano Aprumado, Lda, Estrada do Sineiro, n\u00ba 48<\/strong><br data-start=\"4882\" data-end=\"4885\"><strong data-start=\"4885\" data-end=\"4895\">Correo electr\u00f3nico:<\/strong> <a class=\"decorated-link cursor-pointer\" rel=\"noopener\" data-start=\"4896\" data-end=\"4920\">management@inspectone.pt<\/a><\/p><p data-start=\"4924\" data-end=\"4992\">Responderemos a sus consultas de acuerdo con la legislaci\u00f3n aplicable.<\/p>\t\t\t\t\t\t\t\t<\/div>\n\t\t\t\t<div class=\"elementor-element elementor-element-44fcef2 elementor-widget elementor-widget-text-editor\" data-id=\"44fcef2\" data-element_type=\"widget\" data-e-type=\"widget\" data-widget_type=\"text-editor.default\">\n\t\t\t\t\t\t\t\t\t<p>Pol\u00edtica de privacidad generada con CookieYes.<\/p>\t\t\t\t\t\t\t\t<\/div>\n\t\t\t\t<\/div>\n\t\t\t\t\t<\/div>\n\t\t\t\t<\/div>\n\t\t\t\t<\/div>\n\t\t","protected":false},"excerpt":{"rendered":"<p>Pol\u00edtica de privacidad Fecha de vigencia: 03-dic-2025 \u00daltima actualizaci\u00f3n: 03-dic-2025 Esta Pol\u00edtica de Privacidad describe las pol\u00edticas de Meridiano Aprumado, Lda, Estrada do Sineiro, n\u00ba 48, 6200-209 Portugal, correo electr\u00f3nico: management@inspectone.pt, tel\u00e9fono: +351 928 406 094, respecto a la recopilaci\u00f3n, uso y divulgaci\u00f3n de su informaci\u00f3n cuando utiliza nuestro sitio web (https:\/\/inspectone.pt\/) (el \u00abServicio\u00bb). Al [&hellip;]<\/p>\n","protected":false},"author":1,"featured_media":0,"parent":0,"menu_order":0,"comment_status":"closed","ping_status":"closed","template":"","meta":{"footnotes":""},"class_list":["post-5725","page","type-page","status-publish","hentry"],"_links":{"self":[{"href":"https:\/\/inspectone.pt\/es\/wp-json\/wp\/v2\/pages\/5725","targetHints":{"allow":["GET"]}}],"collection":[{"href":"https:\/\/inspectone.pt\/es\/wp-json\/wp\/v2\/pages"}],"about":[{"href":"https:\/\/inspectone.pt\/es\/wp-json\/wp\/v2\/types\/page"}],"author":[{"embeddable":true,"href":"https:\/\/inspectone.pt\/es\/wp-json\/wp\/v2\/users\/1"}],"replies":[{"embeddable":true,"href":"https:\/\/inspectone.pt\/es\/wp-json\/wp\/v2\/comments?post=5725"}],"version-history":[{"count":1,"href":"https:\/\/inspectone.pt\/es\/wp-json\/wp\/v2\/pages\/5725\/revisions"}],"predecessor-version":[{"id":5726,"href":"https:\/\/inspectone.pt\/es\/wp-json\/wp\/v2\/pages\/5725\/revisions\/5726"}],"wp:attachment":[{"href":"https:\/\/inspectone.pt\/es\/wp-json\/wp\/v2\/media?parent=5725"}],"curies":[{"name":"wp","href":"https:\/\/api.w.org\/{rel}","templated":true}]}}