{"id":5755,"date":"2025-10-22T13:29:52","date_gmt":"2025-10-22T13:29:52","guid":{"rendered":"https:\/\/inspectone.pt\/politica-de-cookies\/"},"modified":"2025-12-09T10:35:00","modified_gmt":"2025-12-09T10:35:00","slug":"politica-de-cookies","status":"publish","type":"page","link":"https:\/\/inspectone.pt\/es\/politica-de-cookies\/","title":{"rendered":"Pol\u00edtica de Cookies"},"content":{"rendered":"\t\t<div data-elementor-type=\"wp-page\" data-elementor-id=\"5755\" class=\"elementor elementor-5755 elementor-4450\" data-elementor-post-type=\"page\">\n\t\t\t\t<div class=\"elementor-element elementor-element-8597a92 e-flex e-con-boxed e-con e-parent\" data-id=\"8597a92\" data-element_type=\"container\" data-e-type=\"container\">\n\t\t\t\t\t<div class=\"e-con-inner\">\n\t\t\t\t<div class=\"elementor-element elementor-element-7b444c8 elementor-widget elementor-widget-heading\" data-id=\"7b444c8\" data-element_type=\"widget\" data-e-type=\"widget\" data-widget_type=\"heading.default\">\n\t\t\t\t\t<h1 class=\"elementor-heading-title elementor-size-default\">Pol\u00edtica de Cookies<\/h1>\t\t\t\t<\/div>\n\t\t<div class=\"elementor-element elementor-element-dee15f9 e-con-full e-flex e-con e-child\" data-id=\"dee15f9\" data-element_type=\"container\" data-e-type=\"container\">\n\t\t\t\t<div class=\"elementor-element elementor-element-ff6e31c elementor-widget elementor-widget-text-editor\" data-id=\"ff6e31c\" data-element_type=\"widget\" data-e-type=\"widget\" data-widget_type=\"text-editor.default\">\n\t\t\t\t\t\t\t\t\t<p>Fecha de vigencia: 22 de octubre de 2025<\/p>\t\t\t\t\t\t\t\t<\/div>\n\t\t\t\t<div class=\"elementor-element elementor-element-460a5a7 elementor-widget elementor-widget-text-editor\" data-id=\"460a5a7\" data-element_type=\"widget\" data-e-type=\"widget\" data-widget_type=\"text-editor.default\">\n\t\t\t\t\t\t\t\t\t<p>\u00daltima actualizaci\u00f3n: 4 de diciembre de 2025<\/p>\t\t\t\t\t\t\t\t<\/div>\n\t\t\t\t<\/div>\n\t\t\t\t<div class=\"elementor-element elementor-element-a982aea elementor-widget elementor-widget-heading\" data-id=\"a982aea\" data-element_type=\"widget\" data-e-type=\"widget\" data-widget_type=\"heading.default\">\n\t\t\t\t\t<h2 class=\"elementor-heading-title elementor-size-default\">\u00bfQu\u00e9 son las galletas?<\/h2>\t\t\t\t<\/div>\n\t\t\t\t<div class=\"elementor-element elementor-element-2969ce0 elementor-widget elementor-widget-text-editor\" data-id=\"2969ce0\" data-element_type=\"widget\" data-e-type=\"widget\" data-widget_type=\"text-editor.default\">\n\t\t\t\t\t\t\t\t\t<p data-start=\"247\" data-end=\"490\">Esta Pol\u00edtica de Cookies explica qu\u00e9 son las cookies, c\u00f3mo las utilizamos, los tipos de cookies que usamos (es decir, qu\u00e9 informaci\u00f3n recopilamos a trav\u00e9s de las cookies y c\u00f3mo se utiliza esa informaci\u00f3n) y c\u00f3mo puedes gestionar la configuraci\u00f3n de tus cookies.<\/p><p data-start=\"492\" data-end=\"916\">Las cookies son peque\u00f1os archivos de texto usados para almacenar peque\u00f1as cantidades de informaci\u00f3n. Se guardan en tu dispositivo cuando se carga una web en tu navegador. Estas cookies ayudan a garantizar el correcto funcionamiento del sitio web, aumentar la seguridad, ofrecer una mejor experiencia de usuario y permitir analizar el rendimiento para identificar qu\u00e9 funciona bien y qu\u00e9 necesita mejora.  <\/p>\t\t\t\t\t\t\t\t<\/div>\n\t\t\t\t<div class=\"elementor-element elementor-element-116c19b elementor-widget elementor-widget-heading\" data-id=\"116c19b\" data-element_type=\"widget\" data-e-type=\"widget\" data-widget_type=\"heading.default\">\n\t\t\t\t\t<h2 class=\"elementor-heading-title elementor-size-default\">\u00bfC\u00f3mo usamos las cookies?<\/h2>\t\t\t\t<\/div>\n\t\t\t\t<div class=\"elementor-element elementor-element-8e80a7c elementor-widget elementor-widget-text-editor\" data-id=\"8e80a7c\" data-element_type=\"widget\" data-e-type=\"widget\" data-widget_type=\"text-editor.default\">\n\t\t\t\t\t\t\t\t\t<p data-start=\"956\" data-end=\"1104\">Como la mayor\u00eda de los servicios online, nuestro sitio web utiliza cookies de primera y tercera parte para diversos fines.<\/p><ul data-start=\"1106\" data-end=\"1613\"><li data-start=\"1106\" data-end=\"1282\"><p data-start=\"1108\" data-end=\"1282\"><strong data-start=\"1108\" data-end=\"1143\">Galletas de primera mano:<\/strong><br data-start=\"1143\" data-end=\"1146\">Son esenciales para el correcto funcionamiento del sitio web y no recopilan datos que permitan identificar personalmente al usuario.<\/p><\/li><li data-start=\"1284\" data-end=\"1613\"><p data-start=\"1286\" data-end=\"1613\"><strong data-start=\"1286\" data-end=\"1325\">Cookies de terceros:<\/strong><br data-start=\"1325\" data-end=\"1328\">Principalmente nos ayudan a entender el rendimiento del sitio web, monitorizar c\u00f3mo interact\u00faas con la p\u00e1gina, mantener nuestros servicios seguros, mostrar anuncios relevantes y mejorar tu experiencia global, incluyendo la velocidad de futuras interacciones con el sitio web.<\/p><\/li><\/ul>\t\t\t\t\t\t\t\t<\/div>\n\t\t\t\t<div class=\"elementor-element elementor-element-5de8eb5 elementor-widget elementor-widget-heading\" data-id=\"5de8eb5\" data-element_type=\"widget\" data-e-type=\"widget\" data-widget_type=\"heading.default\">\n\t\t\t\t\t<h2 class=\"elementor-heading-title elementor-size-default\">Tipos de cookies que utilizamos<\/h2>\t\t\t\t<\/div>\n\t\t\t\t<div class=\"elementor-element elementor-element-6698f56 elementor-widget elementor-widget-html\" data-id=\"6698f56\" data-element_type=\"widget\" data-e-type=\"widget\" data-widget_type=\"html.default\">\n\t\t\t\t\t<!-- Start CookieYes cookie policy -->\n<style>\n  a.cky-banner-element {\n    padding: 8px 30px;\n    background: #f8f9fa;\n    color: #858a8f;\n    border: 1px solid #dee2e6;\n    box-sizing: border-box;\n    border-radius: 2px;\n    cursor: pointer\n  }\n<\/style>\n<div class=\"cky-audit-table-element\"><\/div>&nbsp;<h2 style=\"margin-bottom: 20px\">Gestionar preferencias de cookies<\/h2><a class=\"cky-banner-element\">Preferencias de consentimiento<\/a><br>\n\t\t\t\t<\/div>\n\t\t\t\t<div class=\"elementor-element elementor-element-5b5f50c elementor-widget elementor-widget-text-editor\" data-id=\"5b5f50c\" data-element_type=\"widget\" data-e-type=\"widget\" data-widget_type=\"text-editor.default\">\n\t\t\t\t\t\t\t\t\t<p data-start=\"112\" data-end=\"380\">Puedes modificar la configuraci\u00f3n de tus cookies en cualquier momento haciendo clic en el <strong data-start=\"194\" data-end=\"229\">bot\u00f3n \u00abPreferencias de consentimiento\u00bb<\/strong> de arriba. Esto te permitir\u00e1 volver a consultar el banner de consentimiento de cookies y actualizar tus preferencias o retirar tu consentimiento inmediatamente. <\/p><p data-start=\"382\" data-end=\"704\">Adem\u00e1s, diferentes navegadores ofrecen distintos m\u00e9todos para bloquear y eliminar cookies utilizadas por sitios web. Puedes ajustar la configuraci\u00f3n del navegador para bloquear o eliminar cookies. A continuaci\u00f3n se muestran enlaces a la documentaci\u00f3n de soporte de los navegadores principales sobre c\u00f3mo gestionar y eliminar cookies:  <\/p><ul data-start=\"706\" data-end=\"1166\"><li data-start=\"706\" data-end=\"770\"><p data-start=\"708\" data-end=\"770\"><strong data-start=\"708\" data-end=\"719\">Chrome:<\/strong> https:\/\/support.google.com\/accounts\/answer\/32050<\/p><\/li><li data-start=\"771\" data-end=\"845\"><p data-start=\"773\" data-end=\"845\"><strong data-start=\"773\" data-end=\"784\">Safari:<\/strong> https:\/\/support.apple.com\/en-in\/guide\/safari\/sfri11471\/mac<\/p><\/li><li data-start=\"846\" data-end=\"1012\"><p data-start=\"848\" data-end=\"1012\"><strong data-start=\"848\" data-end=\"860\">Firefox:<\/strong> https:\/\/support.mozilla.org\/en-US\/kb\/clear-cookies-and-site-data-firefox?redirectslug=delete-cookies-remove-info-websites-stored&amp;redirectlocale=en-US<\/p><\/li><li data-start=\"1013\" data-end=\"1166\"><p data-start=\"1015\" data-end=\"1166\"><strong data-start=\"1015\" data-end=\"1037\">Internet Explorer:<\/strong> https:\/\/support.microsoft.com\/en-us\/topic\/how-to-delete-cookie-files-in-internet-explorer-bca9446f-d873-78de-77ba-d42645fa52fc<\/p><\/li><\/ul><p data-start=\"1168\" data-end=\"1267\">Si usas otro navegador, consulta la documentaci\u00f3n oficial de soporte.<\/p>\t\t\t\t\t\t\t\t<\/div>\n\t\t\t\t<div class=\"elementor-element elementor-element-d960e78 elementor-widget elementor-widget-text-editor\" data-id=\"d960e78\" data-element_type=\"widget\" data-e-type=\"widget\" data-widget_type=\"text-editor.default\">\n\t\t\t\t\t\t\t\t\t<p>Pol\u00edtica de Cookies Generada por CookieYes \u2013 Generador de Pol\u00edtica de Cookies<\/p>\t\t\t\t\t\t\t\t<\/div>\n\t\t\t\t\t<\/div>\n\t\t\t\t<\/div>\n\t\t\t\t<\/div>\n\t\t","protected":false},"excerpt":{"rendered":"<p>Pol\u00edtica de Cookies Fecha de vigencia: 22 de octubre de 2025 \u00daltima actualizaci\u00f3n: 4 de diciembre de 2025 \u00bfQu\u00e9 son las galletas? Esta Pol\u00edtica de Cookies explica qu\u00e9 son las cookies, c\u00f3mo las utilizamos, los tipos de cookies que usamos (es decir, qu\u00e9 informaci\u00f3n recopilamos a trav\u00e9s de las cookies y c\u00f3mo se utiliza esa [&hellip;]<\/p>\n","protected":false},"author":1,"featured_media":0,"parent":0,"menu_order":0,"comment_status":"closed","ping_status":"closed","template":"","meta":{"footnotes":""},"class_list":["post-5755","page","type-page","status-publish","hentry"],"_links":{"self":[{"href":"https:\/\/inspectone.pt\/es\/wp-json\/wp\/v2\/pages\/5755","targetHints":{"allow":["GET"]}}],"collection":[{"href":"https:\/\/inspectone.pt\/es\/wp-json\/wp\/v2\/pages"}],"about":[{"href":"https:\/\/inspectone.pt\/es\/wp-json\/wp\/v2\/types\/page"}],"author":[{"embeddable":true,"href":"https:\/\/inspectone.pt\/es\/wp-json\/wp\/v2\/users\/1"}],"replies":[{"embeddable":true,"href":"https:\/\/inspectone.pt\/es\/wp-json\/wp\/v2\/comments?post=5755"}],"version-history":[{"count":2,"href":"https:\/\/inspectone.pt\/es\/wp-json\/wp\/v2\/pages\/5755\/revisions"}],"predecessor-version":[{"id":5801,"href":"https:\/\/inspectone.pt\/es\/wp-json\/wp\/v2\/pages\/5755\/revisions\/5801"}],"wp:attachment":[{"href":"https:\/\/inspectone.pt\/es\/wp-json\/wp\/v2\/media?parent=5755"}],"curies":[{"name":"wp","href":"https:\/\/api.w.org\/{rel}","templated":true}]}}