{"id":5766,"date":"2025-10-22T13:57:47","date_gmt":"2025-10-22T13:57:47","guid":{"rendered":"https:\/\/inspectone.pt\/terminos-y-condiciones\/"},"modified":"2025-12-09T10:48:55","modified_gmt":"2025-12-09T10:48:55","slug":"terminos-y-condiciones","status":"publish","type":"page","link":"https:\/\/inspectone.pt\/es\/terminos-y-condiciones\/","title":{"rendered":"T\u00e9rminos y Condiciones"},"content":{"rendered":"\t\t<div data-elementor-type=\"wp-page\" data-elementor-id=\"5766\" class=\"elementor elementor-5766 elementor-4468\" data-elementor-post-type=\"page\">\n\t\t\t\t<div class=\"elementor-element elementor-element-59c7735 e-flex e-con-boxed e-con e-parent\" data-id=\"59c7735\" data-element_type=\"container\" data-e-type=\"container\">\n\t\t\t\t\t<div class=\"e-con-inner\">\n\t\t\t\t<div class=\"elementor-element elementor-element-e832f67 elementor-widget elementor-widget-heading\" data-id=\"e832f67\" data-element_type=\"widget\" data-e-type=\"widget\" data-widget_type=\"heading.default\">\n\t\t\t\t\t<h2 class=\"elementor-heading-title elementor-size-default\">T\u00e9rminos y Condiciones de Uso<\/h2>\t\t\t\t<\/div>\n\t\t<div class=\"elementor-element elementor-element-e203793 e-con-full e-flex e-con e-child\" data-id=\"e203793\" data-element_type=\"container\" data-e-type=\"container\">\n\t\t\t\t<div class=\"elementor-element elementor-element-ce6220e elementor-widget elementor-widget-text-editor\" data-id=\"ce6220e\" data-element_type=\"widget\" data-e-type=\"widget\" data-widget_type=\"text-editor.default\">\n\t\t\t\t\t\t\t\t\t<p><strong data-start=\"430\" data-end=\"453\">\u00daltima actualizaci\u00f3n:<\/strong> 4 de diciembre de 2025<br data-start=\"476\" data-end=\"479\"><strong data-start=\"479\" data-end=\"495\">Responsable:<\/strong> Meridiano Aprumado, Lda<br data-start=\"519\" data-end=\"522\">Cuartel General: Estrada do Sineiro, n\u00ba 48, 6200-209 Covilh\u00e3, Portugal<br data-start=\"581\" data-end=\"584\">Correo electr\u00f3nico: <a class=\"decorated-link cursor-pointer\" rel=\"noopener\" data-start=\"591\" data-end=\"615\">management@inspectone.pt<\/a><br data-start=\"615\" data-end=\"618\">Tel\u00e9fono: +351 928 406 094<\/p>\t\t\t\t\t\t\t\t<\/div>\n\t\t\t\t<\/div>\n\t\t\t\t<div class=\"elementor-element elementor-element-697228c elementor-widget elementor-widget-heading\" data-id=\"697228c\" data-element_type=\"widget\" data-e-type=\"widget\" data-widget_type=\"heading.default\">\n\t\t\t\t\t<h2 class=\"elementor-heading-title elementor-size-default\">1. Aceptaci\u00f3n de los t\u00e9rminos<\/h2>\t\t\t\t<\/div>\n\t\t\t\t<div class=\"elementor-element elementor-element-14d96e2 elementor-widget elementor-widget-text-editor\" data-id=\"14d96e2\" data-element_type=\"widget\" data-e-type=\"widget\" data-widget_type=\"text-editor.default\">\n\t\t\t\t\t\t\t\t\t<p data-start=\"683\" data-end=\"888\">Al acceder o utilizar el sitio <strong data-start=\"715\" data-end=\"730\">web de InspectOne<\/strong> (en adelante \u00abSitio Web\u00bb), el usuario declara que ha le\u00eddo, entendido y acepta cumplir con estos T\u00e9rminos y Condiciones, as\u00ed como con toda la legislaci\u00f3n aplicable.<\/p><p data-start=\"890\" data-end=\"1006\">Si no est\u00e1 de acuerdo con ninguna de las disposiciones presentadas aqu\u00ed, debe cesar inmediatamente el uso del sitio web.<\/p>\t\t\t\t\t\t\t\t<\/div>\n\t\t\t\t<div class=\"elementor-element elementor-element-f62c021 elementor-widget elementor-widget-heading\" data-id=\"f62c021\" data-element_type=\"widget\" data-e-type=\"widget\" data-widget_type=\"heading.default\">\n\t\t\t\t\t<h2 class=\"elementor-heading-title elementor-size-default\">2. Servicio prestado<\/h2>\t\t\t\t<\/div>\n\t\t\t\t<div class=\"elementor-element elementor-element-09e6a53 elementor-widget elementor-widget-text-editor\" data-id=\"09e6a53\" data-element_type=\"widget\" data-e-type=\"widget\" data-widget_type=\"text-editor.default\">\n\t\t\t\t\t\t\t\t\t<p data-start=\"1041\" data-end=\"1179\">El sitio web est\u00e1 destinado a proporcionar informaci\u00f3n sobre los servicios que ofrece <strong data-start=\"1120\" data-end=\"1147\">Meridiano Aprumado, Lda<\/strong>, incluyendo, pero no limit\u00e1ndose a:<\/p><ul data-start=\"1181\" data-end=\"1321\"><li data-start=\"1181\" data-end=\"1210\"><p data-start=\"1183\" data-end=\"1210\">Informaci\u00f3n institucional,<\/p><\/li><li data-start=\"1211\" data-end=\"1235\"><p data-start=\"1213\" data-end=\"1235\">Solicitudes de contacto,<\/p><\/li><li data-start=\"1236\" data-end=\"1261\"><p data-start=\"1238\" data-end=\"1261\">Reserva de servicio,<\/p><\/li><li data-start=\"1262\" data-end=\"1321\"><p data-start=\"1264\" data-end=\"1321\">provisi\u00f3n de documentos o contenido informativo.<\/p><\/li><\/ul><p data-start=\"1323\" data-end=\"1464\">La empresa se reserva el derecho de cambiar, suspender o descontinuar cualquier funcionalidad del sitio web en cualquier momento sin previo aviso.<\/p>\t\t\t\t\t\t\t\t<\/div>\n\t\t\t\t<div class=\"elementor-element elementor-element-b637bf2 elementor-widget elementor-widget-heading\" data-id=\"b637bf2\" data-element_type=\"widget\" data-e-type=\"widget\" data-widget_type=\"heading.default\">\n\t\t\t\t\t<h2 class=\"elementor-heading-title elementor-size-default\">3. Propiedad intelectual<\/h2>\t\t\t\t<\/div>\n\t\t\t\t<div class=\"elementor-element elementor-element-1936c78 elementor-widget elementor-widget-text-editor\" data-id=\"1936c78\" data-element_type=\"widget\" data-e-type=\"widget\" data-widget_type=\"text-editor.default\">\n\t\t\t\t\t\t\t\t\t<p data-start=\"1506\" data-end=\"1835\">Todo el contenido del sitio web \u2014 incluidos textos, im\u00e1genes, logotipos, gr\u00e1ficos, iconos, v\u00eddeos, documentos, software y estructura \u2014 es propiedad de Meridiano Aprumado, Lda o de terceros debidamente autorizados, y est\u00e1 protegido por la legislaci\u00f3n portuguesa y europea de derechos de autor y propiedad intelectual.<\/p><p data-start=\"1837\" data-end=\"1862\">Al usuario se le proh\u00edbe:<\/p><ul data-start=\"1864\" data-end=\"2084\"><li data-start=\"1864\" data-end=\"1942\"><p data-start=\"1866\" data-end=\"1942\">copiar, reproducir o distribuir cualquier contenido sin autorizaci\u00f3n previa;<\/p><\/li><li data-start=\"1943\" data-end=\"2003\"><p data-start=\"1945\" data-end=\"2003\">alterar, adaptar, traducir o crear obras derivadas;<\/p><\/li><li data-start=\"2004\" data-end=\"2084\"><p data-start=\"2006\" data-end=\"2084\">Utiliza el contenido con fines comerciales sin permiso escrito de la empresa.<\/p><\/li><\/ul>\t\t\t\t\t\t\t\t<\/div>\n\t\t\t\t<div class=\"elementor-element elementor-element-f623b74 elementor-widget elementor-widget-heading\" data-id=\"f623b74\" data-element_type=\"widget\" data-e-type=\"widget\" data-widget_type=\"heading.default\">\n\t\t\t\t\t<h2 class=\"elementor-heading-title elementor-size-default\">4. Licencia de uso<\/h2>\t\t\t\t<\/div>\n\t\t\t\t<div class=\"elementor-element elementor-element-07a707e elementor-widget elementor-widget-text-editor\" data-id=\"07a707e\" data-element_type=\"widget\" data-e-type=\"widget\" data-widget_type=\"text-editor.default\">\n\t\t\t\t\t\t\t\t\t<p data-start=\"2124\" data-end=\"2272\">Se le concede una licencia limitada, no exclusiva y no transferible para utilizar el sitio web \u00fanicamente con fines personales y no comerciales.<\/p><p data-start=\"2274\" data-end=\"2313\">Esta licencia no permite, en particular:<\/p><ul data-start=\"2315\" data-end=\"2551\"><li data-start=\"2315\" data-end=\"2410\"><p data-start=\"2317\" data-end=\"2410\">ingenier\u00eda inversa, descompilaci\u00f3n o traducci\u00f3n de cualquier parte del software del sitio web;<\/p><\/li><li data-start=\"2411\" data-end=\"2469\"><p data-start=\"2413\" data-end=\"2469\">eliminar los avisos de derechos de autor o de propiedad;<\/p><\/li><li data-start=\"2470\" data-end=\"2551\"><p data-start=\"2472\" data-end=\"2551\">utilizar el sitio web de manera fraudulenta, abusiva o que comprometa la seguridad.<\/p><\/li><\/ul><p data-start=\"2553\" data-end=\"2621\">La violaci\u00f3n de estos t\u00e9rminos implica la cancelaci\u00f3n inmediata de la licencia.<\/p>\t\t\t\t\t\t\t\t<\/div>\n\t\t\t\t<div class=\"elementor-element elementor-element-3c29ca0 elementor-widget elementor-widget-heading\" data-id=\"3c29ca0\" data-element_type=\"widget\" data-e-type=\"widget\" data-widget_type=\"heading.default\">\n\t\t\t\t\t<h2 class=\"elementor-heading-title elementor-size-default\">5. Contenido de usuario<\/h2>\t\t\t\t<\/div>\n\t\t\t\t<div class=\"elementor-element elementor-element-277ea50 elementor-widget elementor-widget-text-editor\" data-id=\"277ea50\" data-element_type=\"widget\" data-e-type=\"widget\" data-widget_type=\"text-editor.default\">\n\t\t\t\t\t\t\t\t\t<p data-start=\"2663\" data-end=\"2771\">Si env\u00edas datos, formularios, mensajes u otro contenido a trav\u00e9s del sitio web, declaras que:<\/p><ul data-start=\"2773\" data-end=\"2907\"><li data-start=\"2773\" data-end=\"2809\"><p data-start=\"2775\" data-end=\"2809\">El contenido es verdadero y preciso;<\/p><\/li><li data-start=\"2810\" data-end=\"2846\"><p data-start=\"2812\" data-end=\"2846\">no viola los derechos de terceros;<\/p><\/li><li data-start=\"2847\" data-end=\"2907\"><p data-start=\"2849\" data-end=\"2907\">No contiene virus, scripts maliciosos ni contenido ilegal.<\/p><\/li><\/ul><p data-start=\"2909\" data-end=\"2984\">La Compa\u00f1\u00eda puede rechazar o eliminar cualquier contenido considerado inapropiado.<\/p>\t\t\t\t\t\t\t\t<\/div>\n\t\t\t\t<div class=\"elementor-element elementor-element-f850cf5 elementor-widget elementor-widget-heading\" data-id=\"f850cf5\" data-element_type=\"widget\" data-e-type=\"widget\" data-widget_type=\"heading.default\">\n\t\t\t\t\t<h2 class=\"elementor-heading-title elementor-size-default\">6. Aviso legal<\/h2>\t\t\t\t<\/div>\n\t\t\t\t<div class=\"elementor-element elementor-element-0f44db8 elementor-widget elementor-widget-text-editor\" data-id=\"0f44db8\" data-element_type=\"widget\" data-e-type=\"widget\" data-widget_type=\"text-editor.default\">\n\t\t\t\t\t\t\t\t\t<p data-start=\"3045\" data-end=\"3154\">El sitio web y su contenido se proporcionan <strong data-start=\"3090\" data-end=\"3110\">\u00abtal cual\u00bb.<\/strong> Meridiano Aprumado, Lda no garantiza que: <\/p><ul data-start=\"3156\" data-end=\"3339\"><li data-start=\"3156\" data-end=\"3213\"><p data-start=\"3158\" data-end=\"3213\">el sitio web funciona sin interrupciones, errores ni fallos;<\/p><\/li><li data-start=\"3214\" data-end=\"3270\"><p data-start=\"3216\" data-end=\"3270\">El contenido es preciso, completo o actualizado;<\/p><\/li><li data-start=\"3271\" data-end=\"3339\"><p data-start=\"3273\" data-end=\"3339\">El acceso es continuo o libre de virus y componentes maliciosos.<\/p><\/li><\/ul><p data-start=\"3341\" data-end=\"3456\">La Compa\u00f1\u00eda puede suspender temporalmente el sitio web por mantenimiento, actualizaciones u otras necesidades t\u00e9cnicas.<\/p>\t\t\t\t\t\t\t\t<\/div>\n\t\t\t\t<div class=\"elementor-element elementor-element-64690a4 elementor-widget elementor-widget-heading\" data-id=\"64690a4\" data-element_type=\"widget\" data-e-type=\"widget\" data-widget_type=\"heading.default\">\n\t\t\t\t\t<h2 class=\"elementor-heading-title elementor-size-default\">7. Limitaci\u00f3n de responsabilidad<\/h2>\t\t\t\t<\/div>\n\t\t\t\t<div class=\"elementor-element elementor-element-fa5ed7c elementor-widget elementor-widget-text-editor\" data-id=\"fa5ed7c\" data-element_type=\"widget\" data-e-type=\"widget\" data-widget_type=\"text-editor.default\">\n\t\t\t\t\t\t\t\t\t<p data-start=\"3504\" data-end=\"3666\">En la medida en que lo permita la ley, Meridiano Aprumado, Lda no ser\u00e1 responsable de da\u00f1os directos, indirectos, incidentales o consecuentes derivados de:<\/p><ul data-start=\"3668\" data-end=\"3841\"><li data-start=\"3668\" data-end=\"3724\"><p data-start=\"3670\" data-end=\"3724\">el uso o la imposibilidad de utilizar el sitio web;<\/p><\/li><li data-start=\"3725\" data-end=\"3772\"><p data-start=\"3727\" data-end=\"3772\">p\u00e9rdida de datos o interrupci\u00f3n de actividad;<\/p><\/li><li data-start=\"3773\" data-end=\"3841\"><p data-start=\"3775\" data-end=\"3841\">el uso de sitios web externos accesibles a trav\u00e9s de enlaces en el sitio web.<\/p><\/li><\/ul><p data-start=\"3843\" data-end=\"3913\">Asumes toda la responsabilidad por el uso del sitio web.<\/p>\t\t\t\t\t\t\t\t<\/div>\n\t\t\t\t<div class=\"elementor-element elementor-element-594077f elementor-widget elementor-widget-heading\" data-id=\"594077f\" data-element_type=\"widget\" data-e-type=\"widget\" data-widget_type=\"heading.default\">\n\t\t\t\t\t<h2 class=\"elementor-heading-title elementor-size-default\">8. Enlaces a sitios web de terceros<\/h2>\t\t\t\t<\/div>\n\t\t\t\t<div class=\"elementor-element elementor-element-79de356 elementor-widget elementor-widget-text-editor\" data-id=\"79de356\" data-element_type=\"widget\" data-e-type=\"widget\" data-widget_type=\"text-editor.default\">\n\t\t\t\t\t\t\t\t\t<p data-start=\"3964\" data-end=\"4048\">El sitio web puede contener enlaces a sitios web de terceros.<br data-start=\"4019\" data-end=\"4022\">A Meridiano Aprumado, Lda:<\/p><ul data-start=\"4050\" data-end=\"4176\"><li data-start=\"4050\" data-end=\"4067\"><p data-start=\"4052\" data-end=\"4067\">no controla,<\/p><\/li><li data-start=\"4068\" data-end=\"4084\"><p data-start=\"4070\" data-end=\"4084\">no garantiza,<\/p><\/li><li data-start=\"4085\" data-end=\"4176\"><p data-start=\"4087\" data-end=\"4176\">tampoco asume responsabilidad sobre el contenido, las pol\u00edticas, la seguridad o las pr\u00e1cticas de esos sitios.<\/p><\/li><\/ul><p data-start=\"4178\" data-end=\"4232\">Accedes a esos enlaces bajo tu propia responsabilidad.<\/p>\t\t\t\t\t\t\t\t<\/div>\n\t\t\t\t<div class=\"elementor-element elementor-element-3912c8b elementor-widget elementor-widget-heading\" data-id=\"3912c8b\" data-element_type=\"widget\" data-e-type=\"widget\" data-widget_type=\"heading.default\">\n\t\t\t\t\t<h2 class=\"elementor-heading-title elementor-size-default\">9. Protecci\u00f3n de datos y privacidad<\/h2>\t\t\t\t<\/div>\n\t\t\t\t<div class=\"elementor-element elementor-element-929e4d2 elementor-widget elementor-widget-text-editor\" data-id=\"929e4d2\" data-element_type=\"widget\" data-e-type=\"widget\" data-widget_type=\"text-editor.default\">\n\t\t\t\t\t\t\t\t\t<p data-start=\"4282\" data-end=\"4339\">El uso del sitio web implica la lectura y aceptaci\u00f3n de:<\/p><ul data-start=\"4341\" data-end=\"4398\"><li data-start=\"4341\" data-end=\"4372\"><p data-start=\"4343\" data-end=\"4372\"><strong data-start=\"4343\" data-end=\"4370\">Pol\u00edtica de privacidad<\/strong><\/p><\/li><li data-start=\"4373\" data-end=\"4398\"><p data-start=\"4375\" data-end=\"4398\"><strong data-start=\"4375\" data-end=\"4398\">Pol\u00edtica de Cookies<\/strong><\/p><\/li><\/ul><p data-start=\"4400\" data-end=\"4582\">Estas pol\u00edticas est\u00e1n disponibles en el sitio web y definen c\u00f3mo tratamos los datos personales de los usuarios, de acuerdo con <strong data-start=\"4527\" data-end=\"4581\">el Reglamento General de Protecci\u00f3n de Datos (RGPD).<\/strong><\/p>\t\t\t\t\t\t\t\t<\/div>\n\t\t\t\t<div class=\"elementor-element elementor-element-d22e7b8 elementor-widget elementor-widget-heading\" data-id=\"d22e7b8\" data-element_type=\"widget\" data-e-type=\"widget\" data-widget_type=\"heading.default\">\n\t\t\t\t\t<h2 class=\"elementor-heading-title elementor-size-default\">10. Resoluci\u00f3n Alternativa de Conflictos (ADR)<\/h2>\t\t\t\t<\/div>\n\t\t\t\t<div class=\"elementor-element elementor-element-75b0777 elementor-widget elementor-widget-text-editor\" data-id=\"75b0777\" data-element_type=\"widget\" data-e-type=\"widget\" data-widget_type=\"text-editor.default\">\n\t\t\t\t\t\t\t\t\t<p data-start=\"4720\" data-end=\"4920\">En caso de una disputa de consumo, el usuario puede recurrir a una Entidad de Resoluci\u00f3n Alternativa de Disputas.<br data-start=\"4832\" data-end=\"4835\">La lista de entidades de ADR puede encontrarse en:<br data-start=\"4884\" data-end=\"4887\">https:\/\/www.consumidor.gov.pt\/<\/p><p data-start=\"4922\" data-end=\"5056\">Meridiano Aprumado, Lda tambi\u00e9n informa que no est\u00e1 obligada, ni se compromete, a adherirse a un mecanismo espec\u00edfico de ADR.<\/p>\t\t\t\t\t\t\t\t<\/div>\n\t\t\t\t<div class=\"elementor-element elementor-element-21a064f elementor-widget elementor-widget-heading\" data-id=\"21a064f\" data-element_type=\"widget\" data-e-type=\"widget\" data-widget_type=\"heading.default\">\n\t\t\t\t\t<h2 class=\"elementor-heading-title elementor-size-default\">11. Modificaciones de los T\u00e9rminos<\/h2>\t\t\t\t<\/div>\n\t\t\t\t<div class=\"elementor-element elementor-element-641a746 elementor-widget elementor-widget-text-editor\" data-id=\"641a746\" data-element_type=\"widget\" data-e-type=\"widget\" data-widget_type=\"text-editor.default\">\n\t\t\t\t\t\t\t\t\t<p data-start=\"5099\" data-end=\"5284\">Meridiano Aprumado, Lda puede actualizar o modificar estos T\u00e9rminos y Condiciones en cualquier momento.<br data-start=\"5202\" data-end=\"5205\">La versi\u00f3n actualizada se publicar\u00e1 en la p\u00e1gina web con una indicaci\u00f3n de la fecha de la revisi\u00f3n.<\/p><p data-start=\"5286\" data-end=\"5371\">El uso continuado del sitio web tras la publicaci\u00f3n constituye una aceptaci\u00f3n de los cambios.<\/p>\t\t\t\t\t\t\t\t<\/div>\n\t\t\t\t\t<\/div>\n\t\t\t\t<\/div>\n\t\t\t\t<\/div>\n\t\t","protected":false},"excerpt":{"rendered":"<p>T\u00e9rminos y Condiciones de Uso \u00daltima actualizaci\u00f3n: 4 de diciembre de 2025Responsable: Meridiano Aprumado, LdaCuartel General: Estrada do Sineiro, n\u00ba 48, 6200-209 Covilh\u00e3, PortugalCorreo electr\u00f3nico: management@inspectone.ptTel\u00e9fono: +351 928 406 094 1. Aceptaci\u00f3n de los t\u00e9rminos Al acceder o utilizar el sitio web de InspectOne (en adelante \u00abSitio Web\u00bb), el usuario declara que ha le\u00eddo, entendido [&hellip;]<\/p>\n","protected":false},"author":1,"featured_media":0,"parent":0,"menu_order":0,"comment_status":"closed","ping_status":"closed","template":"","meta":{"footnotes":""},"class_list":["post-5766","page","type-page","status-publish","hentry"],"_links":{"self":[{"href":"https:\/\/inspectone.pt\/es\/wp-json\/wp\/v2\/pages\/5766","targetHints":{"allow":["GET"]}}],"collection":[{"href":"https:\/\/inspectone.pt\/es\/wp-json\/wp\/v2\/pages"}],"about":[{"href":"https:\/\/inspectone.pt\/es\/wp-json\/wp\/v2\/types\/page"}],"author":[{"embeddable":true,"href":"https:\/\/inspectone.pt\/es\/wp-json\/wp\/v2\/users\/1"}],"replies":[{"embeddable":true,"href":"https:\/\/inspectone.pt\/es\/wp-json\/wp\/v2\/comments?post=5766"}],"version-history":[{"count":3,"href":"https:\/\/inspectone.pt\/es\/wp-json\/wp\/v2\/pages\/5766\/revisions"}],"predecessor-version":[{"id":5835,"href":"https:\/\/inspectone.pt\/es\/wp-json\/wp\/v2\/pages\/5766\/revisions\/5835"}],"wp:attachment":[{"href":"https:\/\/inspectone.pt\/es\/wp-json\/wp\/v2\/media?parent=5766"}],"curies":[{"name":"wp","href":"https:\/\/api.w.org\/{rel}","templated":true}]}}