{"id":5729,"date":"2025-10-22T13:43:29","date_gmt":"2025-10-22T13:43:29","guid":{"rendered":"https:\/\/inspectone.pt\/politique-de-confidentialite\/"},"modified":"2025-12-04T10:15:31","modified_gmt":"2025-12-04T10:15:31","slug":"politique-de-confidentialite","status":"publish","type":"page","link":"https:\/\/inspectone.pt\/fr\/politique-de-confidentialite\/","title":{"rendered":"Politique de confidentialit\u00e9"},"content":{"rendered":"\t\t<div data-elementor-type=\"wp-page\" data-elementor-id=\"5729\" class=\"elementor elementor-5729 elementor-4459\" data-elementor-post-type=\"page\">\n\t\t\t\t<div class=\"elementor-element elementor-element-989295f e-flex e-con-boxed e-con e-parent\" data-id=\"989295f\" data-element_type=\"container\" data-e-type=\"container\">\n\t\t\t\t\t<div class=\"e-con-inner\">\n\t\t\t\t<div class=\"elementor-element elementor-element-ed32643 elementor-widget elementor-widget-heading\" data-id=\"ed32643\" data-element_type=\"widget\" data-e-type=\"widget\" data-widget_type=\"heading.default\">\n\t\t\t\t\t<h2 class=\"elementor-heading-title elementor-size-default\">Politique de confidentialit\u00e9<\/h2>\t\t\t\t<\/div>\n\t\t<div class=\"elementor-element elementor-element-5a3a7d0 e-con-full e-flex e-con e-child\" data-id=\"5a3a7d0\" data-element_type=\"container\" data-e-type=\"container\">\n\t\t\t\t<div class=\"elementor-element elementor-element-fe28209 elementor-widget elementor-widget-text-editor\" data-id=\"fe28209\" data-element_type=\"widget\" data-e-type=\"widget\" data-widget_type=\"text-editor.default\">\n\t\t\t\t\t\t\t\t\t<p>Date d\u2019entr\u00e9e en vigueur : 03-d\u00e9c-2025<\/p>\t\t\t\t\t\t\t\t<\/div>\n\t\t\t\t<div class=\"elementor-element elementor-element-5ad54cf elementor-widget elementor-widget-text-editor\" data-id=\"5ad54cf\" data-element_type=\"widget\" data-e-type=\"widget\" data-widget_type=\"text-editor.default\">\n\t\t\t\t\t\t\t\t\t<p>Derni\u00e8re mise \u00e0 jour : 03-d\u00e9c-2025<\/p>\t\t\t\t\t\t\t\t<\/div>\n\t\t\t\t<div class=\"elementor-element elementor-element-2210f89 elementor-widget elementor-widget-text-editor\" data-id=\"2210f89\" data-element_type=\"widget\" data-e-type=\"widget\" data-widget_type=\"text-editor.default\">\n\t\t\t\t\t\t\t\t\t<p data-start=\"321\" data-end=\"660\">Cette politique de confidentialit\u00e9 d\u00e9crit les politiques de <strong data-start=\"375\" data-end=\"402\">Meridiano Aprumado, Lda<\/strong>, Estrada do Sineiro, n\u00ba 48, 6200-209 Portugal, email : <strong data-start=\"457\" data-end=\"485\"><a class=\"decorated-link cursor-pointer\" rel=\"noopener\" data-start=\"459\" data-end=\"483\">management@inspectone.pt<\/a><\/strong>, t\u00e9l\u00e9phone : <strong data-start=\"497\" data-end=\"517\">+351 928 406 094<\/strong>, concernant la collecte, l\u2019utilisation et la divulgation de vos informations lorsque vous utilisez notre site web (https:\/\/inspectone.pt\/) (le \u00ab Service \u00bb).<\/p><p data-start=\"662\" data-end=\"870\">En acc\u00e9dant ou en utilisant le Service, vous consentez \u00e0 la collecte, \u00e0 l\u2019utilisation et \u00e0 la divulgation de vos informations conform\u00e9ment \u00e0 cette Politique de confidentialit\u00e9. Si vous n\u2019\u00eates pas d\u2019accord, veuillez ne pas acc\u00e9der ni utiliser le Service. <\/p><p data-start=\"872\" data-end=\"1272\">Nous pouvons modifier cette Politique de confidentialit\u00e9 \u00e0 tout moment sans pr\u00e9avis, et nous publierons la version r\u00e9vis\u00e9e sur le Service. La politique mise \u00e0 jour entrera en vigueur <strong data-start=\"1038\" data-end=\"1055\">180 jours apr\u00e8s<\/strong> sa publication sur le Service, apr\u00e8s quoi votre utilisation continue du Service sera consid\u00e9r\u00e9e comme acceptant la nouvelle Politique de confidentialit\u00e9. Nous vous recommandons donc de consulter cette page p\u00e9riodiquement.  <\/p>\t\t\t\t\t\t\t\t<\/div>\n\t\t\t\t<div class=\"elementor-element elementor-element-54b2605 elementor-widget elementor-widget-heading\" data-id=\"54b2605\" data-element_type=\"widget\" data-e-type=\"widget\" data-widget_type=\"heading.default\">\n\t\t\t\t\t<h2 class=\"elementor-heading-title elementor-size-default\">COMMENT NOUS UTILISONS VOS INFORMATIONS<\/h2>\t\t\t\t<\/div>\n\t\t\t\t<div class=\"elementor-element elementor-element-938d18e elementor-widget elementor-widget-text-editor\" data-id=\"938d18e\" data-element_type=\"widget\" data-e-type=\"widget\" data-widget_type=\"text-editor.default\">\n\t\t\t\t\t\t\t\t\t<p data-start=\"1320\" data-end=\"1393\">Nous utiliserons les informations que nous recueillons \u00e0 votre sujet pour les objectifs suivants :<\/p><ul data-start=\"1395\" data-end=\"1426\"><li data-start=\"1395\" data-end=\"1426\"><p data-start=\"1397\" data-end=\"1426\"><strong data-start=\"1397\" data-end=\"1426\">G\u00e9rer les demandes des clients<\/strong><\/p><\/li><\/ul><p data-start=\"1428\" data-end=\"1720\">Si nous avons l\u2019intention d\u2019utiliser vos informations \u00e0 d\u2019autres fins, nous vous demanderons votre consentement et n\u2019utiliserons vos donn\u00e9es qu\u2019apr\u00e8s les avoir obtenues, et uniquement pour les besoins sp\u00e9cifiques pour lesquels vous avez donn\u00e9 votre consentement, sauf si la loi nous y oblige.<\/p>\t\t\t\t\t\t\t\t<\/div>\n\t\t\t\t<div class=\"elementor-element elementor-element-869f4d4 elementor-widget elementor-widget-heading\" data-id=\"869f4d4\" data-element_type=\"widget\" data-e-type=\"widget\" data-widget_type=\"heading.default\">\n\t\t\t\t\t<h2 class=\"elementor-heading-title elementor-size-default\">COMMENT NOUS PARTAGEONS VOS INFORMATIONS<\/h2>\t\t\t\t<\/div>\n\t\t\t\t<div class=\"elementor-element elementor-element-cd3ee02 elementor-widget elementor-widget-text-editor\" data-id=\"cd3ee02\" data-element_type=\"widget\" data-e-type=\"widget\" data-widget_type=\"text-editor.default\">\n\t\t\t\t\t\t\t\t\t<p data-start=\"1769\" data-end=\"1914\">Nous ne transf\u00e9rerons pas vos informations personnelles \u00e0 des tiers sans votre consentement, sauf dans des circonstances limit\u00e9es comme d\u00e9crit ci-dessous :<\/p><ul data-start=\"1916\" data-end=\"1940\"><li data-start=\"1916\" data-end=\"1940\"><p data-start=\"1918\" data-end=\"1940\"><strong data-start=\"1918\" data-end=\"1940\">Analytique<\/strong><\/p><\/li><\/ul><p data-start=\"1942\" data-end=\"2159\">Nous exigeons que ces tiers utilisent les informations personnelles que nous leur fournissons uniquement aux fins pour lesquelles elles ont \u00e9t\u00e9 fournies et qu\u2019ils ne les conservent pas plus longtemps que n\u00e9cessaire pour atteindre ces objectifs.<\/p><p data-start=\"2161\" data-end=\"2232\">Nous pouvons \u00e9galement divulguer vos informations personnelles dans les cas suivants :<\/p><ol data-start=\"2233\" data-end=\"2510\"><li data-start=\"2233\" data-end=\"2329\"><p data-start=\"2236\" data-end=\"2329\">Respecter les lois, r\u00e8glements, ordonnances judiciaires ou toute autre proc\u00e9dure l\u00e9gale applicables ;<\/p><\/li><li data-start=\"2330\" data-end=\"2418\"><p data-start=\"2333\" data-end=\"2418\">Pour faire respecter nos accords avec vous, y compris cette Politique de confidentialit\u00e9 ;<\/p><\/li><li data-start=\"2419\" data-end=\"2510\"><p data-start=\"2422\" data-end=\"2510\">Pour r\u00e9pondre aux r\u00e9clamations selon lesquelles l\u2019utilisation du Service viole les droits des tiers.<\/p><\/li><\/ol><p data-start=\"2512\" data-end=\"2673\">Si le Service ou notre entreprise est fusionn\u00e9 ou acquis par une autre entit\u00e9, vos informations peuvent \u00eatre l\u2019un des actifs transf\u00e9r\u00e9s au nouveau propri\u00e9taire.<\/p>\t\t\t\t\t\t\t\t<\/div>\n\t\t\t\t<div class=\"elementor-element elementor-element-625fed9 elementor-widget elementor-widget-heading\" data-id=\"625fed9\" data-element_type=\"widget\" data-e-type=\"widget\" data-widget_type=\"heading.default\">\n\t\t\t\t\t<h2 class=\"elementor-heading-title elementor-size-default\">VOS DROITS<\/h2>\t\t\t\t<\/div>\n\t\t\t\t<div class=\"elementor-element elementor-element-1cb417b elementor-widget elementor-widget-text-editor\" data-id=\"1cb417b\" data-element_type=\"widget\" data-e-type=\"widget\" data-widget_type=\"text-editor.default\">\n\t\t\t\t\t\t\t\t\t<p data-start=\"2705\" data-end=\"3075\">Selon la l\u00e9gislation applicable, vous pouvez avoir le droit d\u2019acc\u00e9der, de corriger ou de supprimer vos donn\u00e9es personnelles, d\u2019en recevoir une copie, de restreindre ou de vous opposer \u00e0 leur traitement actif, de demander le transfert (\u00ab portabilit\u00e9 \u00bb) de vos donn\u00e9es \u00e0 une autre entit\u00e9, de retirer le consentement pr\u00e9c\u00e9demment donn\u00e9 et de d\u00e9poser une plainte aupr\u00e8s de l\u2019autorit\u00e9 comp\u00e9tente.<\/p><p data-start=\"3077\" data-end=\"3237\">Pour exercer ces droits, vous pouvez nous contacter par <strong data-start=\"3142\" data-end=\"3170\"><a class=\"decorated-link cursor-pointer\" rel=\"noopener\" data-start=\"3144\" data-end=\"3168\">e-mail management@inspectone.pt<\/a><\/strong>. Nous r\u00e9pondrons \u00e0 votre demande conform\u00e9ment \u00e0 la l\u00e9gislation applicable. <\/p><p data-start=\"3239\" data-end=\"3475\">Veuillez noter que si vous ne nous autorisez pas \u00e0 collecter ou traiter certaines informations personnelles n\u00e9cessaires, ou si vous retirez votre consentement au traitement de ces informations, il se peut que vous ne puissiez pas utiliser les services pour lesquels ces informations sont essentielles.<\/p>\t\t\t\t\t\t\t\t<\/div>\n\t\t\t\t<div class=\"elementor-element elementor-element-a5c1124 elementor-widget elementor-widget-heading\" data-id=\"a5c1124\" data-element_type=\"widget\" data-e-type=\"widget\" data-widget_type=\"heading.default\">\n\t\t\t\t\t<h2 class=\"elementor-heading-title elementor-size-default\">COOKIES ET TECHNOLOGIES SIMILAIRES<\/h2>\t\t\t\t<\/div>\n\t\t\t\t<div class=\"elementor-element elementor-element-a9279f9 elementor-widget elementor-widget-text-editor\" data-id=\"a9279f9\" data-element_type=\"widget\" data-e-type=\"widget\" data-widget_type=\"text-editor.default\">\n\t\t\t\t\t\t\t\t\t<p>Pour en savoir plus sur notre utilisation de ces technologies et vos choix \u00e0 leur sujet, veuillez consulter notre <strong data-start=\"3636\" data-end=\"3659\">politique de cookies<\/strong>.<\/p>\t\t\t\t\t\t\t\t<\/div>\n\t\t\t\t<div class=\"elementor-element elementor-element-3a212aa elementor-widget elementor-widget-heading\" data-id=\"3a212aa\" data-element_type=\"widget\" data-e-type=\"widget\" data-widget_type=\"heading.default\">\n\t\t\t\t\t<h2 class=\"elementor-heading-title elementor-size-default\">S\u00c9CURIT\u00c9<\/h2>\t\t\t\t<\/div>\n\t\t\t\t<div class=\"elementor-element elementor-element-600d501 elementor-widget elementor-widget-text-editor\" data-id=\"600d501\" data-element_type=\"widget\" data-e-type=\"widget\" data-widget_type=\"text-editor.default\">\n\t\t\t\t\t\t\t\t\t<p data-start=\"3685\" data-end=\"4107\">La s\u00e9curit\u00e9 de vos informations est importante pour nous et nous prendrons des mesures raisonnables pour \u00e9viter la perte, la mauvaise utilisation ou la modification non autoris\u00e9e de vos donn\u00e9es. Cependant, en raison des risques inh\u00e9rents \u00e0 la transmission d\u2019informations sur Internet, nous ne pouvons garantir une s\u00e9curit\u00e9 absolue et, par cons\u00e9quent, garantir ou garantir la s\u00e9curit\u00e9 de toute information que vous nous transmettez \u2014 vous le faites \u00e0 vos risques et p\u00e9rils. <\/p>\t\t\t\t\t\t\t\t<\/div>\n\t\t\t\t<div class=\"elementor-element elementor-element-d5dc972 elementor-widget elementor-widget-heading\" data-id=\"d5dc972\" data-element_type=\"widget\" data-e-type=\"widget\" data-widget_type=\"heading.default\">\n\t\t\t\t\t<h2 class=\"elementor-heading-title elementor-size-default\">LIENS VERS DES TIERS ET UTILISATION DE VOS INFORMATIONS\n<\/h2>\t\t\t\t<\/div>\n\t\t\t\t<div class=\"elementor-element elementor-element-4750cf8 elementor-widget elementor-widget-text-editor\" data-id=\"4750cf8\" data-element_type=\"widget\" data-e-type=\"widget\" data-widget_type=\"text-editor.default\">\n\t\t\t\t\t\t\t\t\t<p>Notre service peut contenir des liens vers des sites tiers qui ne sont pas exploit\u00e9s par nous. Cette politique de confidentialit\u00e9 ne s\u2019applique pas aux pratiques de confidentialit\u00e9 de ces tiers. Nous vous recommandons vivement de consulter la politique de confidentialit\u00e9 de chaque site web que vous visitez. Nous n\u2019avons aucun contr\u00f4le ni aucune responsabilit\u00e9 concernant le contenu, les politiques de confidentialit\u00e9 ou les pratiques de tout site ou service tiers.   <\/p>\t\t\t\t\t\t\t\t<\/div>\n\t\t\t\t<div class=\"elementor-element elementor-element-d8836b5 elementor-widget elementor-widget-heading\" data-id=\"d8836b5\" data-element_type=\"widget\" data-e-type=\"widget\" data-widget_type=\"heading.default\">\n\t\t\t\t\t<h2 class=\"elementor-heading-title elementor-size-default\">AGENT DE GESTION \/ RESPONSABLE DES PLAINTES\n<\/h2>\t\t\t\t<\/div>\n\t\t\t\t<div class=\"elementor-element elementor-element-932f550 elementor-widget elementor-widget-text-editor\" data-id=\"932f550\" data-element_type=\"widget\" data-e-type=\"widget\" data-widget_type=\"text-editor.default\">\n\t\t\t\t\t\t\t\t\t<p data-start=\"4675\" data-end=\"4922\">Si vous avez des questions ou des pr\u00e9occupations concernant la mani\u00e8re dont nous traitons vos informations, vous pouvez contacter notre responsable des donn\u00e9es \u00e0 l\u2019adresse suivante :<br data-start=\"4825\" data-end=\"4828\"><strong data-start=\"4828\" data-end=\"4882\">Meridiano Aprumado, Lda, Estrada do Sineiro, n\u00b0 48<\/strong><br data-start=\"4882\" data-end=\"4885\"><strong data-start=\"4885\" data-end=\"4895\">Email :<\/strong> <a class=\"decorated-link cursor-pointer\" rel=\"noopener\" data-start=\"4896\" data-end=\"4920\">management@inspectone.pt<\/a><\/p><p data-start=\"4924\" data-end=\"4992\">Nous r\u00e9pondrons \u00e0 vos demandes conform\u00e9ment \u00e0 la l\u00e9gislation applicable.<\/p>\t\t\t\t\t\t\t\t<\/div>\n\t\t\t\t<div class=\"elementor-element elementor-element-44fcef2 elementor-widget elementor-widget-text-editor\" data-id=\"44fcef2\" data-element_type=\"widget\" data-e-type=\"widget\" data-widget_type=\"text-editor.default\">\n\t\t\t\t\t\t\t\t\t<p>Politique de confidentialit\u00e9 g\u00e9n\u00e9r\u00e9e avec CookieYes.<\/p>\t\t\t\t\t\t\t\t<\/div>\n\t\t\t\t<\/div>\n\t\t\t\t\t<\/div>\n\t\t\t\t<\/div>\n\t\t\t\t<\/div>\n\t\t","protected":false},"excerpt":{"rendered":"<p>Politique de confidentialit\u00e9 Date d\u2019entr\u00e9e en vigueur : 03-d\u00e9c-2025 Derni\u00e8re mise \u00e0 jour : 03-d\u00e9c-2025 Cette politique de confidentialit\u00e9 d\u00e9crit les politiques de Meridiano Aprumado, Lda, Estrada do Sineiro, n\u00ba 48, 6200-209 Portugal, email : management@inspectone.pt, t\u00e9l\u00e9phone : +351 928 406 094, concernant la collecte, l\u2019utilisation et la divulgation de vos informations lorsque vous utilisez [&hellip;]<\/p>\n","protected":false},"author":1,"featured_media":0,"parent":0,"menu_order":0,"comment_status":"closed","ping_status":"closed","template":"","meta":{"footnotes":""},"class_list":["post-5729","page","type-page","status-publish","hentry"],"_links":{"self":[{"href":"https:\/\/inspectone.pt\/fr\/wp-json\/wp\/v2\/pages\/5729","targetHints":{"allow":["GET"]}}],"collection":[{"href":"https:\/\/inspectone.pt\/fr\/wp-json\/wp\/v2\/pages"}],"about":[{"href":"https:\/\/inspectone.pt\/fr\/wp-json\/wp\/v2\/types\/page"}],"author":[{"embeddable":true,"href":"https:\/\/inspectone.pt\/fr\/wp-json\/wp\/v2\/users\/1"}],"replies":[{"embeddable":true,"href":"https:\/\/inspectone.pt\/fr\/wp-json\/wp\/v2\/comments?post=5729"}],"version-history":[{"count":1,"href":"https:\/\/inspectone.pt\/fr\/wp-json\/wp\/v2\/pages\/5729\/revisions"}],"predecessor-version":[{"id":5730,"href":"https:\/\/inspectone.pt\/fr\/wp-json\/wp\/v2\/pages\/5729\/revisions\/5730"}],"wp:attachment":[{"href":"https:\/\/inspectone.pt\/fr\/wp-json\/wp\/v2\/media?parent=5729"}],"curies":[{"name":"wp","href":"https:\/\/api.w.org\/{rel}","templated":true}]}}