{"id":5759,"date":"2025-10-22T13:29:52","date_gmt":"2025-10-22T13:29:52","guid":{"rendered":"https:\/\/inspectone.pt\/politique-des-cookies\/"},"modified":"2025-12-09T10:35:00","modified_gmt":"2025-12-09T10:35:00","slug":"politique-des-cookies","status":"publish","type":"page","link":"https:\/\/inspectone.pt\/fr\/politique-des-cookies\/","title":{"rendered":"Politique des cookies"},"content":{"rendered":"\t\t<div data-elementor-type=\"wp-page\" data-elementor-id=\"5759\" class=\"elementor elementor-5759 elementor-4450\" data-elementor-post-type=\"page\">\n\t\t\t\t<div class=\"elementor-element elementor-element-8597a92 e-flex e-con-boxed e-con e-parent\" data-id=\"8597a92\" data-element_type=\"container\" data-e-type=\"container\">\n\t\t\t\t\t<div class=\"e-con-inner\">\n\t\t\t\t<div class=\"elementor-element elementor-element-7b444c8 elementor-widget elementor-widget-heading\" data-id=\"7b444c8\" data-element_type=\"widget\" data-e-type=\"widget\" data-widget_type=\"heading.default\">\n\t\t\t\t\t<h1 class=\"elementor-heading-title elementor-size-default\">Politique des cookies<\/h1>\t\t\t\t<\/div>\n\t\t<div class=\"elementor-element elementor-element-dee15f9 e-con-full e-flex e-con e-child\" data-id=\"dee15f9\" data-element_type=\"container\" data-e-type=\"container\">\n\t\t\t\t<div class=\"elementor-element elementor-element-ff6e31c elementor-widget elementor-widget-text-editor\" data-id=\"ff6e31c\" data-element_type=\"widget\" data-e-type=\"widget\" data-widget_type=\"text-editor.default\">\n\t\t\t\t\t\t\t\t\t<p>Date d\u2019entr\u00e9e en vigueur : 22 octobre 2025<\/p>\t\t\t\t\t\t\t\t<\/div>\n\t\t\t\t<div class=\"elementor-element elementor-element-460a5a7 elementor-widget elementor-widget-text-editor\" data-id=\"460a5a7\" data-element_type=\"widget\" data-e-type=\"widget\" data-widget_type=\"text-editor.default\">\n\t\t\t\t\t\t\t\t\t<p>Derni\u00e8re mise \u00e0 jour : 4 d\u00e9cembre 2025<\/p>\t\t\t\t\t\t\t\t<\/div>\n\t\t\t\t<\/div>\n\t\t\t\t<div class=\"elementor-element elementor-element-a982aea elementor-widget elementor-widget-heading\" data-id=\"a982aea\" data-element_type=\"widget\" data-e-type=\"widget\" data-widget_type=\"heading.default\">\n\t\t\t\t\t<h2 class=\"elementor-heading-title elementor-size-default\">Qu\u2019est-ce que les cookies ?<\/h2>\t\t\t\t<\/div>\n\t\t\t\t<div class=\"elementor-element elementor-element-2969ce0 elementor-widget elementor-widget-text-editor\" data-id=\"2969ce0\" data-element_type=\"widget\" data-e-type=\"widget\" data-widget_type=\"text-editor.default\">\n\t\t\t\t\t\t\t\t\t<p data-start=\"247\" data-end=\"490\">Cette politique de cookie explique ce que sont les cookies, comment nous les utilisons, les types de cookies que nous utilisons (c\u2019est-\u00e0-dire quelles informations nous collectons via les cookies et comment ces informations sont utilis\u00e9es) ainsi que comment vous pouvez g\u00e9rer vos param\u00e8tres de cookies.<\/p><p data-start=\"492\" data-end=\"916\">Les cookies sont de petits fichiers texte utilis\u00e9s pour stocker de petites quantit\u00e9s d\u2019informations. Ils sont enregistr\u00e9s sur votre appareil lorsqu\u2019un site web est charg\u00e9 dans votre navigateur. Ces cookies contribuent \u00e0 garantir le bon fonctionnement du site, \u00e0 renforcer la s\u00e9curit\u00e9, \u00e0 offrir une meilleure exp\u00e9rience utilisateur et \u00e0 permettre d\u2019analyser les performances afin d\u2019identifier ce qui fonctionne bien et ce qui n\u00e9cessite des am\u00e9liorations.  <\/p>\t\t\t\t\t\t\t\t<\/div>\n\t\t\t\t<div class=\"elementor-element elementor-element-116c19b elementor-widget elementor-widget-heading\" data-id=\"116c19b\" data-element_type=\"widget\" data-e-type=\"widget\" data-widget_type=\"heading.default\">\n\t\t\t\t\t<h2 class=\"elementor-heading-title elementor-size-default\">Comment utilisons-nous les cookies ?<\/h2>\t\t\t\t<\/div>\n\t\t\t\t<div class=\"elementor-element elementor-element-8e80a7c elementor-widget elementor-widget-text-editor\" data-id=\"8e80a7c\" data-element_type=\"widget\" data-e-type=\"widget\" data-widget_type=\"text-editor.default\">\n\t\t\t\t\t\t\t\t\t<p data-start=\"956\" data-end=\"1104\">Comme la plupart des services en ligne, notre site web utilise des cookies de premi\u00e8re et de troisi\u00e8me partie \u00e0 diverses fins.<\/p><ul data-start=\"1106\" data-end=\"1613\"><li data-start=\"1106\" data-end=\"1282\"><p data-start=\"1108\" data-end=\"1282\"><strong data-start=\"1108\" data-end=\"1143\">Cookies de premi\u00e8re partie :<\/strong><br data-start=\"1143\" data-end=\"1146\">Ils sont essentiels au bon fonctionnement du site web et ne collectent aucune donn\u00e9e permettant d\u2019identifier personnellement l\u2019utilisateur.<\/p><\/li><li data-start=\"1284\" data-end=\"1613\"><p data-start=\"1286\" data-end=\"1613\"><strong data-start=\"1286\" data-end=\"1325\">Cookies tiers :<\/strong><br data-start=\"1325\" data-end=\"1328\">Ils nous aident principalement \u00e0 comprendre les performances du site, \u00e0 surveiller vos interactions avec la page, \u00e0 s\u00e9curiser nos services, \u00e0 afficher des publicit\u00e9s pertinentes et \u00e0 am\u00e9liorer votre exp\u00e9rience globale, y compris la rapidit\u00e9 des futures interactions avec le site.<\/p><\/li><\/ul>\t\t\t\t\t\t\t\t<\/div>\n\t\t\t\t<div class=\"elementor-element elementor-element-5de8eb5 elementor-widget elementor-widget-heading\" data-id=\"5de8eb5\" data-element_type=\"widget\" data-e-type=\"widget\" data-widget_type=\"heading.default\">\n\t\t\t\t\t<h2 class=\"elementor-heading-title elementor-size-default\">Types de cookies que nous utilisons<\/h2>\t\t\t\t<\/div>\n\t\t\t\t<div class=\"elementor-element elementor-element-6698f56 elementor-widget elementor-widget-html\" data-id=\"6698f56\" data-element_type=\"widget\" data-e-type=\"widget\" data-widget_type=\"html.default\">\n\t\t\t\t\t<!-- Start CookieYes cookie policy -->\n<style>\n  a.cky-banner-element {\n    padding: 8px 30px;\n    background: #f8f9fa;\n    color: #858a8f;\n    border: 1px solid #dee2e6;\n    box-sizing: border-box;\n    border-radius: 2px;\n    cursor: pointer\n  }\n<\/style>\n<div class=\"cky-audit-table-element\"><\/div>&nbsp;<h2 style=\"margin-bottom: 20px\">G\u00e9rer les pr\u00e9f\u00e9rences de cookies<\/h2><a class=\"cky-banner-element\">Pr\u00e9f\u00e9rences de consentement<\/a><br>\n\t\t\t\t<\/div>\n\t\t\t\t<div class=\"elementor-element elementor-element-5b5f50c elementor-widget elementor-widget-text-editor\" data-id=\"5b5f50c\" data-element_type=\"widget\" data-e-type=\"widget\" data-widget_type=\"text-editor.default\">\n\t\t\t\t\t\t\t\t\t<p data-start=\"112\" data-end=\"380\">Vous pouvez modifier vos param\u00e8tres de cookies \u00e0 tout moment en cliquant sur le <strong data-start=\"194\" data-end=\"229\">bouton \u00ab Pr\u00e9f\u00e9rences de consentement \u00bb<\/strong> ci-dessus. Cela vous permettra de revenir sur la banni\u00e8re de consentement aux cookies et de mettre \u00e0 jour vos pr\u00e9f\u00e9rences ou de retirer votre consentement imm\u00e9diatement. <\/p><p data-start=\"382\" data-end=\"704\">De plus, diff\u00e9rents navigateurs proposent diff\u00e9rentes m\u00e9thodes pour bloquer et supprimer les cookies utilis\u00e9s par les sites web. Vous pouvez ajuster les param\u00e8tres de votre navigateur pour bloquer ou supprimer les cookies. Vous trouverez ci-dessous des liens vers la documentation de support des principaux navigateurs sur la gestion et la suppression des cookies :  <\/p><ul data-start=\"706\" data-end=\"1166\"><li data-start=\"706\" data-end=\"770\"><p data-start=\"708\" data-end=\"770\"><strong data-start=\"708\" data-end=\"719\">Chrome :<\/strong> https:\/\/support.google.com\/accounts\/answer\/32050<\/p><\/li><li data-start=\"771\" data-end=\"845\"><p data-start=\"773\" data-end=\"845\"><strong data-start=\"773\" data-end=\"784\">Safari :<\/strong> https:\/\/support.apple.com\/en-in\/guide\/safari\/sfri11471\/mac<\/p><\/li><li data-start=\"846\" data-end=\"1012\"><p data-start=\"848\" data-end=\"1012\"><strong data-start=\"848\" data-end=\"860\">Firefox :<\/strong> https:\/\/support.mozilla.org\/en-US\/kb\/clear-cookies-and-site-data-firefox?redirectslug=delete-cookies-remove-info-websites-stored&amp;redirectlocale=en-US<\/p><\/li><li data-start=\"1013\" data-end=\"1166\"><p data-start=\"1015\" data-end=\"1166\"><strong data-start=\"1015\" data-end=\"1037\">Internet Explorer :<\/strong> https:\/\/support.microsoft.com\/en-us\/topic\/how-to-delete-cookie-files-in-internet-explorer-bca9446f-d873-78de-77ba-d42645fa52fc<\/p><\/li><\/ul><p data-start=\"1168\" data-end=\"1267\">Si vous utilisez un autre navigateur, consultez sa documentation officielle de support.<\/p>\t\t\t\t\t\t\t\t<\/div>\n\t\t\t\t<div class=\"elementor-element elementor-element-d960e78 elementor-widget elementor-widget-text-editor\" data-id=\"d960e78\" data-element_type=\"widget\" data-e-type=\"widget\" data-widget_type=\"text-editor.default\">\n\t\t\t\t\t\t\t\t\t<p>Politique de cookies g\u00e9n\u00e9r\u00e9e par CookieYes \u2013 G\u00e9n\u00e9rateur de politique de cookies<\/p>\t\t\t\t\t\t\t\t<\/div>\n\t\t\t\t\t<\/div>\n\t\t\t\t<\/div>\n\t\t\t\t<\/div>\n\t\t","protected":false},"excerpt":{"rendered":"<p>Politique des cookies Date d\u2019entr\u00e9e en vigueur : 22 octobre 2025 Derni\u00e8re mise \u00e0 jour : 4 d\u00e9cembre 2025 Qu\u2019est-ce que les cookies ? Cette politique de cookie explique ce que sont les cookies, comment nous les utilisons, les types de cookies que nous utilisons (c\u2019est-\u00e0-dire quelles informations nous collectons via les cookies et comment [&hellip;]<\/p>\n","protected":false},"author":1,"featured_media":0,"parent":0,"menu_order":0,"comment_status":"closed","ping_status":"closed","template":"","meta":{"footnotes":""},"class_list":["post-5759","page","type-page","status-publish","hentry"],"_links":{"self":[{"href":"https:\/\/inspectone.pt\/fr\/wp-json\/wp\/v2\/pages\/5759","targetHints":{"allow":["GET"]}}],"collection":[{"href":"https:\/\/inspectone.pt\/fr\/wp-json\/wp\/v2\/pages"}],"about":[{"href":"https:\/\/inspectone.pt\/fr\/wp-json\/wp\/v2\/types\/page"}],"author":[{"embeddable":true,"href":"https:\/\/inspectone.pt\/fr\/wp-json\/wp\/v2\/users\/1"}],"replies":[{"embeddable":true,"href":"https:\/\/inspectone.pt\/fr\/wp-json\/wp\/v2\/comments?post=5759"}],"version-history":[{"count":2,"href":"https:\/\/inspectone.pt\/fr\/wp-json\/wp\/v2\/pages\/5759\/revisions"}],"predecessor-version":[{"id":5802,"href":"https:\/\/inspectone.pt\/fr\/wp-json\/wp\/v2\/pages\/5759\/revisions\/5802"}],"wp:attachment":[{"href":"https:\/\/inspectone.pt\/fr\/wp-json\/wp\/v2\/media?parent=5759"}],"curies":[{"name":"wp","href":"https:\/\/api.w.org\/{rel}","templated":true}]}}