{"id":5770,"date":"2025-10-22T13:57:47","date_gmt":"2025-10-22T13:57:47","guid":{"rendered":"https:\/\/inspectone.pt\/conditions-generales\/"},"modified":"2025-12-09T10:48:55","modified_gmt":"2025-12-09T10:48:55","slug":"conditions-generales","status":"publish","type":"page","link":"https:\/\/inspectone.pt\/fr\/conditions-generales\/","title":{"rendered":"Conditions G\u00e9n\u00e9rales"},"content":{"rendered":"\t\t<div data-elementor-type=\"wp-page\" data-elementor-id=\"5770\" class=\"elementor elementor-5770 elementor-4468\" data-elementor-post-type=\"page\">\n\t\t\t\t<div class=\"elementor-element elementor-element-59c7735 e-flex e-con-boxed e-con e-parent\" data-id=\"59c7735\" data-element_type=\"container\" data-e-type=\"container\">\n\t\t\t\t\t<div class=\"e-con-inner\">\n\t\t\t\t<div class=\"elementor-element elementor-element-e832f67 elementor-widget elementor-widget-heading\" data-id=\"e832f67\" data-element_type=\"widget\" data-e-type=\"widget\" data-widget_type=\"heading.default\">\n\t\t\t\t\t<h2 class=\"elementor-heading-title elementor-size-default\">Conditions d\u2019utilisation<\/h2>\t\t\t\t<\/div>\n\t\t<div class=\"elementor-element elementor-element-e203793 e-con-full e-flex e-con e-child\" data-id=\"e203793\" data-element_type=\"container\" data-e-type=\"container\">\n\t\t\t\t<div class=\"elementor-element elementor-element-ce6220e elementor-widget elementor-widget-text-editor\" data-id=\"ce6220e\" data-element_type=\"widget\" data-e-type=\"widget\" data-widget_type=\"text-editor.default\">\n\t\t\t\t\t\t\t\t\t<p><strong data-start=\"430\" data-end=\"453\">Derni\u00e8re mise \u00e0 jour :<\/strong> 4 d\u00e9cembre 2025<br data-start=\"476\" data-end=\"479\"><strong data-start=\"479\" data-end=\"495\">Responsable:<\/strong> Meridiano Aprumado, Lda<br data-start=\"519\" data-end=\"522\">Quartier g\u00e9n\u00e9ral : Estrada do Sineiro, n\u00b0 48, 6200-209 Covilh\u00e3, Portugal<br data-start=\"581\" data-end=\"584\">Email : <a class=\"decorated-link cursor-pointer\" rel=\"noopener\" data-start=\"591\" data-end=\"615\">management@inspectone.pt<\/a><br data-start=\"615\" data-end=\"618\">T\u00e9l\u00e9phone : +351 928 406 094<\/p>\t\t\t\t\t\t\t\t<\/div>\n\t\t\t\t<\/div>\n\t\t\t\t<div class=\"elementor-element elementor-element-697228c elementor-widget elementor-widget-heading\" data-id=\"697228c\" data-element_type=\"widget\" data-e-type=\"widget\" data-widget_type=\"heading.default\">\n\t\t\t\t\t<h2 class=\"elementor-heading-title elementor-size-default\">1. Acceptation des conditions<\/h2>\t\t\t\t<\/div>\n\t\t\t\t<div class=\"elementor-element elementor-element-14d96e2 elementor-widget elementor-widget-text-editor\" data-id=\"14d96e2\" data-element_type=\"widget\" data-e-type=\"widget\" data-widget_type=\"text-editor.default\">\n\t\t\t\t\t\t\t\t\t<p data-start=\"683\" data-end=\"888\">En acc\u00e9dant ou en utilisant le site <strong data-start=\"715\" data-end=\"730\">web InspectOne<\/strong> (ci-apr\u00e8s \u00ab Site Web \u00bb), l\u2019utilisateur d\u00e9clare avoir lu, compris et accept\u00e9 de respecter ces Conditions g\u00e9n\u00e9rales ainsi que toute la l\u00e9gislation applicable.<\/p><p data-start=\"890\" data-end=\"1006\">Si vous n\u2019\u00eates pas d\u2019accord avec l\u2019une des dispositions pr\u00e9sent\u00e9es ici, vous devez cesser imm\u00e9diatement d\u2019utiliser le site web.<\/p>\t\t\t\t\t\t\t\t<\/div>\n\t\t\t\t<div class=\"elementor-element elementor-element-f62c021 elementor-widget elementor-widget-heading\" data-id=\"f62c021\" data-element_type=\"widget\" data-e-type=\"widget\" data-widget_type=\"heading.default\">\n\t\t\t\t\t<h2 class=\"elementor-heading-title elementor-size-default\">2. Service fourni<\/h2>\t\t\t\t<\/div>\n\t\t\t\t<div class=\"elementor-element elementor-element-09e6a53 elementor-widget elementor-widget-text-editor\" data-id=\"09e6a53\" data-element_type=\"widget\" data-e-type=\"widget\" data-widget_type=\"text-editor.default\">\n\t\t\t\t\t\t\t\t\t<p data-start=\"1041\" data-end=\"1179\">Le site web a pour but de fournir des informations sur les services fournis par <strong data-start=\"1120\" data-end=\"1147\">Meridiano Aprumado, Lda<\/strong>, notamment, mais sans s\u2019y limiter :<\/p><ul data-start=\"1181\" data-end=\"1321\"><li data-start=\"1181\" data-end=\"1210\"><p data-start=\"1183\" data-end=\"1210\">informations institutionnelles,<\/p><\/li><li data-start=\"1211\" data-end=\"1235\"><p data-start=\"1213\" data-end=\"1235\">Demandes de contact,<\/p><\/li><li data-start=\"1236\" data-end=\"1261\"><p data-start=\"1238\" data-end=\"1261\">R\u00e9servation de service,<\/p><\/li><li data-start=\"1262\" data-end=\"1321\"><p data-start=\"1264\" data-end=\"1321\">fourniture de documents ou de contenus informatifs.<\/p><\/li><\/ul><p data-start=\"1323\" data-end=\"1464\">L\u2019entreprise se r\u00e9serve le droit de modifier, suspendre ou interrompre toute fonctionnalit\u00e9 du site web \u00e0 tout moment sans pr\u00e9avis.<\/p>\t\t\t\t\t\t\t\t<\/div>\n\t\t\t\t<div class=\"elementor-element elementor-element-b637bf2 elementor-widget elementor-widget-heading\" data-id=\"b637bf2\" data-element_type=\"widget\" data-e-type=\"widget\" data-widget_type=\"heading.default\">\n\t\t\t\t\t<h2 class=\"elementor-heading-title elementor-size-default\">3. Propri\u00e9t\u00e9 intellectuelle<\/h2>\t\t\t\t<\/div>\n\t\t\t\t<div class=\"elementor-element elementor-element-1936c78 elementor-widget elementor-widget-text-editor\" data-id=\"1936c78\" data-element_type=\"widget\" data-e-type=\"widget\" data-widget_type=\"text-editor.default\">\n\t\t\t\t\t\t\t\t\t<p data-start=\"1506\" data-end=\"1835\">Tout le contenu du site \u2014 y compris les textes, images, logos, graphiques, ic\u00f2nes, vid\u00e9os, documents, logiciels et structures \u2014 appartient \u00e0 Meridiano Aprumado, Lda ou \u00e0 des tiers d\u00fbment autoris\u00e9s, et est prot\u00e9g\u00e9 par la l\u00e9gislation portugaise et europ\u00e9enne sur le droit d\u2019auteur et la propri\u00e9t\u00e9 intellectuelle.<\/p><p data-start=\"1837\" data-end=\"1862\">L\u2019utilisateur n\u2019a pas le droit de :<\/p><ul data-start=\"1864\" data-end=\"2084\"><li data-start=\"1864\" data-end=\"1942\"><p data-start=\"1866\" data-end=\"1942\">copier, reproduire ou distribuer tout contenu sans autorisation pr\u00e9alable ;<\/p><\/li><li data-start=\"1943\" data-end=\"2003\"><p data-start=\"1945\" data-end=\"2003\">modifier, adapter, traduire ou cr\u00e9er des \u0153uvres d\u00e9riv\u00e9es ;<\/p><\/li><li data-start=\"2004\" data-end=\"2084\"><p data-start=\"2006\" data-end=\"2084\">Utilisez le contenu \u00e0 des fins commerciales sans autorisation \u00e9crite de la soci\u00e9t\u00e9.<\/p><\/li><\/ul>\t\t\t\t\t\t\t\t<\/div>\n\t\t\t\t<div class=\"elementor-element elementor-element-f623b74 elementor-widget elementor-widget-heading\" data-id=\"f623b74\" data-element_type=\"widget\" data-e-type=\"widget\" data-widget_type=\"heading.default\">\n\t\t\t\t\t<h2 class=\"elementor-heading-title elementor-size-default\">4. Licence d\u2019utilisation<\/h2>\t\t\t\t<\/div>\n\t\t\t\t<div class=\"elementor-element elementor-element-07a707e elementor-widget elementor-widget-text-editor\" data-id=\"07a707e\" data-element_type=\"widget\" data-e-type=\"widget\" data-widget_type=\"text-editor.default\">\n\t\t\t\t\t\t\t\t\t<p data-start=\"2124\" data-end=\"2272\">Vous b\u00e9n\u00e9ficiez d\u2019une licence limit\u00e9e, non exclusive et non transf\u00e9rable pour utiliser le site \u00e0 des fins personnelles et non commerciales uniquement.<\/p><p data-start=\"2274\" data-end=\"2313\">Cette licence n\u2019autorise pas, en particulier :<\/p><ul data-start=\"2315\" data-end=\"2551\"><li data-start=\"2315\" data-end=\"2410\"><p data-start=\"2317\" data-end=\"2410\">r\u00e9troconcevoir, d\u00e9compiler ou traduire n\u2019importe quelle partie du logiciel du site web ;<\/p><\/li><li data-start=\"2411\" data-end=\"2469\"><p data-start=\"2413\" data-end=\"2469\">supprimer les avis de droit d\u2019auteur ou de propri\u00e9t\u00e9 ;<\/p><\/li><li data-start=\"2470\" data-end=\"2551\"><p data-start=\"2472\" data-end=\"2551\">utiliser le site de mani\u00e8re frauduleuse, abusive ou compromettant la s\u00e9curit\u00e9.<\/p><\/li><\/ul><p data-start=\"2553\" data-end=\"2621\">La violation de ces conditions implique une annulation imm\u00e9diate de la licence.<\/p>\t\t\t\t\t\t\t\t<\/div>\n\t\t\t\t<div class=\"elementor-element elementor-element-3c29ca0 elementor-widget elementor-widget-heading\" data-id=\"3c29ca0\" data-element_type=\"widget\" data-e-type=\"widget\" data-widget_type=\"heading.default\">\n\t\t\t\t\t<h2 class=\"elementor-heading-title elementor-size-default\">5. Contenu utilisateur<\/h2>\t\t\t\t<\/div>\n\t\t\t\t<div class=\"elementor-element elementor-element-277ea50 elementor-widget elementor-widget-text-editor\" data-id=\"277ea50\" data-element_type=\"widget\" data-e-type=\"widget\" data-widget_type=\"text-editor.default\">\n\t\t\t\t\t\t\t\t\t<p data-start=\"2663\" data-end=\"2771\">Si vous soumettez des donn\u00e9es, des formulaires, des messages ou d\u2019autres contenus via le site web, vous d\u00e9clarez que :<\/p><ul data-start=\"2773\" data-end=\"2907\"><li data-start=\"2773\" data-end=\"2809\"><p data-start=\"2775\" data-end=\"2809\">Le contenu est vrai et exact ;<\/p><\/li><li data-start=\"2810\" data-end=\"2846\"><p data-start=\"2812\" data-end=\"2846\">ne viole pas les droits des tiers ;<\/p><\/li><li data-start=\"2847\" data-end=\"2907\"><p data-start=\"2849\" data-end=\"2907\">Il ne contient ni virus, ni scripts malveillants, ni contenu ill\u00e9gal.<\/p><\/li><\/ul><p data-start=\"2909\" data-end=\"2984\">La soci\u00e9t\u00e9 peut refuser ou retirer tout contenu jug\u00e9 inappropri\u00e9.<\/p>\t\t\t\t\t\t\t\t<\/div>\n\t\t\t\t<div class=\"elementor-element elementor-element-f850cf5 elementor-widget elementor-widget-heading\" data-id=\"f850cf5\" data-element_type=\"widget\" data-e-type=\"widget\" data-widget_type=\"heading.default\">\n\t\t\t\t\t<h2 class=\"elementor-heading-title elementor-size-default\">6. Avertissement<\/h2>\t\t\t\t<\/div>\n\t\t\t\t<div class=\"elementor-element elementor-element-0f44db8 elementor-widget elementor-widget-text-editor\" data-id=\"0f44db8\" data-element_type=\"widget\" data-e-type=\"widget\" data-widget_type=\"text-editor.default\">\n\t\t\t\t\t\t\t\t\t<p data-start=\"3045\" data-end=\"3154\">Le site web et son contenu sont <strong data-start=\"3090\" data-end=\"3110\">fournis \u00ab tels quels \u00bb.<\/strong> Meridiano Aprumado, Lda ne garantit pas que : <\/p><ul data-start=\"3156\" data-end=\"3339\"><li data-start=\"3156\" data-end=\"3213\"><p data-start=\"3158\" data-end=\"3213\">le site fonctionne sans interruptions, erreurs ni pannes ;<\/p><\/li><li data-start=\"3214\" data-end=\"3270\"><p data-start=\"3216\" data-end=\"3270\">Le contenu est exact, complet ou \u00e0 jour ;<\/p><\/li><li data-start=\"3271\" data-end=\"3339\"><p data-start=\"3273\" data-end=\"3339\">L\u2019acc\u00e8s est continu ou exempt de virus et de composants malveillants.<\/p><\/li><\/ul><p data-start=\"3341\" data-end=\"3456\">La soci\u00e9t\u00e9 peut suspendre temporairement le site web pour des raisons de maintenance, de mises \u00e0 jour ou d\u2019autres besoins techniques.<\/p>\t\t\t\t\t\t\t\t<\/div>\n\t\t\t\t<div class=\"elementor-element elementor-element-64690a4 elementor-widget elementor-widget-heading\" data-id=\"64690a4\" data-element_type=\"widget\" data-e-type=\"widget\" data-widget_type=\"heading.default\">\n\t\t\t\t\t<h2 class=\"elementor-heading-title elementor-size-default\">7. Limitation de responsabilit\u00e9<\/h2>\t\t\t\t<\/div>\n\t\t\t\t<div class=\"elementor-element elementor-element-fa5ed7c elementor-widget elementor-widget-text-editor\" data-id=\"fa5ed7c\" data-element_type=\"widget\" data-e-type=\"widget\" data-widget_type=\"text-editor.default\">\n\t\t\t\t\t\t\t\t\t<p data-start=\"3504\" data-end=\"3666\">Dans la mesure permise par la loi, Meridiano Aprumado, Lda n\u2019est pas responsable des dommages directs, indirects, accessoires ou cons\u00e9quents r\u00e9sultant de :<\/p><ul data-start=\"3668\" data-end=\"3841\"><li data-start=\"3668\" data-end=\"3724\"><p data-start=\"3670\" data-end=\"3724\">utilisation ou incapacit\u00e9 \u00e0 utiliser le site web ;<\/p><\/li><li data-start=\"3725\" data-end=\"3772\"><p data-start=\"3727\" data-end=\"3772\">la perte de donn\u00e9es ou l\u2019interruption de l\u2019activit\u00e9 ;<\/p><\/li><li data-start=\"3773\" data-end=\"3841\"><p data-start=\"3775\" data-end=\"3841\">utilisation de sites web externes accessibles via des liens sur le site web.<\/p><\/li><\/ul><p data-start=\"3843\" data-end=\"3913\">Vous assumez l\u2019enti\u00e8re responsabilit\u00e9 de votre utilisation du site web.<\/p>\t\t\t\t\t\t\t\t<\/div>\n\t\t\t\t<div class=\"elementor-element elementor-element-594077f elementor-widget elementor-widget-heading\" data-id=\"594077f\" data-element_type=\"widget\" data-e-type=\"widget\" data-widget_type=\"heading.default\">\n\t\t\t\t\t<h2 class=\"elementor-heading-title elementor-size-default\">8. Liens vers des sites web tiers<\/h2>\t\t\t\t<\/div>\n\t\t\t\t<div class=\"elementor-element elementor-element-79de356 elementor-widget elementor-widget-text-editor\" data-id=\"79de356\" data-element_type=\"widget\" data-e-type=\"widget\" data-widget_type=\"text-editor.default\">\n\t\t\t\t\t\t\t\t\t<p data-start=\"3964\" data-end=\"4048\">Le site peut contenir des liens vers des sites tiers.<br data-start=\"4019\" data-end=\"4022\">A Meridiano Aprumado, Lda :<\/p><ul data-start=\"4050\" data-end=\"4176\"><li data-start=\"4050\" data-end=\"4067\"><p data-start=\"4052\" data-end=\"4067\">ne contr\u00f4le pas,<\/p><\/li><li data-start=\"4068\" data-end=\"4084\"><p data-start=\"4070\" data-end=\"4084\">ne garantit pas,<\/p><\/li><li data-start=\"4085\" data-end=\"4176\"><p data-start=\"4087\" data-end=\"4176\">Il n\u2019assume pas non plus la responsabilit\u00e9 du contenu, des politiques, de la s\u00e9curit\u00e9 ou des pratiques de ces sites.<\/p><\/li><\/ul><p data-start=\"4178\" data-end=\"4232\">Vous acc\u00e9dez \u00e0 ces liens \u00e0 vos risques et p\u00e9rils.<\/p>\t\t\t\t\t\t\t\t<\/div>\n\t\t\t\t<div class=\"elementor-element elementor-element-3912c8b elementor-widget elementor-widget-heading\" data-id=\"3912c8b\" data-element_type=\"widget\" data-e-type=\"widget\" data-widget_type=\"heading.default\">\n\t\t\t\t\t<h2 class=\"elementor-heading-title elementor-size-default\">9. Protection des donn\u00e9es et confidentialit\u00e9<\/h2>\t\t\t\t<\/div>\n\t\t\t\t<div class=\"elementor-element elementor-element-929e4d2 elementor-widget elementor-widget-text-editor\" data-id=\"929e4d2\" data-element_type=\"widget\" data-e-type=\"widget\" data-widget_type=\"text-editor.default\">\n\t\t\t\t\t\t\t\t\t<p data-start=\"4282\" data-end=\"4339\">L\u2019utilisation du site web implique la lecture et l\u2019acceptation de :<\/p><ul data-start=\"4341\" data-end=\"4398\"><li data-start=\"4341\" data-end=\"4372\"><p data-start=\"4343\" data-end=\"4372\"><strong data-start=\"4343\" data-end=\"4370\">Politique de confidentialit\u00e9<\/strong><\/p><\/li><li data-start=\"4373\" data-end=\"4398\"><p data-start=\"4375\" data-end=\"4398\"><strong data-start=\"4375\" data-end=\"4398\">Politique des cookies<\/strong><\/p><\/li><\/ul><p data-start=\"4400\" data-end=\"4582\">Ces politiques sont disponibles sur le site web et d\u00e9finissent la mani\u00e8re dont nous traitons les donn\u00e9es personnelles des utilisateurs, conform\u00e9ment <strong data-start=\"4527\" data-end=\"4581\">au R\u00e8glement g\u00e9n\u00e9ral sur la protection des donn\u00e9es (RGPD).<\/strong><\/p>\t\t\t\t\t\t\t\t<\/div>\n\t\t\t\t<div class=\"elementor-element elementor-element-d22e7b8 elementor-widget elementor-widget-heading\" data-id=\"d22e7b8\" data-element_type=\"widget\" data-e-type=\"widget\" data-widget_type=\"heading.default\">\n\t\t\t\t\t<h2 class=\"elementor-heading-title elementor-size-default\">10. R\u00e9solution alternative des litiges (ADR)<\/h2>\t\t\t\t<\/div>\n\t\t\t\t<div class=\"elementor-element elementor-element-75b0777 elementor-widget elementor-widget-text-editor\" data-id=\"75b0777\" data-element_type=\"widget\" data-e-type=\"widget\" data-widget_type=\"text-editor.default\">\n\t\t\t\t\t\t\t\t\t<p data-start=\"4720\" data-end=\"4920\">En cas de litige de consommation, l\u2019utilisateur peut se tourner vers une entit\u00e9 de r\u00e9solution alternative des litiges.<br data-start=\"4832\" data-end=\"4835\">La liste des entit\u00e9s ADR est disponible \u00e0 l\u2019adresse suivante :<br data-start=\"4884\" data-end=\"4887\">https:\/\/www.consumidor.gov.pt\/<\/p><p data-start=\"4922\" data-end=\"5056\">Meridiano Aprumado, Lda informe \u00e9galement qu\u2019il n\u2019est ni oblig\u00e9, ni engag\u00e9, \u00e0 respecter un m\u00e9canisme sp\u00e9cifique d\u2019ADR.<\/p>\t\t\t\t\t\t\t\t<\/div>\n\t\t\t\t<div class=\"elementor-element elementor-element-21a064f elementor-widget elementor-widget-heading\" data-id=\"21a064f\" data-element_type=\"widget\" data-e-type=\"widget\" data-widget_type=\"heading.default\">\n\t\t\t\t\t<h2 class=\"elementor-heading-title elementor-size-default\">11. Modifications des termes<\/h2>\t\t\t\t<\/div>\n\t\t\t\t<div class=\"elementor-element elementor-element-641a746 elementor-widget elementor-widget-text-editor\" data-id=\"641a746\" data-element_type=\"widget\" data-e-type=\"widget\" data-widget_type=\"text-editor.default\">\n\t\t\t\t\t\t\t\t\t<p data-start=\"5099\" data-end=\"5284\">Meridiano Aprumado, Lda peut mettre \u00e0 jour ou modifier ces Conditions G\u00e9n\u00e9rales \u00e0 tout moment.<br data-start=\"5202\" data-end=\"5205\">La version mise \u00e0 jour sera publi\u00e9e sur le site web avec une indication de la date de r\u00e9vision.<\/p><p data-start=\"5286\" data-end=\"5371\">L\u2019utilisation continue du site apr\u00e8s publication constitue une acceptation des modifications.<\/p>\t\t\t\t\t\t\t\t<\/div>\n\t\t\t\t\t<\/div>\n\t\t\t\t<\/div>\n\t\t\t\t<\/div>\n\t\t","protected":false},"excerpt":{"rendered":"<p>Conditions d\u2019utilisation Derni\u00e8re mise \u00e0 jour : 4 d\u00e9cembre 2025Responsable: Meridiano Aprumado, LdaQuartier g\u00e9n\u00e9ral : Estrada do Sineiro, n\u00b0 48, 6200-209 Covilh\u00e3, PortugalEmail : management@inspectone.ptT\u00e9l\u00e9phone : +351 928 406 094 1. Acceptation des conditions En acc\u00e9dant ou en utilisant le site web InspectOne (ci-apr\u00e8s \u00ab Site Web \u00bb), l\u2019utilisateur d\u00e9clare avoir lu, compris et accept\u00e9 [&hellip;]<\/p>\n","protected":false},"author":1,"featured_media":0,"parent":0,"menu_order":0,"comment_status":"closed","ping_status":"closed","template":"","meta":{"footnotes":""},"class_list":["post-5770","page","type-page","status-publish","hentry"],"_links":{"self":[{"href":"https:\/\/inspectone.pt\/fr\/wp-json\/wp\/v2\/pages\/5770","targetHints":{"allow":["GET"]}}],"collection":[{"href":"https:\/\/inspectone.pt\/fr\/wp-json\/wp\/v2\/pages"}],"about":[{"href":"https:\/\/inspectone.pt\/fr\/wp-json\/wp\/v2\/types\/page"}],"author":[{"embeddable":true,"href":"https:\/\/inspectone.pt\/fr\/wp-json\/wp\/v2\/users\/1"}],"replies":[{"embeddable":true,"href":"https:\/\/inspectone.pt\/fr\/wp-json\/wp\/v2\/comments?post=5770"}],"version-history":[{"count":3,"href":"https:\/\/inspectone.pt\/fr\/wp-json\/wp\/v2\/pages\/5770\/revisions"}],"predecessor-version":[{"id":5836,"href":"https:\/\/inspectone.pt\/fr\/wp-json\/wp\/v2\/pages\/5770\/revisions\/5836"}],"wp:attachment":[{"href":"https:\/\/inspectone.pt\/fr\/wp-json\/wp\/v2\/media?parent=5770"}],"curies":[{"name":"wp","href":"https:\/\/api.w.org\/{rel}","templated":true}]}}